{"id":3,"date":"2020-10-28T16:01:18","date_gmt":"2020-10-28T15:01:18","guid":{"rendered":"http:\/\/jpsoqae.cluster030.hosting.ovh.net\/?page_id=3"},"modified":"2021-09-25T15:09:09","modified_gmt":"2021-09-25T13:09:09","slug":"politique-de-confidentialite","status":"publish","type":"page","link":"https:\/\/www.loisir.tiki-factory.com\/en\/politique-de-confidentialite","title":{"rendered":"Privacy policy"},"content":{"rendered":"<h3><strong>CHARTE TIKI FACTORY SUR LA PROTECTION DES DONNEES PERSONNELLES<\/strong><\/h3>\r\n<p>La soci\u00e9t\u00e9 TIKI FACTORY (ci-apr\u00e8s d\u00e9sign\u00e9 par \u00ab TIKI FACTORY \u00bb) se r\u00e9serve la possibilit\u00e9 de modifier cette Charte \u00e0 tout moment. Nous vous demandons par cons\u00e9quent d&rsquo;en prendre r\u00e9guli\u00e8rement connaissance.<\/p>\r\n<p>Le responsable du traitement est la Soci\u00e9t\u00e9 TIKI FACTORY, dont le si\u00e8ge social se situe 41 rue MAILLARDIERE \u2013 35770 Vern sur seiche &#8211; France.<\/p>\r\n<h3><strong>1. D\u00e9claration de confidentialit\u00e9 et de respect de la vie priv\u00e9e<\/strong><\/h3>\r\n<p>TIKI FACTORY s&rsquo;engage \u00e0 prot\u00e9ger la confidentialit\u00e9 des donn\u00e9es personnelles que vous pouvez communiquer en ligne sur le site. Cette Charte a \u00e9t\u00e9 \u00e9labor\u00e9e afin que vous puissiez naviguer sur ce site en toute confiance. Sa finalit\u00e9 est de vous renseigner sur les informations susceptibles d&rsquo;\u00eatre collect\u00e9es et sur l&rsquo;usage qui peut en \u00eatre fait. Elle vous informe aussi de vos droits sur les donn\u00e9es personnelles vous concernant qui ont \u00e9t\u00e9 recueillies.<br \/>En communiquant des informations \u00e0 caract\u00e8re personnel vous concernant, vous donnez votre accord au responsable du traitement pour la collecte et le traitement de ces informations.<\/p>\r\n<h3><strong>2. Utilisation des donn\u00e9es personnelles collect\u00e9es<\/strong><\/h3>\r\n<p>Le site respecte les lois fran\u00e7aises sur la protection de la vie priv\u00e9e et est conforme \u00e0 la Directive Europ\u00e9enne 95\/46\/EC relative \u00e0 la protection des personnes physiques \u00e0 l&rsquo;\u00e9gard du traitement des donn\u00e9es \u00e0 caract\u00e8re personnel et \u00e0 la libre circulation de ces donn\u00e9es. Sur demande, vous disposez d&rsquo;un droit d&rsquo;acc\u00e8s, de rectification ou de radiation de vos donn\u00e9es.<br \/>Vous avez \u00e9galement la possibilit\u00e9 de vous opposer \u00e0 figurer dans un fichier ou refuser la communication des informations qui vous concernent \u00e0 des tiers, ainsi qu\u2019un droit d\u2019information relative \u00e0 l\u2019utilisation qui est faite des informations \u00e0 caract\u00e8re personnel vous concernant.<\/p>\r\n<p>Vous pouvez \u00a0exercer les droits pr\u00e9cit\u00e9s en contactant\u00a0:<br \/>TIKI FACTORY, dont le si\u00e8ge social se situe 41 rue MAILLARDIERE \u2013 35700 Vern sur seiche France<\/p>\r\n<p>n\u00b0 SIRET : 80086973700018<br \/><br \/>Il peut vous \u00eatre demand\u00e9 de nous communiquer volontairement des informations \u00e0 caract\u00e8re personnel telles que vos nom, adresse, sexe, \u00e2ge, photo et adresse e-mail, ainsi que celles de vos enfants. Ces informations sont n\u00e9cessaires pour nous permettre de vous personnaliser un espace sur notre site, de r\u00e9pondre \u00e0 vos commentaires ou demandes de renseignements et permettre votre participation aux jeux concours et promotions organis\u00e9s sur le site.<br \/>A d\u00e9faut de communication de ces informations, vous ne pourrez pas b\u00e9n\u00e9ficier de certains services propos\u00e9s sur notre site. Notez bien qu&rsquo;il n&rsquo;est pas dans notre intention de vous adresser spontan\u00e9ment des e-mails, c&rsquo;est-\u00e0-dire sans que vous n&rsquo;ayez sollicit\u00e9 une r\u00e9ponse de notre part ou que vous ne soyez inscrit \u00e0 une de nos newsletter.<\/p>\r\n<h3><strong>3. Utilisation des donn\u00e9es non personnelles collect\u00e9es; Plateformes de tiers<\/strong><\/h3>\r\n<p>Notre site utilise des \u00e9l\u00e9ments tiers, tels que Google Analytics pour l\u2019analyse statistique du site et Facebook avec ses boutons \u00ab\u00a0like\u00a0\u00bb et \u00ab\u00a0share\u00a0\u00bb. Nous pouvons \u00eatre amen\u00e9s \u00e0 collecter ces donn\u00e9es techniques non-personnelles \u00e0 l\u2019aide de cookies ou d\u2019autres technologies des plateformes tierces, tel que celles mentionn\u00e9es dans ce paragraphe. Les donn\u00e9es techniques peuvent inclure votre adresse IP, votre itin\u00e9raire de navigation, votre syst\u00e8me d\u2019exploitation, et d\u2019autres donn\u00e9es non personnelles. Lorsque vous interagissez en utilisant des fonctionnalit\u00e9s \u00ab\u00a0like\u00a0\u00bb ou \u00ab\u00a0share\u00a0\u00bb de plateformes tierces (Facebook), celles-ci peuvent enregistrer votre interaction. Ces plateformes ont leurs propres politiques de donn\u00e9es personnelles qui vous informent sur l\u2019utilisation des donn\u00e9es collect\u00e9es.<\/p>\r\n<h3><strong>4. Liens vers ou depuis d&rsquo;autres sites web<\/strong><\/h3>\r\n<p>Le site peut contenir des liens vers d&rsquo;autres sites web. TIKI FACTORY n&rsquo;a pas la ma\u00eetrise de ces autres sites, et ne peut en surveiller ou en v\u00e9rifier le contenu. Il vous appartient donc de prendre connaissance des engagements de chaque site web que vous visitez.<\/p>\r\n<h3><strong>5. Divulgation des informations personnelles \u00e0 des tiers<\/strong><\/h3>\r\n<p>Nous nous r\u00e9servons le droit de mettre \u00e0 la disposition de nos fournisseurs de services les donn\u00e9es personnelles recueillies, tel que, par exemple, nos fournisseurs d\u2019h\u00e9bergement web, afin qu\u2019ils puissent administrer les offres promotionnelles ou r\u00e9pondre aux demandes de service. Nous nous r\u00e9servons \u00e9galement le droit de divulguer, en tout ou en partie, les donn\u00e9es personnelles recueillies, tel que d\u00e9crites ci-haut, \u00e0 des tiers n\u2019\u00e9tant pas affili\u00e9s mais dont le r\u00f4le est de r\u00e9aliser les services d\u00e9crits dans cette politique en notre nom, ou de nous assister dans la prestation desdits services.<br \/><br \/>Les fournisseurs de services peuvent conserver les informations n\u00e9cessaires \u00e0 leur prestation de services mais ils ne sont pas autoris\u00e9s \u00e0 utiliser ou divulguer les donn\u00e9es dans le cadre de leur marketing, ou pour tout autre raison, \u00e0 moins d\u2019avoir obtenu votre accord pr\u00e9alable. Lorsque nous divulguons vos informations personnelles \u00e0 des tiers, nous exigeons qu\u2019ils aient en place des m\u00e9thodes de protection de donn\u00e9es respectant notre politique ainsi que les lois en vigueur.<\/p>\r\n<h3><strong>6. Confidentialit\u00e9 des informations fournies par les enfants mineurs<\/strong><\/h3>\r\n<p>Le site web est destin\u00e9 \u00e0 un public d\u2019adultes, amateurs de sport de glisse.<br \/>Bien que des visiteurs de tous \u00e2ges peuvent naviguer sur notre site web, nous ne collectons pas sciemment les donn\u00e9es personnelles de mineurs sans l\u2019accord de leur repr\u00e9sentant l\u00e9gal. Si vous \u00eates le parent ou le tuteur l\u00e9gal d\u2019un mineur nous ayant fourni des informations personnelles, vous pouvez nous contacter dans le but d\u2019effacer ces donn\u00e9es personnelles.<\/p>\r\n<h3><strong>Do Not Track<\/strong><\/h3>\r\n<p>Nous ne participons pas \u00e0 des activit\u00e9s commun\u00e9ment appel\u00e9es \u00ab\u00a0publicit\u00e9 comportementale\u00a0\u00bb et par d\u00e9faut nous ne suivons pas votre activit\u00e9 sur d\u2019autres sites internet. Certains navigateurs ont mis en place une fonctionnalit\u00e9 appel\u00e9e \u00ab\u00a0do not track\u00a0\u00bb qui permet d\u2019indiquer aux sites que vous visitez que vous ne souhaitez pas \u00eatre suivi. Cette fonctionnalit\u00e9\u00a0 n\u2019est pas uniform\u00e9ment activ\u00e9e et notre site n\u2019est actuellement pas configur\u00e9 pour r\u00e9pondre \u00e0 ce signal.<\/p>\r\n<h2><strong>LES COOKIES<\/strong><\/h2>\r\n<h3><strong>1. L&rsquo;utilisation des Cookies par ce site<\/strong><\/h3>\r\n<p>Comme beaucoup d&rsquo;autres sites Internet, nous pouvons \u00eatre amen\u00e9s \u00e0 installer divers \u00ab\u00a0cookies\u00a0\u00bb dans votre terminal pour collecter et enregistrer les informations concernant l&rsquo;utilisation de ce site. Les cookies sont con\u00e7us pour nous aider \u00e0 vous reconna\u00eetre comme un pr\u00e9c\u00e9dent utilisateur du site afin de vous offrir le service le plus adapt\u00e9 et personnalis\u00e9 \u00e0 votre profil, et d&rsquo;augmenter ainsi votre plaisir de visiter \u00e0 nouveau ce site.<br \/>Les cookies que nous utilisons ne peuvent pas extraire de votre disque dur des informations personnelles permettant de vous identifier autrement que sous forme de cookies, ni transmettre de virus informatique. Les cookies nous permettent, par exemple,<br \/><br \/>d\u2019\u00e9tablir des statistiques et volumes de fr\u00e9quentation et d\u2019utilisation des divers \u00e9l\u00e9ments composant notre site (rubriques et contenus visit\u00e9s, parcours) nous permettant d\u2019am\u00e9liorer l\u2019int\u00e9r\u00eat et l\u2019ergonomie de nos services\u00a0; pour ce faire, nous pouvons utiliser Google Analytics ou tout autre similaire outil d\u2019analyse. L\u2019information collect\u00e9e est agr\u00e9g\u00e9e et ne permet pas une identification individuelle. Pour en savoir plus sur Google Analytics :\u00a0<a href=\"http:\/\/www.google.com\/analytics\/learn\/privacy.html\">http:\/\/www.google.com\/analytics\/learn\/privacy.html<\/a>.<br \/>d\u2019adapter la pr\u00e9sentation de notre site aux pr\u00e9f\u00e9rences d\u2019affichage de votre terminal (langue utilis\u00e9e, r\u00e9solution d\u2019affichage, syst\u00e8me d\u2019exploitation utilis\u00e9, etc) lors de vos visites sur notre site, selon les mat\u00e9riels et les logiciels de visualisation ou de lecture que votre terminal comporte\u00a0;<br \/>de personnaliser les pages d&rsquo;accueil en sauvegardant les pr\u00e9f\u00e9rences que vous pouvez \u00e9mettre lors d&rsquo;une pr\u00e9c\u00e9dente visite de notre site.<br \/>de mettre en \u0153uvre des mesures de s\u00e9curit\u00e9, par exemple lorsqu\u2019il vous est demand\u00e9 de vous connecter \u00e0 nouveau \u00e0 un contenu ou \u00e0 un service apr\u00e8s un certain laps de temps<br \/>ou encore d\u2019identifier les rubriques du site que vous avez visit\u00e9es, de suivre l&rsquo;\u00e9volution de vos pr\u00e9f\u00e9rences, ou de suivre votre cheminement \u00e0 travers nos pages web.<br \/>d&rsquo;adapter les contenus publicitaires affich\u00e9s sur votre terminal dans nos espaces publicitaires en fonction des donn\u00e9es personnelles que vous nous avez fournies<br \/>de m\u00e9moriser des informations relatives \u00e0 un formulaire que vous avez rempli sur notre site afin de vous permettre d\u2019acc\u00e9der \u00e0 des espaces r\u00e9serves et personnels de notre site (votre compte)<br \/><br \/>Nous utilisons les cookies seulement pour recueillir les informations mentionn\u00e9es dans cette Charte et, en aucune fa\u00e7on, des informations \u00e0 caract\u00e8re personnel ou nominatives permettant de vous identifier sans votre consentement<br \/>Vous avez la possibilit\u00e9 d&rsquo;intervenir pour g\u00e9rer les cookies, par les moyens d\u00e9crits ci-dessous. Toutefois, il est probable alors que vous rencontriez des difficult\u00e9s pour naviguer sur ce site.<br \/><br \/>Vous pouvez notamment configurer votre logiciel de navigation de mani\u00e8re \u00e0 ce que des cookies soient enregistr\u00e9s dans votre terminal ou, au contraire, qu\u2019ils soient rejet\u00e9s, soit syst\u00e9matiquement, soit selon leur \u00e9metteur. Vous pouvez \u00e9galement configurer votre logiciel de navigation de mani\u00e8re \u00e0 ce que l\u2019acceptation ou le refus des cookies vous soient propos\u00e9s ponctuellement, avant qu\u2019un cookie soit susceptible d\u2019\u00eatre enregistr\u00e9 dans votre terminal.<br \/><br \/>La configuration de chaque navigateur est diff\u00e9rente et d\u00e9crite dans le menu d\u2019aide de votre navigateur.<br \/>Concernant les cookies \u00ab\u00a0Flash\u00a0\u00bb\u00a9 de \u00ab\u00a0Adobe Flash Player\u00a0\u00bb\u2122, ils\u00a0sont g\u00e9r\u00e9s via une interface diff\u00e9rente de celle fournie par votre logiciel de navigation.\u00a0\u00bbAdobe Flash Player\u00a0\u00bb\u2122 est une application informatique qui permet le d\u00e9veloppement rapide des contenus dynamiques utilisant le langage informatique \u00ab\u00a0Flash\u00a0\u00bb. Flash (et les applications de m\u00eame type) m\u00e9morise les param\u00e8tres, les pr\u00e9f\u00e9rences et l&rsquo;utilisation de ces contenus gr\u00e2ce \u00e0 une technologie similaire aux cookies. Dans la mesure o\u00f9 votre terminal serait susceptible de visualiser des contenus d\u00e9velopp\u00e9s avec le langage Flash, nous vous invitons \u00e0 acc\u00e9der \u00e0 vos outils de gestion des cookies Flash, directement depuis le site http:\/\/www.adobe.com\/fr\/.<br \/>Enfin, vous pouvez vous connecter sur le site\u00a0<a href=\"http:\/\/www.youronlinechoices.com\/\">youronlinechoices.com<\/a>, cr\u00e9\u00e9 par des associations de professionnels, et suivre les instructions propos\u00e9es par ce site pour vous aider \u00e0 contr\u00f4ler, autoriser ou bloquer les cookies d\u00e9tenus dans votre terminal.<\/p>\r\n<h3><strong>2. Les Cookies \u00e9mis sur notre site par des tiers<\/strong><\/h3>\r\n<p>L&rsquo;\u00e9mission et l&rsquo;utilisation de cookies par des tiers, sont soumises aux politiques de protection de la vie priv\u00e9e de ces tiers.<br \/>Nous sommes susceptibles d&rsquo;inclure sur notre site, des applications informatiques \u00e9manant de tiers, qui vous permettent de partager des contenus de notre Site avec d&rsquo;autres personnes ou de faire conna\u00eetre \u00e0 ces autres personnes votre consultation ou votre opinion concernant un contenu de notre site. Tel est notamment le cas des boutons \u00ab\u00a0Partager\u00a0\u00bb, \u00ab\u00a0J&rsquo;aime\u00a0\u00bb, issus de r\u00e9seaux sociaux tels que Facebook \u00ab\u00a0Twitter\u00a0\u00bb, LinkedIn\u00a0\u00bb, \u00ab\u00a0Viadeo\u00a0\u00bb, etc.<br \/>Le r\u00e9seau social fournissant un tel bouton applicatif est susceptible de vous identifier gr\u00e2ce \u00e0 ce bouton, m\u00eame si vous n&rsquo;avez pas utilis\u00e9s ce bouton lors de votre consultation de notre site. En effet, ce type de bouton applicatif peut permettre au r\u00e9seau social concern\u00e9 de suivre votre navigation sur notre site, du seul fait que votre compte au r\u00e9seau social concern\u00e9 \u00e9tait activ\u00e9 sur votre terminal (session ouverte) durant votre navigation sur notre site.<br \/>Nous n&rsquo;avons aucun contr\u00f4le sur le processus employ\u00e9 par les r\u00e9seaux sociaux pour collecter des informations relatives \u00e0 votre navigation sur notre site et associ\u00e9es aux donn\u00e9es personnelles dont ils disposent. Nous vous invitons \u00e0 consulter les politiques de protection de la vie priv\u00e9e de ces r\u00e9seaux sociaux afin de prendre connaissance des finalit\u00e9s d&rsquo;utilisation, notamment publicitaires, des informations de navigation qu&rsquo;ils peuvent recueillir gr\u00e2ce \u00e0 ces boutons applicatifs. Ces politiques de protection doivent notamment vous permettre d&rsquo;exercer vos choix aupr\u00e8s de ces r\u00e9seaux sociaux, notamment en param\u00e9trant vos comptes d&rsquo;utilisation de chacun de ces r\u00e9seaux.<\/p>","protected":false},"excerpt":{"rendered":"<p>CHARTE TIKI FACTORY SUR LA PROTECTION DES DONNEES PERSONNELLES La soci\u00e9t\u00e9 TIKI FACTORY (ci-apr\u00e8s d\u00e9sign\u00e9 par \u00ab TIKI FACTORY \u00bb) se r\u00e9serve la possibilit\u00e9 de modifier cette Charte \u00e0 tout moment. Nous vous demandons par cons\u00e9quent d&rsquo;en prendre r\u00e9guli\u00e8rement connaissance. Le responsable du traitement est la Soci\u00e9t\u00e9 TIKI FACTORY, dont le si\u00e8ge social se situe [&hellip;]<\/p>\n","protected":false},"author":1,"featured_media":0,"parent":0,"menu_order":0,"comment_status":"closed","ping_status":"open","template":"","meta":[],"yoast_head":"<!-- This site is optimized with the Yoast SEO plugin v21.1 - https:\/\/yoast.com\/wordpress\/plugins\/seo\/ -->\n<title>TIKI FACTORY LOISIRS ~ Politique de confidentialit\u00e9<\/title>\n<meta name=\"robots\" content=\"index, follow, max-snippet:-1, max-image-preview:large, max-video-preview:-1\" \/>\n<link rel=\"canonical\" href=\"https:\/\/www.loisir.tiki-factory.com\/en\/politique-de-confidentialite\" \/>\n<meta property=\"og:locale\" content=\"en_GB\" \/>\n<meta property=\"og:type\" content=\"article\" \/>\n<meta property=\"og:title\" content=\"TIKI FACTORY LOISIRS ~ Politique de confidentialit\u00e9\" \/>\n<meta property=\"og:description\" content=\"CHARTE TIKI FACTORY SUR LA PROTECTION DES DONNEES PERSONNELLES La soci\u00e9t\u00e9 TIKI FACTORY (ci-apr\u00e8s d\u00e9sign\u00e9 par \u00ab TIKI FACTORY \u00bb) se r\u00e9serve la possibilit\u00e9 de modifier cette Charte \u00e0 tout moment. Nous vous demandons par cons\u00e9quent d&rsquo;en prendre r\u00e9guli\u00e8rement connaissance. Le responsable du traitement est la Soci\u00e9t\u00e9 TIKI FACTORY, dont le si\u00e8ge social se situe [&hellip;]\" \/>\n<meta property=\"og:url\" content=\"https:\/\/www.loisir.tiki-factory.com\/en\/politique-de-confidentialite\" \/>\n<meta property=\"og:site_name\" content=\"TIKI FACTORY LOISIRS\" \/>\n<meta property=\"article:publisher\" content=\"https:\/\/www.facebook.com\/TIKI-Factory-472166199484072\" \/>\n<meta property=\"article:modified_time\" content=\"2021-09-25T13:09:09+00:00\" \/>\n<meta name=\"twitter:card\" content=\"summary_large_image\" \/>\n<meta name=\"twitter:label1\" content=\"Estimated reading time\" \/>\n\t<meta name=\"twitter:data1\" content=\"8 minutes\" \/>\n<script type=\"application\/ld+json\" class=\"yoast-schema-graph\">{\"@context\":\"https:\/\/schema.org\",\"@graph\":[{\"@type\":\"WebPage\",\"@id\":\"https:\/\/www.loisir.tiki-factory.com\/en\/politique-de-confidentialite\",\"url\":\"https:\/\/www.loisir.tiki-factory.com\/en\/politique-de-confidentialite\",\"name\":\"TIKI FACTORY LOISIRS ~ Politique de confidentialit\u00e9\",\"isPartOf\":{\"@id\":\"https:\/\/www.loisir.tiki-factory.com\/en\/#website\"},\"datePublished\":\"2020-10-28T15:01:18+00:00\",\"dateModified\":\"2021-09-25T13:09:09+00:00\",\"breadcrumb\":{\"@id\":\"https:\/\/www.loisir.tiki-factory.com\/en\/politique-de-confidentialite#breadcrumb\"},\"inLanguage\":\"en-GB\",\"potentialAction\":[{\"@type\":\"ReadAction\",\"target\":[\"https:\/\/www.loisir.tiki-factory.com\/en\/politique-de-confidentialite\"]}]},{\"@type\":\"BreadcrumbList\",\"@id\":\"https:\/\/www.loisir.tiki-factory.com\/en\/politique-de-confidentialite#breadcrumb\",\"itemListElement\":[{\"@type\":\"ListItem\",\"position\":1,\"name\":\"Accueil\",\"item\":\"https:\/\/www.loisir.tiki-factory.com\/\"},{\"@type\":\"ListItem\",\"position\":2,\"name\":\"Politique de confidentialit\u00e9\"}]},{\"@type\":\"WebSite\",\"@id\":\"https:\/\/www.loisir.tiki-factory.com\/en\/#website\",\"url\":\"https:\/\/www.loisir.tiki-factory.com\/en\/\",\"name\":\"TIKI FACTORY LOISIRS\",\"description\":\"Vente de paddles et accessoires en ligne pour les loisirs\",\"publisher\":{\"@id\":\"https:\/\/www.loisir.tiki-factory.com\/en\/#organization\"},\"potentialAction\":[{\"@type\":\"SearchAction\",\"target\":{\"@type\":\"EntryPoint\",\"urlTemplate\":\"https:\/\/www.loisir.tiki-factory.com\/en\/?s={search_term_string}\"},\"query-input\":\"required name=search_term_string\"}],\"inLanguage\":\"en-GB\"},{\"@type\":\"Organization\",\"@id\":\"https:\/\/www.loisir.tiki-factory.com\/en\/#organization\",\"name\":\"TIKI FACTORY\",\"url\":\"https:\/\/www.loisir.tiki-factory.com\/en\/\",\"logo\":{\"@type\":\"ImageObject\",\"inLanguage\":\"en-GB\",\"@id\":\"https:\/\/www.loisir.tiki-factory.com\/en\/#\/schema\/logo\/image\/\",\"url\":\"https:\/\/www.loisir.tiki-factory.com\/wp-content\/uploads\/2020\/12\/image-partage-facebook-tiki-factory.jpg\",\"contentUrl\":\"https:\/\/www.loisir.tiki-factory.com\/wp-content\/uploads\/2020\/12\/image-partage-facebook-tiki-factory.jpg\",\"width\":1200,\"height\":629,\"caption\":\"TIKI FACTORY\"},\"image\":{\"@id\":\"https:\/\/www.loisir.tiki-factory.com\/en\/#\/schema\/logo\/image\/\"},\"sameAs\":[\"https:\/\/www.facebook.com\/TIKI-Factory-472166199484072\",\"https:\/\/www.youtube.com\/channel\/UCDhHkHdueO5AGNLAVD8VZsg\"]}]}<\/script>\n<!-- \/ Yoast SEO plugin. -->","yoast_head_json":{"title":"TIKI FACTORY LOISIRS ~ Politique de confidentialit\u00e9","robots":{"index":"index","follow":"follow","max-snippet":"max-snippet:-1","max-image-preview":"max-image-preview:large","max-video-preview":"max-video-preview:-1"},"canonical":"https:\/\/www.loisir.tiki-factory.com\/en\/politique-de-confidentialite","og_locale":"en_GB","og_type":"article","og_title":"TIKI FACTORY LOISIRS ~ Politique de confidentialit\u00e9","og_description":"CHARTE TIKI FACTORY SUR LA PROTECTION DES DONNEES PERSONNELLES La soci\u00e9t\u00e9 TIKI FACTORY (ci-apr\u00e8s d\u00e9sign\u00e9 par \u00ab TIKI FACTORY \u00bb) se r\u00e9serve la possibilit\u00e9 de modifier cette Charte \u00e0 tout moment. Nous vous demandons par cons\u00e9quent d&rsquo;en prendre r\u00e9guli\u00e8rement connaissance. Le responsable du traitement est la Soci\u00e9t\u00e9 TIKI FACTORY, dont le si\u00e8ge social se situe [&hellip;]","og_url":"https:\/\/www.loisir.tiki-factory.com\/en\/politique-de-confidentialite","og_site_name":"TIKI FACTORY LOISIRS","article_publisher":"https:\/\/www.facebook.com\/TIKI-Factory-472166199484072","article_modified_time":"2021-09-25T13:09:09+00:00","twitter_card":"summary_large_image","twitter_misc":{"Estimated reading time":"8 minutes"},"schema":{"@context":"https:\/\/schema.org","@graph":[{"@type":"WebPage","@id":"https:\/\/www.loisir.tiki-factory.com\/en\/politique-de-confidentialite","url":"https:\/\/www.loisir.tiki-factory.com\/en\/politique-de-confidentialite","name":"TIKI FACTORY LOISIRS ~ Politique de confidentialit\u00e9","isPartOf":{"@id":"https:\/\/www.loisir.tiki-factory.com\/en\/#website"},"datePublished":"2020-10-28T15:01:18+00:00","dateModified":"2021-09-25T13:09:09+00:00","breadcrumb":{"@id":"https:\/\/www.loisir.tiki-factory.com\/en\/politique-de-confidentialite#breadcrumb"},"inLanguage":"en-GB","potentialAction":[{"@type":"ReadAction","target":["https:\/\/www.loisir.tiki-factory.com\/en\/politique-de-confidentialite"]}]},{"@type":"BreadcrumbList","@id":"https:\/\/www.loisir.tiki-factory.com\/en\/politique-de-confidentialite#breadcrumb","itemListElement":[{"@type":"ListItem","position":1,"name":"Accueil","item":"https:\/\/www.loisir.tiki-factory.com\/"},{"@type":"ListItem","position":2,"name":"Politique de confidentialit\u00e9"}]},{"@type":"WebSite","@id":"https:\/\/www.loisir.tiki-factory.com\/en\/#website","url":"https:\/\/www.loisir.tiki-factory.com\/en\/","name":"TIKI FACTORY LOISIRS","description":"Vente de paddles et accessoires en ligne pour les loisirs","publisher":{"@id":"https:\/\/www.loisir.tiki-factory.com\/en\/#organization"},"potentialAction":[{"@type":"SearchAction","target":{"@type":"EntryPoint","urlTemplate":"https:\/\/www.loisir.tiki-factory.com\/en\/?s={search_term_string}"},"query-input":"required name=search_term_string"}],"inLanguage":"en-GB"},{"@type":"Organization","@id":"https:\/\/www.loisir.tiki-factory.com\/en\/#organization","name":"TIKI FACTORY","url":"https:\/\/www.loisir.tiki-factory.com\/en\/","logo":{"@type":"ImageObject","inLanguage":"en-GB","@id":"https:\/\/www.loisir.tiki-factory.com\/en\/#\/schema\/logo\/image\/","url":"https:\/\/www.loisir.tiki-factory.com\/wp-content\/uploads\/2020\/12\/image-partage-facebook-tiki-factory.jpg","contentUrl":"https:\/\/www.loisir.tiki-factory.com\/wp-content\/uploads\/2020\/12\/image-partage-facebook-tiki-factory.jpg","width":1200,"height":629,"caption":"TIKI FACTORY"},"image":{"@id":"https:\/\/www.loisir.tiki-factory.com\/en\/#\/schema\/logo\/image\/"},"sameAs":["https:\/\/www.facebook.com\/TIKI-Factory-472166199484072","https:\/\/www.youtube.com\/channel\/UCDhHkHdueO5AGNLAVD8VZsg"]}]}},"_links":{"self":[{"href":"https:\/\/www.loisir.tiki-factory.com\/en\/wp-json\/wp\/v2\/pages\/3"}],"collection":[{"href":"https:\/\/www.loisir.tiki-factory.com\/en\/wp-json\/wp\/v2\/pages"}],"about":[{"href":"https:\/\/www.loisir.tiki-factory.com\/en\/wp-json\/wp\/v2\/types\/page"}],"author":[{"embeddable":true,"href":"https:\/\/www.loisir.tiki-factory.com\/en\/wp-json\/wp\/v2\/users\/1"}],"replies":[{"embeddable":true,"href":"https:\/\/www.loisir.tiki-factory.com\/en\/wp-json\/wp\/v2\/comments?post=3"}],"version-history":[{"count":6,"href":"https:\/\/www.loisir.tiki-factory.com\/en\/wp-json\/wp\/v2\/pages\/3\/revisions"}],"predecessor-version":[{"id":2977,"href":"https:\/\/www.loisir.tiki-factory.com\/en\/wp-json\/wp\/v2\/pages\/3\/revisions\/2977"}],"wp:attachment":[{"href":"https:\/\/www.loisir.tiki-factory.com\/en\/wp-json\/wp\/v2\/media?parent=3"}],"curies":[{"name":"wp","href":"https:\/\/api.w.org\/{rel}","templated":true}]}}