{"id":1321,"date":"2020-11-17T12:44:32","date_gmt":"2020-11-17T11:44:32","guid":{"rendered":"https:\/\/www.loisir.tiki-factory.com\/produit\/turtle-kid-sans-pied-de-mat\/"},"modified":"2024-02-18T13:11:52","modified_gmt":"2024-02-18T12:11:52","slug":"turtle-kid-sans-pied-de-mat","status":"publish","type":"product","link":"https:\/\/www.loisir.tiki-factory.com\/en\/voiles-gonflables\/voiles\/voiles-turtle\/turtle-kid-sans-pied-de-mat","title":{"rendered":"TURTLE AIR KID"},"content":{"rendered":"<p><iframe loading=\"lazy\" title=\"Turtle Mast - Inflatable symmetrical rig - Finalist in the Paris Nautic innovation competition 2021\" width=\"980\" height=\"551\" src=\"https:\/\/www.youtube.com\/embed\/PHWVdsfN3IU?feature=oembed&#038;enablejsapi=1&#038;origin=https:\/\/www.loisir.tiki-factory.com\" frameborder=\"0\" allow=\"accelerometer; autoplay; clipboard-write; encrypted-media; gyroscope; picture-in-picture; web-share\" allowfullscreen><\/iframe><\/p>\n<p>DESCRIPTION TURTLE AIR KID inflatable sail 1.7 m2<br \/>\n- CHILD SIZE SAIL.<br \/>\nFabrication\u00a0: voiles gonflables faisant l\u2019objet de brevet INPI, technologie Drop Stitch\u00a0avec tissage sp\u00e9cial permettant de constituer une structure plus rigide qu\u2019une aile de kite\u00a0en vessie d\u2019air car gonfl\u00e9es jusqu\u2019\u00e0 15 psi. La technologie Drop Stitch permet de conserver\u00a0un profil stable . Elle permet aussi de d\u00e9housser \u00e0 loisir la voile.<br \/>\nElle est \u00e9quip\u00e9e d\u2019une valve quart de tour identique \u00e0 celle des sup permettant de contr\u00f4ler\u00a0la pression de gonflage et d\u2019utiliser une pompe \u00e0 main de stand up paddle.<br \/>\nWHY CHOOSE A TURTLE AIR KID INFLATABLE SAIL:<br \/>\nPour sa facilit\u00e9 d\u2019utilisation, la s\u00e9curit\u00e9 de l\u2019utilisateur et des tiers\u00a0; facile \u00e0 monter et\u00a0d\u00e9monter, peu d\u2019efforts pour relever le gr\u00e9ement et pas de risque de blessure. Facile \u00e0\u00a0man\u0153uvrer\u00a0: glissez, tournez, remontez au vent, virez, empannez en toute simplicit\u00e9 car<br \/>\ncontrairement aux gr\u00e9ements traditionnels la voile TURTLE AIR permet d\u2019effectuer un\u00a0empannage sans l\u00e2cher les mains du wishbone\u2026moins de chutes..\u00a0! (voir vid\u00e9o)<br \/>\nProgramme d\u2019utilisation\u00a0: initiation des plus jeunes sur planche de windsurf ou SUP\u00a0gonflable.<\/p>\n<p>&nbsp;<\/p>\n<p>Video of the adult turtle to get an idea<\/p>","protected":false},"excerpt":{"rendered":"<p>Inflatable rigging TURTLE AIR KID universal base without mast foot.<br \/>\nUse identical to a traditional tacking rig, two tacks<br \/>\nUse identical to a traditional tacking rig, two tacks<\/p>","protected":false},"featured_media":5095,"template":"","meta":[],"product_cat":[111,89,107],"product_tag":[],"yoast_head":"<!-- This site is optimized with the Yoast SEO plugin v21.1 - https:\/\/yoast.com\/wordpress\/plugins\/seo\/ -->\n<title>TIKI FACTORY LOISIRS ~ TURTLE AIR KID<\/title>\n<meta name=\"robots\" content=\"index, follow, max-snippet:-1, max-image-preview:large, max-video-preview:-1\" \/>\n<link rel=\"canonical\" href=\"https:\/\/www.loisir.tiki-factory.com\/en\/voiles-gonflables\/voiles\/voiles-turtle\/turtle-kid-sans-pied-de-mat\" \/>\n<meta property=\"og:locale\" content=\"en_GB\" \/>\n<meta property=\"og:type\" content=\"article\" \/>\n<meta property=\"og:title\" content=\"TIKI FACTORY LOISIRS ~ TURTLE AIR KID\" \/>\n<meta property=\"og:description\" content=\"Gr\u00e9ement gonflable TURTLE AIR KID embase universelle sans pied de mat. Utilisation identique \u00e0 un gr\u00e9ement traditionnel virement de bord ,deux amures (2 cot\u00e9s utilisables 2 wishbones)\" \/>\n<meta property=\"og:url\" content=\"https:\/\/www.loisir.tiki-factory.com\/en\/voiles-gonflables\/voiles\/voiles-turtle\/turtle-kid-sans-pied-de-mat\" \/>\n<meta property=\"og:site_name\" content=\"TIKI FACTORY LOISIRS\" \/>\n<meta property=\"article:publisher\" content=\"https:\/\/www.facebook.com\/TIKI-Factory-472166199484072\" \/>\n<meta property=\"article:modified_time\" content=\"2024-02-18T12:11:52+00:00\" \/>\n<meta property=\"og:image\" content=\"https:\/\/www.loisir.tiki-factory.com\/wp-content\/uploads\/2023\/02\/0E00763D-312D-4D31-8B22-24CECD704508.jpeg\" \/>\n\t<meta property=\"og:image:width\" content=\"960\" \/>\n\t<meta property=\"og:image:height\" content=\"960\" \/>\n\t<meta property=\"og:image:type\" content=\"image\/jpeg\" \/>\n<meta name=\"twitter:card\" content=\"summary_large_image\" \/>\n<meta name=\"twitter:label1\" content=\"Estimated reading time\" \/>\n\t<meta name=\"twitter:data1\" content=\"1 minute\" \/>\n<script type=\"application\/ld+json\" class=\"yoast-schema-graph\">{\"@context\":\"https:\/\/schema.org\",\"@graph\":[{\"@type\":\"WebPage\",\"@id\":\"https:\/\/www.loisir.tiki-factory.com\/en\/voiles-gonflables\/voiles\/voiles-turtle\/turtle-kid-sans-pied-de-mat\",\"url\":\"https:\/\/www.loisir.tiki-factory.com\/en\/voiles-gonflables\/voiles\/voiles-turtle\/turtle-kid-sans-pied-de-mat\",\"name\":\"TIKI FACTORY LOISIRS ~ TURTLE AIR KID\",\"isPartOf\":{\"@id\":\"https:\/\/www.loisir.tiki-factory.com\/en\/#website\"},\"datePublished\":\"2020-11-17T11:44:32+00:00\",\"dateModified\":\"2024-02-18T12:11:52+00:00\",\"breadcrumb\":{\"@id\":\"https:\/\/www.loisir.tiki-factory.com\/en\/voiles-gonflables\/voiles\/voiles-turtle\/turtle-kid-sans-pied-de-mat#breadcrumb\"},\"inLanguage\":\"en-GB\",\"potentialAction\":[{\"@type\":\"ReadAction\",\"target\":[\"https:\/\/www.loisir.tiki-factory.com\/en\/voiles-gonflables\/voiles\/voiles-turtle\/turtle-kid-sans-pied-de-mat\"]}]},{\"@type\":\"BreadcrumbList\",\"@id\":\"https:\/\/www.loisir.tiki-factory.com\/en\/voiles-gonflables\/voiles\/voiles-turtle\/turtle-kid-sans-pied-de-mat#breadcrumb\",\"itemListElement\":[{\"@type\":\"ListItem\",\"position\":1,\"name\":\"Accueil\",\"item\":\"https:\/\/www.loisir.tiki-factory.com\/\"},{\"@type\":\"ListItem\",\"position\":2,\"name\":\"Boutique\",\"item\":\"https:\/\/www.loisir.tiki-factory.com\/en\/boutique\"},{\"@type\":\"ListItem\",\"position\":3,\"name\":\"TURTLE AIR KID\"}]},{\"@type\":\"WebSite\",\"@id\":\"https:\/\/www.loisir.tiki-factory.com\/en\/#website\",\"url\":\"https:\/\/www.loisir.tiki-factory.com\/en\/\",\"name\":\"TIKI FACTORY LOISIRS\",\"description\":\"Vente de paddles et accessoires en ligne pour les loisirs\",\"publisher\":{\"@id\":\"https:\/\/www.loisir.tiki-factory.com\/en\/#organization\"},\"potentialAction\":[{\"@type\":\"SearchAction\",\"target\":{\"@type\":\"EntryPoint\",\"urlTemplate\":\"https:\/\/www.loisir.tiki-factory.com\/en\/?s={search_term_string}\"},\"query-input\":\"required name=search_term_string\"}],\"inLanguage\":\"en-GB\"},{\"@type\":\"Organization\",\"@id\":\"https:\/\/www.loisir.tiki-factory.com\/en\/#organization\",\"name\":\"TIKI FACTORY\",\"url\":\"https:\/\/www.loisir.tiki-factory.com\/en\/\",\"logo\":{\"@type\":\"ImageObject\",\"inLanguage\":\"en-GB\",\"@id\":\"https:\/\/www.loisir.tiki-factory.com\/en\/#\/schema\/logo\/image\/\",\"url\":\"https:\/\/www.loisir.tiki-factory.com\/wp-content\/uploads\/2020\/12\/image-partage-facebook-tiki-factory.jpg\",\"contentUrl\":\"https:\/\/www.loisir.tiki-factory.com\/wp-content\/uploads\/2020\/12\/image-partage-facebook-tiki-factory.jpg\",\"width\":1200,\"height\":629,\"caption\":\"TIKI FACTORY\"},\"image\":{\"@id\":\"https:\/\/www.loisir.tiki-factory.com\/en\/#\/schema\/logo\/image\/\"},\"sameAs\":[\"https:\/\/www.facebook.com\/TIKI-Factory-472166199484072\",\"https:\/\/www.youtube.com\/channel\/UCDhHkHdueO5AGNLAVD8VZsg\"]}]}<\/script>\n<!-- \/ Yoast SEO plugin. -->","yoast_head_json":{"title":"TIKI FACTORY LOISIRS ~ TURTLE AIR KID","robots":{"index":"index","follow":"follow","max-snippet":"max-snippet:-1","max-image-preview":"max-image-preview:large","max-video-preview":"max-video-preview:-1"},"canonical":"https:\/\/www.loisir.tiki-factory.com\/en\/voiles-gonflables\/voiles\/voiles-turtle\/turtle-kid-sans-pied-de-mat","og_locale":"en_GB","og_type":"article","og_title":"TIKI FACTORY LOISIRS ~ TURTLE AIR KID","og_description":"Gr\u00e9ement gonflable TURTLE AIR KID embase universelle sans pied de mat. Utilisation identique \u00e0 un gr\u00e9ement traditionnel virement de bord ,deux amures (2 cot\u00e9s utilisables 2 wishbones)","og_url":"https:\/\/www.loisir.tiki-factory.com\/en\/voiles-gonflables\/voiles\/voiles-turtle\/turtle-kid-sans-pied-de-mat","og_site_name":"TIKI FACTORY LOISIRS","article_publisher":"https:\/\/www.facebook.com\/TIKI-Factory-472166199484072","article_modified_time":"2024-02-18T12:11:52+00:00","og_image":[{"width":960,"height":960,"url":"https:\/\/www.loisir.tiki-factory.com\/wp-content\/uploads\/2023\/02\/0E00763D-312D-4D31-8B22-24CECD704508.jpeg","type":"image\/jpeg"}],"twitter_card":"summary_large_image","twitter_misc":{"Estimated reading time":"1 minute"},"schema":{"@context":"https:\/\/schema.org","@graph":[{"@type":"WebPage","@id":"https:\/\/www.loisir.tiki-factory.com\/en\/voiles-gonflables\/voiles\/voiles-turtle\/turtle-kid-sans-pied-de-mat","url":"https:\/\/www.loisir.tiki-factory.com\/en\/voiles-gonflables\/voiles\/voiles-turtle\/turtle-kid-sans-pied-de-mat","name":"TIKI FACTORY LOISIRS ~ TURTLE AIR KID","isPartOf":{"@id":"https:\/\/www.loisir.tiki-factory.com\/en\/#website"},"datePublished":"2020-11-17T11:44:32+00:00","dateModified":"2024-02-18T12:11:52+00:00","breadcrumb":{"@id":"https:\/\/www.loisir.tiki-factory.com\/en\/voiles-gonflables\/voiles\/voiles-turtle\/turtle-kid-sans-pied-de-mat#breadcrumb"},"inLanguage":"en-GB","potentialAction":[{"@type":"ReadAction","target":["https:\/\/www.loisir.tiki-factory.com\/en\/voiles-gonflables\/voiles\/voiles-turtle\/turtle-kid-sans-pied-de-mat"]}]},{"@type":"BreadcrumbList","@id":"https:\/\/www.loisir.tiki-factory.com\/en\/voiles-gonflables\/voiles\/voiles-turtle\/turtle-kid-sans-pied-de-mat#breadcrumb","itemListElement":[{"@type":"ListItem","position":1,"name":"Accueil","item":"https:\/\/www.loisir.tiki-factory.com\/"},{"@type":"ListItem","position":2,"name":"Boutique","item":"https:\/\/www.loisir.tiki-factory.com\/en\/boutique"},{"@type":"ListItem","position":3,"name":"TURTLE AIR KID"}]},{"@type":"WebSite","@id":"https:\/\/www.loisir.tiki-factory.com\/en\/#website","url":"https:\/\/www.loisir.tiki-factory.com\/en\/","name":"TIKI FACTORY LOISIRS","description":"Vente de paddles et accessoires en ligne pour les loisirs","publisher":{"@id":"https:\/\/www.loisir.tiki-factory.com\/en\/#organization"},"potentialAction":[{"@type":"SearchAction","target":{"@type":"EntryPoint","urlTemplate":"https:\/\/www.loisir.tiki-factory.com\/en\/?s={search_term_string}"},"query-input":"required name=search_term_string"}],"inLanguage":"en-GB"},{"@type":"Organization","@id":"https:\/\/www.loisir.tiki-factory.com\/en\/#organization","name":"TIKI FACTORY","url":"https:\/\/www.loisir.tiki-factory.com\/en\/","logo":{"@type":"ImageObject","inLanguage":"en-GB","@id":"https:\/\/www.loisir.tiki-factory.com\/en\/#\/schema\/logo\/image\/","url":"https:\/\/www.loisir.tiki-factory.com\/wp-content\/uploads\/2020\/12\/image-partage-facebook-tiki-factory.jpg","contentUrl":"https:\/\/www.loisir.tiki-factory.com\/wp-content\/uploads\/2020\/12\/image-partage-facebook-tiki-factory.jpg","width":1200,"height":629,"caption":"TIKI FACTORY"},"image":{"@id":"https:\/\/www.loisir.tiki-factory.com\/en\/#\/schema\/logo\/image\/"},"sameAs":["https:\/\/www.facebook.com\/TIKI-Factory-472166199484072","https:\/\/www.youtube.com\/channel\/UCDhHkHdueO5AGNLAVD8VZsg"]}]}},"_links":{"self":[{"href":"https:\/\/www.loisir.tiki-factory.com\/en\/wp-json\/wp\/v2\/product\/1321"}],"collection":[{"href":"https:\/\/www.loisir.tiki-factory.com\/en\/wp-json\/wp\/v2\/product"}],"about":[{"href":"https:\/\/www.loisir.tiki-factory.com\/en\/wp-json\/wp\/v2\/types\/product"}],"wp:featuredmedia":[{"embeddable":true,"href":"https:\/\/www.loisir.tiki-factory.com\/en\/wp-json\/wp\/v2\/media\/5095"}],"wp:attachment":[{"href":"https:\/\/www.loisir.tiki-factory.com\/en\/wp-json\/wp\/v2\/media?parent=1321"}],"wp:term":[{"taxonomy":"product_cat","embeddable":true,"href":"https:\/\/www.loisir.tiki-factory.com\/en\/wp-json\/wp\/v2\/product_cat?post=1321"},{"taxonomy":"product_tag","embeddable":true,"href":"https:\/\/www.loisir.tiki-factory.com\/en\/wp-json\/wp\/v2\/product_tag?post=1321"}],"curies":[{"name":"wp","href":"https:\/\/api.w.org\/{rel}","templated":true}]}}