{"id":1326,"date":"2020-11-17T12:44:33","date_gmt":"2020-11-17T11:44:33","guid":{"rendered":"https:\/\/www.loisir.tiki-factory.com\/produit\/wake-5-gonflable-nu\/"},"modified":"2026-03-03T11:27:17","modified_gmt":"2026-03-03T10:27:17","slug":"wake-5-gonflable-nu","status":"publish","type":"product","link":"https:\/\/www.loisir.tiki-factory.com\/en\/surf-sup\/wake\/wake-5-gonflable-nu","title":{"rendered":"INFLATABLE wake 5"},"content":{"rendered":"<p data-reader-unique-id=\"7\">WAKE 5 : 150&#215;10 poids 8 kg &#8211; pli\u00e9 150x20x15<br \/>\nManufacturing: inflatable board, dropstitch technology with internal weaving to form a rigid structure like an inflatable paddle<br \/>\nLes WAKES sont \u00e9quip\u00e9s d\u2019une poign\u00e9e de maintien.<br \/>\nWHY CHOOSE AN INFLATABLE WAKE BOARD: For the safety of the user and others, because inflatable boards are less fragile and can be transported easily. Because the program of use will be wide: Seated or face down as in a towed buoy or initiation to wake surfing with a rudder in a kneeling or standing position ...<br \/>\nTo satisfy beginners and insiders with a practical board to implement that swells in a few minutes and folds into 4 when you want to store it.<\/p>","protected":false},"excerpt":{"rendered":"<p>WAKE 5 : 150&#215;10 poids 8 kg &#8211; pli\u00e9 150x20x15 Fabrication : planche gonflable, technologie dropstitch avec tissage interne permettant de constituer une structure rigide comme un paddle gonflable. Les WAKES sont \u00e9quip\u00e9s d\u2019une poign\u00e9e de maintien. POURQUOI CHOISIR UNE PLANCHE WAKE GONFLABLE : Pour la s\u00e9curit\u00e9 de l\u2019utilisateur et des tiers, car les planches [&hellip;]<\/p>\n","protected":false},"featured_media":4708,"template":"","meta":[],"product_cat":[82,112],"product_tag":[],"yoast_head":"<!-- This site is optimized with the Yoast SEO plugin v21.1 - https:\/\/yoast.com\/wordpress\/plugins\/seo\/ -->\n<title>TIKI FACTORY LOISIRS ~ WAKE 5 GONFLABLE nu<\/title>\n<meta name=\"robots\" content=\"index, follow, max-snippet:-1, max-image-preview:large, max-video-preview:-1\" \/>\n<link rel=\"canonical\" href=\"https:\/\/www.loisir.tiki-factory.com\/en\/surf-sup\/wake\/wake-5-gonflable-nu\" \/>\n<meta property=\"og:locale\" content=\"en_GB\" \/>\n<meta property=\"og:type\" content=\"article\" \/>\n<meta property=\"og:title\" content=\"TIKI FACTORY LOISIRS ~ WAKE 5 GONFLABLE nu\" \/>\n<meta property=\"og:description\" content=\"WAKE 5 : 150&#215;10 poids 8 kg &#8211; pli\u00e9 150x20x15 Fabrication : planche gonflable, technologie dropstitch avec tissage interne permettant de constituer une structure rigide comme un paddle gonflable. Les WAKES sont \u00e9quip\u00e9s d\u2019une poign\u00e9e de maintien. POURQUOI CHOISIR UNE PLANCHE WAKE GONFLABLE : Pour la s\u00e9curit\u00e9 de l\u2019utilisateur et des tiers, car les planches [&hellip;]\" \/>\n<meta property=\"og:url\" content=\"https:\/\/www.loisir.tiki-factory.com\/en\/surf-sup\/wake\/wake-5-gonflable-nu\" \/>\n<meta property=\"og:site_name\" content=\"TIKI FACTORY LOISIRS\" \/>\n<meta property=\"article:publisher\" content=\"https:\/\/www.facebook.com\/TIKI-Factory-472166199484072\" \/>\n<meta property=\"article:modified_time\" content=\"2026-03-03T10:27:17+00:00\" \/>\n<meta property=\"og:image\" content=\"https:\/\/www.loisir.tiki-factory.com\/wp-content\/uploads\/2020\/11\/wake-5-gonflable-nu.jpg\" \/>\n\t<meta property=\"og:image:width\" content=\"960\" \/>\n\t<meta property=\"og:image:height\" content=\"960\" \/>\n\t<meta property=\"og:image:type\" content=\"image\/jpeg\" \/>\n<meta name=\"twitter:card\" content=\"summary_large_image\" \/>\n<meta name=\"twitter:label1\" content=\"Estimated reading time\" \/>\n\t<meta name=\"twitter:data1\" content=\"1 minute\" \/>\n<script type=\"application\/ld+json\" class=\"yoast-schema-graph\">{\"@context\":\"https:\/\/schema.org\",\"@graph\":[{\"@type\":\"WebPage\",\"@id\":\"https:\/\/www.loisir.tiki-factory.com\/en\/surf-sup\/wake\/wake-5-gonflable-nu\",\"url\":\"https:\/\/www.loisir.tiki-factory.com\/en\/surf-sup\/wake\/wake-5-gonflable-nu\",\"name\":\"TIKI FACTORY LOISIRS ~ WAKE 5 GONFLABLE nu\",\"isPartOf\":{\"@id\":\"https:\/\/www.loisir.tiki-factory.com\/en\/#website\"},\"datePublished\":\"2020-11-17T11:44:33+00:00\",\"dateModified\":\"2026-03-03T10:27:17+00:00\",\"breadcrumb\":{\"@id\":\"https:\/\/www.loisir.tiki-factory.com\/en\/surf-sup\/wake\/wake-5-gonflable-nu#breadcrumb\"},\"inLanguage\":\"en-GB\",\"potentialAction\":[{\"@type\":\"ReadAction\",\"target\":[\"https:\/\/www.loisir.tiki-factory.com\/en\/surf-sup\/wake\/wake-5-gonflable-nu\"]}]},{\"@type\":\"BreadcrumbList\",\"@id\":\"https:\/\/www.loisir.tiki-factory.com\/en\/surf-sup\/wake\/wake-5-gonflable-nu#breadcrumb\",\"itemListElement\":[{\"@type\":\"ListItem\",\"position\":1,\"name\":\"Accueil\",\"item\":\"https:\/\/www.loisir.tiki-factory.com\/\"},{\"@type\":\"ListItem\",\"position\":2,\"name\":\"Boutique\",\"item\":\"https:\/\/www.loisir.tiki-factory.com\/en\/boutique\"},{\"@type\":\"ListItem\",\"position\":3,\"name\":\"WAKE 5 GONFLABLE nu\"}]},{\"@type\":\"WebSite\",\"@id\":\"https:\/\/www.loisir.tiki-factory.com\/en\/#website\",\"url\":\"https:\/\/www.loisir.tiki-factory.com\/en\/\",\"name\":\"TIKI FACTORY LOISIRS\",\"description\":\"Vente de paddles et accessoires en ligne pour les loisirs\",\"publisher\":{\"@id\":\"https:\/\/www.loisir.tiki-factory.com\/en\/#organization\"},\"potentialAction\":[{\"@type\":\"SearchAction\",\"target\":{\"@type\":\"EntryPoint\",\"urlTemplate\":\"https:\/\/www.loisir.tiki-factory.com\/en\/?s={search_term_string}\"},\"query-input\":\"required name=search_term_string\"}],\"inLanguage\":\"en-GB\"},{\"@type\":\"Organization\",\"@id\":\"https:\/\/www.loisir.tiki-factory.com\/en\/#organization\",\"name\":\"TIKI FACTORY\",\"url\":\"https:\/\/www.loisir.tiki-factory.com\/en\/\",\"logo\":{\"@type\":\"ImageObject\",\"inLanguage\":\"en-GB\",\"@id\":\"https:\/\/www.loisir.tiki-factory.com\/en\/#\/schema\/logo\/image\/\",\"url\":\"https:\/\/www.loisir.tiki-factory.com\/wp-content\/uploads\/2020\/12\/image-partage-facebook-tiki-factory.jpg\",\"contentUrl\":\"https:\/\/www.loisir.tiki-factory.com\/wp-content\/uploads\/2020\/12\/image-partage-facebook-tiki-factory.jpg\",\"width\":1200,\"height\":629,\"caption\":\"TIKI FACTORY\"},\"image\":{\"@id\":\"https:\/\/www.loisir.tiki-factory.com\/en\/#\/schema\/logo\/image\/\"},\"sameAs\":[\"https:\/\/www.facebook.com\/TIKI-Factory-472166199484072\",\"https:\/\/www.youtube.com\/channel\/UCDhHkHdueO5AGNLAVD8VZsg\"]}]}<\/script>\n<!-- \/ Yoast SEO plugin. -->","yoast_head_json":{"title":"TIKI FACTORY LOISIRS ~ WAKE 5 GONFLABLE nu","robots":{"index":"index","follow":"follow","max-snippet":"max-snippet:-1","max-image-preview":"max-image-preview:large","max-video-preview":"max-video-preview:-1"},"canonical":"https:\/\/www.loisir.tiki-factory.com\/en\/surf-sup\/wake\/wake-5-gonflable-nu","og_locale":"en_GB","og_type":"article","og_title":"TIKI FACTORY LOISIRS ~ WAKE 5 GONFLABLE nu","og_description":"WAKE 5 : 150&#215;10 poids 8 kg &#8211; pli\u00e9 150x20x15 Fabrication : planche gonflable, technologie dropstitch avec tissage interne permettant de constituer une structure rigide comme un paddle gonflable. Les WAKES sont \u00e9quip\u00e9s d\u2019une poign\u00e9e de maintien. POURQUOI CHOISIR UNE PLANCHE WAKE GONFLABLE : Pour la s\u00e9curit\u00e9 de l\u2019utilisateur et des tiers, car les planches [&hellip;]","og_url":"https:\/\/www.loisir.tiki-factory.com\/en\/surf-sup\/wake\/wake-5-gonflable-nu","og_site_name":"TIKI FACTORY LOISIRS","article_publisher":"https:\/\/www.facebook.com\/TIKI-Factory-472166199484072","article_modified_time":"2026-03-03T10:27:17+00:00","og_image":[{"width":960,"height":960,"url":"https:\/\/www.loisir.tiki-factory.com\/wp-content\/uploads\/2020\/11\/wake-5-gonflable-nu.jpg","type":"image\/jpeg"}],"twitter_card":"summary_large_image","twitter_misc":{"Estimated reading time":"1 minute"},"schema":{"@context":"https:\/\/schema.org","@graph":[{"@type":"WebPage","@id":"https:\/\/www.loisir.tiki-factory.com\/en\/surf-sup\/wake\/wake-5-gonflable-nu","url":"https:\/\/www.loisir.tiki-factory.com\/en\/surf-sup\/wake\/wake-5-gonflable-nu","name":"TIKI FACTORY LOISIRS ~ WAKE 5 GONFLABLE nu","isPartOf":{"@id":"https:\/\/www.loisir.tiki-factory.com\/en\/#website"},"datePublished":"2020-11-17T11:44:33+00:00","dateModified":"2026-03-03T10:27:17+00:00","breadcrumb":{"@id":"https:\/\/www.loisir.tiki-factory.com\/en\/surf-sup\/wake\/wake-5-gonflable-nu#breadcrumb"},"inLanguage":"en-GB","potentialAction":[{"@type":"ReadAction","target":["https:\/\/www.loisir.tiki-factory.com\/en\/surf-sup\/wake\/wake-5-gonflable-nu"]}]},{"@type":"BreadcrumbList","@id":"https:\/\/www.loisir.tiki-factory.com\/en\/surf-sup\/wake\/wake-5-gonflable-nu#breadcrumb","itemListElement":[{"@type":"ListItem","position":1,"name":"Accueil","item":"https:\/\/www.loisir.tiki-factory.com\/"},{"@type":"ListItem","position":2,"name":"Boutique","item":"https:\/\/www.loisir.tiki-factory.com\/en\/boutique"},{"@type":"ListItem","position":3,"name":"WAKE 5 GONFLABLE nu"}]},{"@type":"WebSite","@id":"https:\/\/www.loisir.tiki-factory.com\/en\/#website","url":"https:\/\/www.loisir.tiki-factory.com\/en\/","name":"TIKI FACTORY LOISIRS","description":"Vente de paddles et accessoires en ligne pour les loisirs","publisher":{"@id":"https:\/\/www.loisir.tiki-factory.com\/en\/#organization"},"potentialAction":[{"@type":"SearchAction","target":{"@type":"EntryPoint","urlTemplate":"https:\/\/www.loisir.tiki-factory.com\/en\/?s={search_term_string}"},"query-input":"required name=search_term_string"}],"inLanguage":"en-GB"},{"@type":"Organization","@id":"https:\/\/www.loisir.tiki-factory.com\/en\/#organization","name":"TIKI FACTORY","url":"https:\/\/www.loisir.tiki-factory.com\/en\/","logo":{"@type":"ImageObject","inLanguage":"en-GB","@id":"https:\/\/www.loisir.tiki-factory.com\/en\/#\/schema\/logo\/image\/","url":"https:\/\/www.loisir.tiki-factory.com\/wp-content\/uploads\/2020\/12\/image-partage-facebook-tiki-factory.jpg","contentUrl":"https:\/\/www.loisir.tiki-factory.com\/wp-content\/uploads\/2020\/12\/image-partage-facebook-tiki-factory.jpg","width":1200,"height":629,"caption":"TIKI FACTORY"},"image":{"@id":"https:\/\/www.loisir.tiki-factory.com\/en\/#\/schema\/logo\/image\/"},"sameAs":["https:\/\/www.facebook.com\/TIKI-Factory-472166199484072","https:\/\/www.youtube.com\/channel\/UCDhHkHdueO5AGNLAVD8VZsg"]}]}},"_links":{"self":[{"href":"https:\/\/www.loisir.tiki-factory.com\/en\/wp-json\/wp\/v2\/product\/1326"}],"collection":[{"href":"https:\/\/www.loisir.tiki-factory.com\/en\/wp-json\/wp\/v2\/product"}],"about":[{"href":"https:\/\/www.loisir.tiki-factory.com\/en\/wp-json\/wp\/v2\/types\/product"}],"wp:featuredmedia":[{"embeddable":true,"href":"https:\/\/www.loisir.tiki-factory.com\/en\/wp-json\/wp\/v2\/media\/4708"}],"wp:attachment":[{"href":"https:\/\/www.loisir.tiki-factory.com\/en\/wp-json\/wp\/v2\/media?parent=1326"}],"wp:term":[{"taxonomy":"product_cat","embeddable":true,"href":"https:\/\/www.loisir.tiki-factory.com\/en\/wp-json\/wp\/v2\/product_cat?post=1326"},{"taxonomy":"product_tag","embeddable":true,"href":"https:\/\/www.loisir.tiki-factory.com\/en\/wp-json\/wp\/v2\/product_tag?post=1326"}],"curies":[{"name":"wp","href":"https:\/\/api.w.org\/{rel}","templated":true}]}}