{"id":1329,"date":"2020-11-17T12:44:34","date_gmt":"2020-11-17T11:44:34","guid":{"rendered":"https:\/\/www.loisir.tiki-factory.com\/produit\/pagaie-moorea-alu-3-pieces-145-185\/"},"modified":"2026-02-12T23:39:37","modified_gmt":"2026-02-12T22:39:37","slug":"pagaie-moorea-fibre-junior-135-165","status":"publish","type":"product","link":"https:\/\/www.loisir.tiki-factory.com\/en\/pagaies\/pagaie-moorea-fibre-junior-135-165","title":{"rendered":"PAGAIE MOOREA FIBRE JUNIOR 135\/165"},"content":{"rendered":"<p>Dot\u00e9e d\u2019un manche en fibre de verre extr\u00eamement l\u00e9g\u00e8re pour un excellent rapport flex \/ poids.<br \/>\n<strong>Features :<br \/>\n<\/strong>pale de 40 cm x 16,5 cm.<br \/>\nPagaie ajustable de 135 cm \u00e0 165 cm.<\/p>","protected":false},"excerpt":{"rendered":"<p>Pagaie en fibre pour les juniors ou petits gabarits.<br \/>\nLa pagaie est id\u00e9ale pour les enfants. Son faible poids lui permettra de la contr\u00f4ler avec agilit\u00e9 et pourra les faire progresser. Elle pourra \u00e9galement s&rsquo;adapter \u00e0 la taille de votre enfant.<\/p>","protected":false},"featured_media":4695,"template":"","meta":[],"product_cat":[92,93],"product_tag":[],"yoast_head":"<!-- This site is optimized with the Yoast SEO plugin v21.1 - https:\/\/yoast.com\/wordpress\/plugins\/seo\/ -->\n<title>TIKI FACTORY LOISIRS ~ PAGAIE MOOREA FIBRE JUNIOR 135\/165<\/title>\n<meta name=\"robots\" content=\"index, follow, max-snippet:-1, max-image-preview:large, max-video-preview:-1\" \/>\n<link rel=\"canonical\" href=\"https:\/\/www.loisir.tiki-factory.com\/en\/pagaies\/pagaie-moorea-fibre-junior-135-165\" \/>\n<meta property=\"og:locale\" content=\"en_GB\" \/>\n<meta property=\"og:type\" content=\"article\" \/>\n<meta property=\"og:title\" content=\"TIKI FACTORY LOISIRS ~ PAGAIE MOOREA FIBRE JUNIOR 135\/165\" \/>\n<meta property=\"og:description\" content=\"Pagaie en fibre pour les juniors ou petits gabarits. La pagaie est id\u00e9ale pour les enfants. Son faible poids lui permettra de la contr\u00f4ler avec agilit\u00e9 et pourra les faire progresser. Elle pourra \u00e9galement s&#039;adapter \u00e0 la taille de votre enfant.\" \/>\n<meta property=\"og:url\" content=\"https:\/\/www.loisir.tiki-factory.com\/en\/pagaies\/pagaie-moorea-fibre-junior-135-165\" \/>\n<meta property=\"og:site_name\" content=\"TIKI FACTORY LOISIRS\" \/>\n<meta property=\"article:publisher\" content=\"https:\/\/www.facebook.com\/TIKI-Factory-472166199484072\" \/>\n<meta property=\"article:modified_time\" content=\"2026-02-12T22:39:37+00:00\" \/>\n<meta property=\"og:image\" content=\"https:\/\/www.loisir.tiki-factory.com\/wp-content\/uploads\/2020\/11\/pagaie-moorea-fibre-junior-135-165.jpg\" \/>\n\t<meta property=\"og:image:width\" content=\"960\" \/>\n\t<meta property=\"og:image:height\" content=\"960\" \/>\n\t<meta property=\"og:image:type\" content=\"image\/jpeg\" \/>\n<meta name=\"twitter:card\" content=\"summary_large_image\" \/>\n<meta name=\"twitter:label1\" content=\"Estimated reading time\" \/>\n\t<meta name=\"twitter:data1\" content=\"1 minute\" \/>\n<script type=\"application\/ld+json\" class=\"yoast-schema-graph\">{\"@context\":\"https:\/\/schema.org\",\"@graph\":[{\"@type\":\"WebPage\",\"@id\":\"https:\/\/www.loisir.tiki-factory.com\/en\/pagaies\/pagaie-moorea-fibre-junior-135-165\",\"url\":\"https:\/\/www.loisir.tiki-factory.com\/en\/pagaies\/pagaie-moorea-fibre-junior-135-165\",\"name\":\"TIKI FACTORY LOISIRS ~ PAGAIE MOOREA FIBRE JUNIOR 135\/165\",\"isPartOf\":{\"@id\":\"https:\/\/www.loisir.tiki-factory.com\/en\/#website\"},\"datePublished\":\"2020-11-17T11:44:34+00:00\",\"dateModified\":\"2026-02-12T22:39:37+00:00\",\"breadcrumb\":{\"@id\":\"https:\/\/www.loisir.tiki-factory.com\/en\/pagaies\/pagaie-moorea-fibre-junior-135-165#breadcrumb\"},\"inLanguage\":\"en-GB\",\"potentialAction\":[{\"@type\":\"ReadAction\",\"target\":[\"https:\/\/www.loisir.tiki-factory.com\/en\/pagaies\/pagaie-moorea-fibre-junior-135-165\"]}]},{\"@type\":\"BreadcrumbList\",\"@id\":\"https:\/\/www.loisir.tiki-factory.com\/en\/pagaies\/pagaie-moorea-fibre-junior-135-165#breadcrumb\",\"itemListElement\":[{\"@type\":\"ListItem\",\"position\":1,\"name\":\"Accueil\",\"item\":\"https:\/\/www.loisir.tiki-factory.com\/\"},{\"@type\":\"ListItem\",\"position\":2,\"name\":\"Boutique\",\"item\":\"https:\/\/www.loisir.tiki-factory.com\/en\/boutique\"},{\"@type\":\"ListItem\",\"position\":3,\"name\":\"PAGAIE MOOREA FIBRE JUNIOR 135\/165\"}]},{\"@type\":\"WebSite\",\"@id\":\"https:\/\/www.loisir.tiki-factory.com\/en\/#website\",\"url\":\"https:\/\/www.loisir.tiki-factory.com\/en\/\",\"name\":\"TIKI FACTORY LOISIRS\",\"description\":\"Vente de paddles et accessoires en ligne pour les loisirs\",\"publisher\":{\"@id\":\"https:\/\/www.loisir.tiki-factory.com\/en\/#organization\"},\"potentialAction\":[{\"@type\":\"SearchAction\",\"target\":{\"@type\":\"EntryPoint\",\"urlTemplate\":\"https:\/\/www.loisir.tiki-factory.com\/en\/?s={search_term_string}\"},\"query-input\":\"required name=search_term_string\"}],\"inLanguage\":\"en-GB\"},{\"@type\":\"Organization\",\"@id\":\"https:\/\/www.loisir.tiki-factory.com\/en\/#organization\",\"name\":\"TIKI FACTORY\",\"url\":\"https:\/\/www.loisir.tiki-factory.com\/en\/\",\"logo\":{\"@type\":\"ImageObject\",\"inLanguage\":\"en-GB\",\"@id\":\"https:\/\/www.loisir.tiki-factory.com\/en\/#\/schema\/logo\/image\/\",\"url\":\"https:\/\/www.loisir.tiki-factory.com\/wp-content\/uploads\/2020\/12\/image-partage-facebook-tiki-factory.jpg\",\"contentUrl\":\"https:\/\/www.loisir.tiki-factory.com\/wp-content\/uploads\/2020\/12\/image-partage-facebook-tiki-factory.jpg\",\"width\":1200,\"height\":629,\"caption\":\"TIKI FACTORY\"},\"image\":{\"@id\":\"https:\/\/www.loisir.tiki-factory.com\/en\/#\/schema\/logo\/image\/\"},\"sameAs\":[\"https:\/\/www.facebook.com\/TIKI-Factory-472166199484072\",\"https:\/\/www.youtube.com\/channel\/UCDhHkHdueO5AGNLAVD8VZsg\"]}]}<\/script>\n<!-- \/ Yoast SEO plugin. -->","yoast_head_json":{"title":"TIKI FACTORY LOISIRS ~ PAGAIE MOOREA FIBRE JUNIOR 135\/165","robots":{"index":"index","follow":"follow","max-snippet":"max-snippet:-1","max-image-preview":"max-image-preview:large","max-video-preview":"max-video-preview:-1"},"canonical":"https:\/\/www.loisir.tiki-factory.com\/en\/pagaies\/pagaie-moorea-fibre-junior-135-165","og_locale":"en_GB","og_type":"article","og_title":"TIKI FACTORY LOISIRS ~ PAGAIE MOOREA FIBRE JUNIOR 135\/165","og_description":"Pagaie en fibre pour les juniors ou petits gabarits. La pagaie est id\u00e9ale pour les enfants. Son faible poids lui permettra de la contr\u00f4ler avec agilit\u00e9 et pourra les faire progresser. Elle pourra \u00e9galement s'adapter \u00e0 la taille de votre enfant.","og_url":"https:\/\/www.loisir.tiki-factory.com\/en\/pagaies\/pagaie-moorea-fibre-junior-135-165","og_site_name":"TIKI FACTORY LOISIRS","article_publisher":"https:\/\/www.facebook.com\/TIKI-Factory-472166199484072","article_modified_time":"2026-02-12T22:39:37+00:00","og_image":[{"width":960,"height":960,"url":"https:\/\/www.loisir.tiki-factory.com\/wp-content\/uploads\/2020\/11\/pagaie-moorea-fibre-junior-135-165.jpg","type":"image\/jpeg"}],"twitter_card":"summary_large_image","twitter_misc":{"Estimated reading time":"1 minute"},"schema":{"@context":"https:\/\/schema.org","@graph":[{"@type":"WebPage","@id":"https:\/\/www.loisir.tiki-factory.com\/en\/pagaies\/pagaie-moorea-fibre-junior-135-165","url":"https:\/\/www.loisir.tiki-factory.com\/en\/pagaies\/pagaie-moorea-fibre-junior-135-165","name":"TIKI FACTORY LOISIRS ~ PAGAIE MOOREA FIBRE JUNIOR 135\/165","isPartOf":{"@id":"https:\/\/www.loisir.tiki-factory.com\/en\/#website"},"datePublished":"2020-11-17T11:44:34+00:00","dateModified":"2026-02-12T22:39:37+00:00","breadcrumb":{"@id":"https:\/\/www.loisir.tiki-factory.com\/en\/pagaies\/pagaie-moorea-fibre-junior-135-165#breadcrumb"},"inLanguage":"en-GB","potentialAction":[{"@type":"ReadAction","target":["https:\/\/www.loisir.tiki-factory.com\/en\/pagaies\/pagaie-moorea-fibre-junior-135-165"]}]},{"@type":"BreadcrumbList","@id":"https:\/\/www.loisir.tiki-factory.com\/en\/pagaies\/pagaie-moorea-fibre-junior-135-165#breadcrumb","itemListElement":[{"@type":"ListItem","position":1,"name":"Accueil","item":"https:\/\/www.loisir.tiki-factory.com\/"},{"@type":"ListItem","position":2,"name":"Boutique","item":"https:\/\/www.loisir.tiki-factory.com\/en\/boutique"},{"@type":"ListItem","position":3,"name":"PAGAIE MOOREA FIBRE JUNIOR 135\/165"}]},{"@type":"WebSite","@id":"https:\/\/www.loisir.tiki-factory.com\/en\/#website","url":"https:\/\/www.loisir.tiki-factory.com\/en\/","name":"TIKI FACTORY LOISIRS","description":"Vente de paddles et accessoires en ligne pour les loisirs","publisher":{"@id":"https:\/\/www.loisir.tiki-factory.com\/en\/#organization"},"potentialAction":[{"@type":"SearchAction","target":{"@type":"EntryPoint","urlTemplate":"https:\/\/www.loisir.tiki-factory.com\/en\/?s={search_term_string}"},"query-input":"required name=search_term_string"}],"inLanguage":"en-GB"},{"@type":"Organization","@id":"https:\/\/www.loisir.tiki-factory.com\/en\/#organization","name":"TIKI FACTORY","url":"https:\/\/www.loisir.tiki-factory.com\/en\/","logo":{"@type":"ImageObject","inLanguage":"en-GB","@id":"https:\/\/www.loisir.tiki-factory.com\/en\/#\/schema\/logo\/image\/","url":"https:\/\/www.loisir.tiki-factory.com\/wp-content\/uploads\/2020\/12\/image-partage-facebook-tiki-factory.jpg","contentUrl":"https:\/\/www.loisir.tiki-factory.com\/wp-content\/uploads\/2020\/12\/image-partage-facebook-tiki-factory.jpg","width":1200,"height":629,"caption":"TIKI FACTORY"},"image":{"@id":"https:\/\/www.loisir.tiki-factory.com\/en\/#\/schema\/logo\/image\/"},"sameAs":["https:\/\/www.facebook.com\/TIKI-Factory-472166199484072","https:\/\/www.youtube.com\/channel\/UCDhHkHdueO5AGNLAVD8VZsg"]}]}},"_links":{"self":[{"href":"https:\/\/www.loisir.tiki-factory.com\/en\/wp-json\/wp\/v2\/product\/1329"}],"collection":[{"href":"https:\/\/www.loisir.tiki-factory.com\/en\/wp-json\/wp\/v2\/product"}],"about":[{"href":"https:\/\/www.loisir.tiki-factory.com\/en\/wp-json\/wp\/v2\/types\/product"}],"wp:featuredmedia":[{"embeddable":true,"href":"https:\/\/www.loisir.tiki-factory.com\/en\/wp-json\/wp\/v2\/media\/4695"}],"wp:attachment":[{"href":"https:\/\/www.loisir.tiki-factory.com\/en\/wp-json\/wp\/v2\/media?parent=1329"}],"wp:term":[{"taxonomy":"product_cat","embeddable":true,"href":"https:\/\/www.loisir.tiki-factory.com\/en\/wp-json\/wp\/v2\/product_cat?post=1329"},{"taxonomy":"product_tag","embeddable":true,"href":"https:\/\/www.loisir.tiki-factory.com\/en\/wp-json\/wp\/v2\/product_tag?post=1329"}],"curies":[{"name":"wp","href":"https:\/\/api.w.org\/{rel}","templated":true}]}}