{"id":1331,"date":"2020-11-17T12:44:34","date_gmt":"2020-11-17T11:44:34","guid":{"rendered":"https:\/\/www.loisir.tiki-factory.com\/produit\/pagaie-maiao-fibre-3-pieces-170-210\/"},"modified":"2026-03-12T18:05:47","modified_gmt":"2026-03-12T17:05:47","slug":"pagaie-maiao-fibre-3-pieces-170-210","status":"publish","type":"product","link":"https:\/\/www.loisir.tiki-factory.com\/en\/pagaies\/pagaies-fibre-de-verre\/pagaie-maiao-fibre-3-pieces-170-210","title":{"rendered":"3 PIECES MAIAO FIBER PADDLE 170\/210"},"content":{"rendered":"<p>En trois morceaux, la pagaie prend forc\u00e9ment moins de place qu\u2019en un ou en deux. La Maiao \u00a0trois parties se case parfaitement dans un sac de planche gonflable, ce qui est \u00e9videmment bien pratique pour voyager puisque rien ne d\u00e9passe.<br \/>\nDot\u00e9e d&rsquo;un manche en fibre de verre extr\u00eamement l\u00e9g\u00e8re pour un excellent rapport flex \/ poids.<br \/>\nElle poss\u00e8de \u00e9galement une protection de pale qui \u00e9vite les coups pour une utilisation avec une planche en dure.<\/p>\n<p>Longueur du manche : 180 cm \u00e0 220 cm<br \/>\nSurface de la pale : 754 cm\u00b2<br \/>\nPoids : 830 g<\/p>","protected":false},"excerpt":{"rendered":"<p><strong>Pagaie 3 pieces<\/strong> en fibre de verre avec pale polycarbonate de 40&#215;20 cm \u00e9quip\u00e9e d&rsquo;un edge core protec. La longueur est ajustable de 170 \u00e0 210 cm.<\/p>","protected":false},"featured_media":4696,"template":"","meta":[],"product_cat":[92,93],"product_tag":[],"yoast_head":"<!-- This site is optimized with the Yoast SEO plugin v21.1 - https:\/\/yoast.com\/wordpress\/plugins\/seo\/ -->\n<title>TIKI FACTORY LOISIRS ~ PAGAIE MAIAO FIBRE 3 PIECES 170\/210<\/title>\n<meta name=\"robots\" content=\"index, follow, max-snippet:-1, max-image-preview:large, max-video-preview:-1\" \/>\n<link rel=\"canonical\" href=\"https:\/\/www.loisir.tiki-factory.com\/en\/pagaies\/pagaies-fibre-de-verre\/pagaie-maiao-fibre-3-pieces-170-210\" \/>\n<meta property=\"og:locale\" content=\"en_GB\" \/>\n<meta property=\"og:type\" content=\"article\" \/>\n<meta property=\"og:title\" content=\"TIKI FACTORY LOISIRS ~ PAGAIE MAIAO FIBRE 3 PIECES 170\/210\" \/>\n<meta property=\"og:description\" content=\"Pagaie 3 pieces en fibre de verre avec pale polycarbonate de 40x20 cm \u00e9quip\u00e9e d&#039;un edge core protec. La longueur est ajustable de 170 \u00e0 210 cm.\" \/>\n<meta property=\"og:url\" content=\"https:\/\/www.loisir.tiki-factory.com\/en\/pagaies\/pagaies-fibre-de-verre\/pagaie-maiao-fibre-3-pieces-170-210\" \/>\n<meta property=\"og:site_name\" content=\"TIKI FACTORY LOISIRS\" \/>\n<meta property=\"article:publisher\" content=\"https:\/\/www.facebook.com\/TIKI-Factory-472166199484072\" \/>\n<meta property=\"article:modified_time\" content=\"2026-03-12T17:05:47+00:00\" \/>\n<meta property=\"og:image\" content=\"https:\/\/www.loisir.tiki-factory.com\/wp-content\/uploads\/2020\/11\/pagaie-maiao-fibre-3-pieces-170-210.jpg\" \/>\n\t<meta property=\"og:image:width\" content=\"960\" \/>\n\t<meta property=\"og:image:height\" content=\"960\" \/>\n\t<meta property=\"og:image:type\" content=\"image\/jpeg\" \/>\n<meta name=\"twitter:card\" content=\"summary_large_image\" \/>\n<meta name=\"twitter:label1\" content=\"Estimated reading time\" \/>\n\t<meta name=\"twitter:data1\" content=\"1 minute\" \/>\n<script type=\"application\/ld+json\" class=\"yoast-schema-graph\">{\"@context\":\"https:\/\/schema.org\",\"@graph\":[{\"@type\":\"WebPage\",\"@id\":\"https:\/\/www.loisir.tiki-factory.com\/en\/pagaies\/pagaies-fibre-de-verre\/pagaie-maiao-fibre-3-pieces-170-210\",\"url\":\"https:\/\/www.loisir.tiki-factory.com\/en\/pagaies\/pagaies-fibre-de-verre\/pagaie-maiao-fibre-3-pieces-170-210\",\"name\":\"TIKI FACTORY LOISIRS ~ PAGAIE MAIAO FIBRE 3 PIECES 170\/210\",\"isPartOf\":{\"@id\":\"https:\/\/www.loisir.tiki-factory.com\/en\/#website\"},\"datePublished\":\"2020-11-17T11:44:34+00:00\",\"dateModified\":\"2026-03-12T17:05:47+00:00\",\"breadcrumb\":{\"@id\":\"https:\/\/www.loisir.tiki-factory.com\/en\/pagaies\/pagaies-fibre-de-verre\/pagaie-maiao-fibre-3-pieces-170-210#breadcrumb\"},\"inLanguage\":\"en-GB\",\"potentialAction\":[{\"@type\":\"ReadAction\",\"target\":[\"https:\/\/www.loisir.tiki-factory.com\/en\/pagaies\/pagaies-fibre-de-verre\/pagaie-maiao-fibre-3-pieces-170-210\"]}]},{\"@type\":\"BreadcrumbList\",\"@id\":\"https:\/\/www.loisir.tiki-factory.com\/en\/pagaies\/pagaies-fibre-de-verre\/pagaie-maiao-fibre-3-pieces-170-210#breadcrumb\",\"itemListElement\":[{\"@type\":\"ListItem\",\"position\":1,\"name\":\"Accueil\",\"item\":\"https:\/\/www.loisir.tiki-factory.com\/\"},{\"@type\":\"ListItem\",\"position\":2,\"name\":\"Boutique\",\"item\":\"https:\/\/www.loisir.tiki-factory.com\/en\/boutique\"},{\"@type\":\"ListItem\",\"position\":3,\"name\":\"PAGAIE MAIAO FIBRE 3 PIECES 170\/210\"}]},{\"@type\":\"WebSite\",\"@id\":\"https:\/\/www.loisir.tiki-factory.com\/en\/#website\",\"url\":\"https:\/\/www.loisir.tiki-factory.com\/en\/\",\"name\":\"TIKI FACTORY LOISIRS\",\"description\":\"Vente de paddles et accessoires en ligne pour les loisirs\",\"publisher\":{\"@id\":\"https:\/\/www.loisir.tiki-factory.com\/en\/#organization\"},\"potentialAction\":[{\"@type\":\"SearchAction\",\"target\":{\"@type\":\"EntryPoint\",\"urlTemplate\":\"https:\/\/www.loisir.tiki-factory.com\/en\/?s={search_term_string}\"},\"query-input\":\"required name=search_term_string\"}],\"inLanguage\":\"en-GB\"},{\"@type\":\"Organization\",\"@id\":\"https:\/\/www.loisir.tiki-factory.com\/en\/#organization\",\"name\":\"TIKI FACTORY\",\"url\":\"https:\/\/www.loisir.tiki-factory.com\/en\/\",\"logo\":{\"@type\":\"ImageObject\",\"inLanguage\":\"en-GB\",\"@id\":\"https:\/\/www.loisir.tiki-factory.com\/en\/#\/schema\/logo\/image\/\",\"url\":\"https:\/\/www.loisir.tiki-factory.com\/wp-content\/uploads\/2020\/12\/image-partage-facebook-tiki-factory.jpg\",\"contentUrl\":\"https:\/\/www.loisir.tiki-factory.com\/wp-content\/uploads\/2020\/12\/image-partage-facebook-tiki-factory.jpg\",\"width\":1200,\"height\":629,\"caption\":\"TIKI FACTORY\"},\"image\":{\"@id\":\"https:\/\/www.loisir.tiki-factory.com\/en\/#\/schema\/logo\/image\/\"},\"sameAs\":[\"https:\/\/www.facebook.com\/TIKI-Factory-472166199484072\",\"https:\/\/www.youtube.com\/channel\/UCDhHkHdueO5AGNLAVD8VZsg\"]}]}<\/script>\n<!-- \/ Yoast SEO plugin. -->","yoast_head_json":{"title":"TIKI FACTORY LOISIRS ~ PAGAIE MAIAO FIBRE 3 PIECES 170\/210","robots":{"index":"index","follow":"follow","max-snippet":"max-snippet:-1","max-image-preview":"max-image-preview:large","max-video-preview":"max-video-preview:-1"},"canonical":"https:\/\/www.loisir.tiki-factory.com\/en\/pagaies\/pagaies-fibre-de-verre\/pagaie-maiao-fibre-3-pieces-170-210","og_locale":"en_GB","og_type":"article","og_title":"TIKI FACTORY LOISIRS ~ PAGAIE MAIAO FIBRE 3 PIECES 170\/210","og_description":"Pagaie 3 pieces en fibre de verre avec pale polycarbonate de 40x20 cm \u00e9quip\u00e9e d'un edge core protec. La longueur est ajustable de 170 \u00e0 210 cm.","og_url":"https:\/\/www.loisir.tiki-factory.com\/en\/pagaies\/pagaies-fibre-de-verre\/pagaie-maiao-fibre-3-pieces-170-210","og_site_name":"TIKI FACTORY LOISIRS","article_publisher":"https:\/\/www.facebook.com\/TIKI-Factory-472166199484072","article_modified_time":"2026-03-12T17:05:47+00:00","og_image":[{"width":960,"height":960,"url":"https:\/\/www.loisir.tiki-factory.com\/wp-content\/uploads\/2020\/11\/pagaie-maiao-fibre-3-pieces-170-210.jpg","type":"image\/jpeg"}],"twitter_card":"summary_large_image","twitter_misc":{"Estimated reading time":"1 minute"},"schema":{"@context":"https:\/\/schema.org","@graph":[{"@type":"WebPage","@id":"https:\/\/www.loisir.tiki-factory.com\/en\/pagaies\/pagaies-fibre-de-verre\/pagaie-maiao-fibre-3-pieces-170-210","url":"https:\/\/www.loisir.tiki-factory.com\/en\/pagaies\/pagaies-fibre-de-verre\/pagaie-maiao-fibre-3-pieces-170-210","name":"TIKI FACTORY LOISIRS ~ PAGAIE MAIAO FIBRE 3 PIECES 170\/210","isPartOf":{"@id":"https:\/\/www.loisir.tiki-factory.com\/en\/#website"},"datePublished":"2020-11-17T11:44:34+00:00","dateModified":"2026-03-12T17:05:47+00:00","breadcrumb":{"@id":"https:\/\/www.loisir.tiki-factory.com\/en\/pagaies\/pagaies-fibre-de-verre\/pagaie-maiao-fibre-3-pieces-170-210#breadcrumb"},"inLanguage":"en-GB","potentialAction":[{"@type":"ReadAction","target":["https:\/\/www.loisir.tiki-factory.com\/en\/pagaies\/pagaies-fibre-de-verre\/pagaie-maiao-fibre-3-pieces-170-210"]}]},{"@type":"BreadcrumbList","@id":"https:\/\/www.loisir.tiki-factory.com\/en\/pagaies\/pagaies-fibre-de-verre\/pagaie-maiao-fibre-3-pieces-170-210#breadcrumb","itemListElement":[{"@type":"ListItem","position":1,"name":"Accueil","item":"https:\/\/www.loisir.tiki-factory.com\/"},{"@type":"ListItem","position":2,"name":"Boutique","item":"https:\/\/www.loisir.tiki-factory.com\/en\/boutique"},{"@type":"ListItem","position":3,"name":"PAGAIE MAIAO FIBRE 3 PIECES 170\/210"}]},{"@type":"WebSite","@id":"https:\/\/www.loisir.tiki-factory.com\/en\/#website","url":"https:\/\/www.loisir.tiki-factory.com\/en\/","name":"TIKI FACTORY LOISIRS","description":"Vente de paddles et accessoires en ligne pour les loisirs","publisher":{"@id":"https:\/\/www.loisir.tiki-factory.com\/en\/#organization"},"potentialAction":[{"@type":"SearchAction","target":{"@type":"EntryPoint","urlTemplate":"https:\/\/www.loisir.tiki-factory.com\/en\/?s={search_term_string}"},"query-input":"required name=search_term_string"}],"inLanguage":"en-GB"},{"@type":"Organization","@id":"https:\/\/www.loisir.tiki-factory.com\/en\/#organization","name":"TIKI FACTORY","url":"https:\/\/www.loisir.tiki-factory.com\/en\/","logo":{"@type":"ImageObject","inLanguage":"en-GB","@id":"https:\/\/www.loisir.tiki-factory.com\/en\/#\/schema\/logo\/image\/","url":"https:\/\/www.loisir.tiki-factory.com\/wp-content\/uploads\/2020\/12\/image-partage-facebook-tiki-factory.jpg","contentUrl":"https:\/\/www.loisir.tiki-factory.com\/wp-content\/uploads\/2020\/12\/image-partage-facebook-tiki-factory.jpg","width":1200,"height":629,"caption":"TIKI FACTORY"},"image":{"@id":"https:\/\/www.loisir.tiki-factory.com\/en\/#\/schema\/logo\/image\/"},"sameAs":["https:\/\/www.facebook.com\/TIKI-Factory-472166199484072","https:\/\/www.youtube.com\/channel\/UCDhHkHdueO5AGNLAVD8VZsg"]}]}},"_links":{"self":[{"href":"https:\/\/www.loisir.tiki-factory.com\/en\/wp-json\/wp\/v2\/product\/1331"}],"collection":[{"href":"https:\/\/www.loisir.tiki-factory.com\/en\/wp-json\/wp\/v2\/product"}],"about":[{"href":"https:\/\/www.loisir.tiki-factory.com\/en\/wp-json\/wp\/v2\/types\/product"}],"wp:featuredmedia":[{"embeddable":true,"href":"https:\/\/www.loisir.tiki-factory.com\/en\/wp-json\/wp\/v2\/media\/4696"}],"wp:attachment":[{"href":"https:\/\/www.loisir.tiki-factory.com\/en\/wp-json\/wp\/v2\/media?parent=1331"}],"wp:term":[{"taxonomy":"product_cat","embeddable":true,"href":"https:\/\/www.loisir.tiki-factory.com\/en\/wp-json\/wp\/v2\/product_cat?post=1331"},{"taxonomy":"product_tag","embeddable":true,"href":"https:\/\/www.loisir.tiki-factory.com\/en\/wp-json\/wp\/v2\/product_tag?post=1331"}],"curies":[{"name":"wp","href":"https:\/\/api.w.org\/{rel}","templated":true}]}}