{"id":1335,"date":"2020-11-17T12:44:36","date_gmt":"2020-11-17T11:44:36","guid":{"rendered":"https:\/\/www.loisir.tiki-factory.com\/produit\/passerelle-gonflable-acces-a-bord-250\/"},"modified":"2026-03-13T10:14:49","modified_gmt":"2026-03-13T09:14:49","slug":"passerelle-gonflable-acces-a-bord-250","status":"publish","type":"product","link":"https:\/\/www.loisir.tiki-factory.com\/en\/plateformes-kayaks\/passerelles-acces-a-bord\/passerelle-gonflable-acces-a-bord-250","title":{"rendered":"PASSERELLE GONFLABLE ACCES A BORD 250 SEULE"},"content":{"rendered":"<p>PASSERELLE 250 : Dim 250x60x15 : 9 kg Encombrement pli\u00e9 : 70x40x15<br \/>\nManufacture of the gateway using MSL double skin and double chamber dropstitch technology.<br \/>\nWHY CHOOSE AN INFLATABLE PLATFORM: Because the Model is registered with the INPI.<br \/>\nPermettre de monter \u00e0 bord d\u2019un bateau sur une passerelle qui serait \u00e0 la fois rigide, s\u00e9curis\u00e9e par des garde corps, l\u00e9g\u00e8re \u00e0 d\u00e9placer , sans entretien et durable dans le temps tel \u00e9tait notre d\u00e9fi technique. La mise en \u0153uvre ne prend que 5 minutes avec une pompe \u00e0 main ou \u00e9lec-trique. Le rangement est ais\u00e9 car une fois d\u00e9gonfl\u00e9e l\u2019encombrement est de seulement 70x40x15 cm. Pour un maximum de rigidit\u00e9, la plateforme est \u00e9quip\u00e9e d\u2019un syst\u00e8me de double chambre et double martingale. La passerelles est utilisable avec ou sans les gardes corps d\u00e9tachables. Un <b>patin<\/b> d\u2019usure amovible assure la liaison avec le quai du port sans abimer la struc-ture gonflable.<br \/>\nElle est livr\u00e9e sans syst\u00e8me de gonflage.<\/p>","protected":false},"excerpt":{"rendered":"<p>Passerelle d\u2019acc\u00e8s gonflable avec main courante et un <b>patin<\/b> de protection en T\u00e9flon pour le c\u00f4t\u00e9 ponton , \u00a0elle est livr\u00e9e \u00a0sans syst\u00e8me de gonflage .<\/p>\n<p>en option nous vous recommandons un adaptateur compresseur ou\u00a0une pompe \u00e0 main ou un gonfleur \u00e9lectrique . Vous les trouverez dans la rubrique \u00a0\u00ab accessoires \u00bb .<\/p>","protected":false},"featured_media":4872,"template":"","meta":[],"product_cat":[96,99,114],"product_tag":[],"yoast_head":"<!-- This site is optimized with the Yoast SEO plugin v21.1 - https:\/\/yoast.com\/wordpress\/plugins\/seo\/ -->\n<title>TIKI FACTORY LOISIRS ~ PASSERELLE GONFLABLE ACCES A BORD 250 SEULE<\/title>\n<meta name=\"robots\" content=\"index, follow, max-snippet:-1, max-image-preview:large, max-video-preview:-1\" \/>\n<link rel=\"canonical\" href=\"https:\/\/www.loisir.tiki-factory.com\/en\/plateformes-kayaks\/passerelles-acces-a-bord\/passerelle-gonflable-acces-a-bord-250\" \/>\n<meta property=\"og:locale\" content=\"en_GB\" \/>\n<meta property=\"og:type\" content=\"article\" \/>\n<meta property=\"og:title\" content=\"TIKI FACTORY LOISIRS ~ PASSERELLE GONFLABLE ACCES A BORD 250 SEULE\" \/>\n<meta property=\"og:description\" content=\"Passerelle d\u2019acc\u00e8s gonflable avec main courante et un patin de protection en T\u00e9flon pour le c\u00f4t\u00e9 ponton , \u00a0elle est livr\u00e9e \u00a0sans syst\u00e8me de gonflage .  en option nous vous recommandons un adaptateur compresseur ou\u00a0une pompe \u00e0 main ou un gonfleur \u00e9lectrique . Vous les trouverez dans la rubrique \u00a0\u00ab accessoires \u00bb .\" \/>\n<meta property=\"og:url\" content=\"https:\/\/www.loisir.tiki-factory.com\/en\/plateformes-kayaks\/passerelles-acces-a-bord\/passerelle-gonflable-acces-a-bord-250\" \/>\n<meta property=\"og:site_name\" content=\"TIKI FACTORY LOISIRS\" \/>\n<meta property=\"article:publisher\" content=\"https:\/\/www.facebook.com\/TIKI-Factory-472166199484072\" \/>\n<meta property=\"article:modified_time\" content=\"2026-03-13T09:14:49+00:00\" \/>\n<meta property=\"og:image\" content=\"https:\/\/www.loisir.tiki-factory.com\/wp-content\/uploads\/2022\/11\/48E53B13-0829-433A-B86C-C30AFD613312-1024x1024.png\" \/>\n\t<meta property=\"og:image:width\" content=\"1024\" \/>\n\t<meta property=\"og:image:height\" content=\"1024\" \/>\n\t<meta property=\"og:image:type\" content=\"image\/png\" \/>\n<meta name=\"twitter:card\" content=\"summary_large_image\" \/>\n<meta name=\"twitter:label1\" content=\"Estimated reading time\" \/>\n\t<meta name=\"twitter:data1\" content=\"1 minute\" \/>\n<script type=\"application\/ld+json\" class=\"yoast-schema-graph\">{\"@context\":\"https:\/\/schema.org\",\"@graph\":[{\"@type\":\"WebPage\",\"@id\":\"https:\/\/www.loisir.tiki-factory.com\/en\/plateformes-kayaks\/passerelles-acces-a-bord\/passerelle-gonflable-acces-a-bord-250\",\"url\":\"https:\/\/www.loisir.tiki-factory.com\/en\/plateformes-kayaks\/passerelles-acces-a-bord\/passerelle-gonflable-acces-a-bord-250\",\"name\":\"TIKI FACTORY LOISIRS ~ PASSERELLE GONFLABLE ACCES A BORD 250 SEULE\",\"isPartOf\":{\"@id\":\"https:\/\/www.loisir.tiki-factory.com\/en\/#website\"},\"datePublished\":\"2020-11-17T11:44:36+00:00\",\"dateModified\":\"2026-03-13T09:14:49+00:00\",\"breadcrumb\":{\"@id\":\"https:\/\/www.loisir.tiki-factory.com\/en\/plateformes-kayaks\/passerelles-acces-a-bord\/passerelle-gonflable-acces-a-bord-250#breadcrumb\"},\"inLanguage\":\"en-GB\",\"potentialAction\":[{\"@type\":\"ReadAction\",\"target\":[\"https:\/\/www.loisir.tiki-factory.com\/en\/plateformes-kayaks\/passerelles-acces-a-bord\/passerelle-gonflable-acces-a-bord-250\"]}]},{\"@type\":\"BreadcrumbList\",\"@id\":\"https:\/\/www.loisir.tiki-factory.com\/en\/plateformes-kayaks\/passerelles-acces-a-bord\/passerelle-gonflable-acces-a-bord-250#breadcrumb\",\"itemListElement\":[{\"@type\":\"ListItem\",\"position\":1,\"name\":\"Accueil\",\"item\":\"https:\/\/www.loisir.tiki-factory.com\/\"},{\"@type\":\"ListItem\",\"position\":2,\"name\":\"Boutique\",\"item\":\"https:\/\/www.loisir.tiki-factory.com\/en\/boutique\"},{\"@type\":\"ListItem\",\"position\":3,\"name\":\"PASSERELLE GONFLABLE ACCES A BORD 250 SEULE\"}]},{\"@type\":\"WebSite\",\"@id\":\"https:\/\/www.loisir.tiki-factory.com\/en\/#website\",\"url\":\"https:\/\/www.loisir.tiki-factory.com\/en\/\",\"name\":\"TIKI FACTORY LOISIRS\",\"description\":\"Vente de paddles et accessoires en ligne pour les loisirs\",\"publisher\":{\"@id\":\"https:\/\/www.loisir.tiki-factory.com\/en\/#organization\"},\"potentialAction\":[{\"@type\":\"SearchAction\",\"target\":{\"@type\":\"EntryPoint\",\"urlTemplate\":\"https:\/\/www.loisir.tiki-factory.com\/en\/?s={search_term_string}\"},\"query-input\":\"required name=search_term_string\"}],\"inLanguage\":\"en-GB\"},{\"@type\":\"Organization\",\"@id\":\"https:\/\/www.loisir.tiki-factory.com\/en\/#organization\",\"name\":\"TIKI FACTORY\",\"url\":\"https:\/\/www.loisir.tiki-factory.com\/en\/\",\"logo\":{\"@type\":\"ImageObject\",\"inLanguage\":\"en-GB\",\"@id\":\"https:\/\/www.loisir.tiki-factory.com\/en\/#\/schema\/logo\/image\/\",\"url\":\"https:\/\/www.loisir.tiki-factory.com\/wp-content\/uploads\/2020\/12\/image-partage-facebook-tiki-factory.jpg\",\"contentUrl\":\"https:\/\/www.loisir.tiki-factory.com\/wp-content\/uploads\/2020\/12\/image-partage-facebook-tiki-factory.jpg\",\"width\":1200,\"height\":629,\"caption\":\"TIKI FACTORY\"},\"image\":{\"@id\":\"https:\/\/www.loisir.tiki-factory.com\/en\/#\/schema\/logo\/image\/\"},\"sameAs\":[\"https:\/\/www.facebook.com\/TIKI-Factory-472166199484072\",\"https:\/\/www.youtube.com\/channel\/UCDhHkHdueO5AGNLAVD8VZsg\"]}]}<\/script>\n<!-- \/ Yoast SEO plugin. -->","yoast_head_json":{"title":"TIKI FACTORY LOISIRS ~ PASSERELLE GONFLABLE ACCES A BORD 250 SEULE","robots":{"index":"index","follow":"follow","max-snippet":"max-snippet:-1","max-image-preview":"max-image-preview:large","max-video-preview":"max-video-preview:-1"},"canonical":"https:\/\/www.loisir.tiki-factory.com\/en\/plateformes-kayaks\/passerelles-acces-a-bord\/passerelle-gonflable-acces-a-bord-250","og_locale":"en_GB","og_type":"article","og_title":"TIKI FACTORY LOISIRS ~ PASSERELLE GONFLABLE ACCES A BORD 250 SEULE","og_description":"Passerelle d\u2019acc\u00e8s gonflable avec main courante et un patin de protection en T\u00e9flon pour le c\u00f4t\u00e9 ponton , \u00a0elle est livr\u00e9e \u00a0sans syst\u00e8me de gonflage .  en option nous vous recommandons un adaptateur compresseur ou\u00a0une pompe \u00e0 main ou un gonfleur \u00e9lectrique . Vous les trouverez dans la rubrique \u00a0\u00ab accessoires \u00bb .","og_url":"https:\/\/www.loisir.tiki-factory.com\/en\/plateformes-kayaks\/passerelles-acces-a-bord\/passerelle-gonflable-acces-a-bord-250","og_site_name":"TIKI FACTORY LOISIRS","article_publisher":"https:\/\/www.facebook.com\/TIKI-Factory-472166199484072","article_modified_time":"2026-03-13T09:14:49+00:00","og_image":[{"width":1024,"height":1024,"url":"https:\/\/www.loisir.tiki-factory.com\/wp-content\/uploads\/2022\/11\/48E53B13-0829-433A-B86C-C30AFD613312-1024x1024.png","type":"image\/png"}],"twitter_card":"summary_large_image","twitter_misc":{"Estimated reading time":"1 minute"},"schema":{"@context":"https:\/\/schema.org","@graph":[{"@type":"WebPage","@id":"https:\/\/www.loisir.tiki-factory.com\/en\/plateformes-kayaks\/passerelles-acces-a-bord\/passerelle-gonflable-acces-a-bord-250","url":"https:\/\/www.loisir.tiki-factory.com\/en\/plateformes-kayaks\/passerelles-acces-a-bord\/passerelle-gonflable-acces-a-bord-250","name":"TIKI FACTORY LOISIRS ~ PASSERELLE GONFLABLE ACCES A BORD 250 SEULE","isPartOf":{"@id":"https:\/\/www.loisir.tiki-factory.com\/en\/#website"},"datePublished":"2020-11-17T11:44:36+00:00","dateModified":"2026-03-13T09:14:49+00:00","breadcrumb":{"@id":"https:\/\/www.loisir.tiki-factory.com\/en\/plateformes-kayaks\/passerelles-acces-a-bord\/passerelle-gonflable-acces-a-bord-250#breadcrumb"},"inLanguage":"en-GB","potentialAction":[{"@type":"ReadAction","target":["https:\/\/www.loisir.tiki-factory.com\/en\/plateformes-kayaks\/passerelles-acces-a-bord\/passerelle-gonflable-acces-a-bord-250"]}]},{"@type":"BreadcrumbList","@id":"https:\/\/www.loisir.tiki-factory.com\/en\/plateformes-kayaks\/passerelles-acces-a-bord\/passerelle-gonflable-acces-a-bord-250#breadcrumb","itemListElement":[{"@type":"ListItem","position":1,"name":"Accueil","item":"https:\/\/www.loisir.tiki-factory.com\/"},{"@type":"ListItem","position":2,"name":"Boutique","item":"https:\/\/www.loisir.tiki-factory.com\/en\/boutique"},{"@type":"ListItem","position":3,"name":"PASSERELLE GONFLABLE ACCES A BORD 250 SEULE"}]},{"@type":"WebSite","@id":"https:\/\/www.loisir.tiki-factory.com\/en\/#website","url":"https:\/\/www.loisir.tiki-factory.com\/en\/","name":"TIKI FACTORY LOISIRS","description":"Vente de paddles et accessoires en ligne pour les loisirs","publisher":{"@id":"https:\/\/www.loisir.tiki-factory.com\/en\/#organization"},"potentialAction":[{"@type":"SearchAction","target":{"@type":"EntryPoint","urlTemplate":"https:\/\/www.loisir.tiki-factory.com\/en\/?s={search_term_string}"},"query-input":"required name=search_term_string"}],"inLanguage":"en-GB"},{"@type":"Organization","@id":"https:\/\/www.loisir.tiki-factory.com\/en\/#organization","name":"TIKI FACTORY","url":"https:\/\/www.loisir.tiki-factory.com\/en\/","logo":{"@type":"ImageObject","inLanguage":"en-GB","@id":"https:\/\/www.loisir.tiki-factory.com\/en\/#\/schema\/logo\/image\/","url":"https:\/\/www.loisir.tiki-factory.com\/wp-content\/uploads\/2020\/12\/image-partage-facebook-tiki-factory.jpg","contentUrl":"https:\/\/www.loisir.tiki-factory.com\/wp-content\/uploads\/2020\/12\/image-partage-facebook-tiki-factory.jpg","width":1200,"height":629,"caption":"TIKI FACTORY"},"image":{"@id":"https:\/\/www.loisir.tiki-factory.com\/en\/#\/schema\/logo\/image\/"},"sameAs":["https:\/\/www.facebook.com\/TIKI-Factory-472166199484072","https:\/\/www.youtube.com\/channel\/UCDhHkHdueO5AGNLAVD8VZsg"]}]}},"_links":{"self":[{"href":"https:\/\/www.loisir.tiki-factory.com\/en\/wp-json\/wp\/v2\/product\/1335"}],"collection":[{"href":"https:\/\/www.loisir.tiki-factory.com\/en\/wp-json\/wp\/v2\/product"}],"about":[{"href":"https:\/\/www.loisir.tiki-factory.com\/en\/wp-json\/wp\/v2\/types\/product"}],"wp:featuredmedia":[{"embeddable":true,"href":"https:\/\/www.loisir.tiki-factory.com\/en\/wp-json\/wp\/v2\/media\/4872"}],"wp:attachment":[{"href":"https:\/\/www.loisir.tiki-factory.com\/en\/wp-json\/wp\/v2\/media?parent=1335"}],"wp:term":[{"taxonomy":"product_cat","embeddable":true,"href":"https:\/\/www.loisir.tiki-factory.com\/en\/wp-json\/wp\/v2\/product_cat?post=1335"},{"taxonomy":"product_tag","embeddable":true,"href":"https:\/\/www.loisir.tiki-factory.com\/en\/wp-json\/wp\/v2\/product_tag?post=1335"}],"curies":[{"name":"wp","href":"https:\/\/api.w.org\/{rel}","templated":true}]}}