{"id":1340,"date":"2020-11-17T12:44:37","date_gmt":"2020-11-17T11:44:37","guid":{"rendered":"https:\/\/www.loisir.tiki-factory.com\/produit\/pompe-electrique-20-psi\/"},"modified":"2026-03-03T10:23:31","modified_gmt":"2026-03-03T09:23:31","slug":"pompe-electrique-20-psi","status":"publish","type":"product","link":"https:\/\/www.loisir.tiki-factory.com\/en\/accessoires\/pompes-gonflage\/pompe-electrique-20-psi","title":{"rendered":"POMPE ELECTRIQUE 20 PSI"},"content":{"rendered":"<ul class=\"a-unordered-list a-vertical a-spacing-mini\">\n<li class=\"a-spacing-mini\"><span class=\"a-list-item\">Fabriqu\u00e9 en mat\u00e9riaux ABS et nylon d&rsquo;ing\u00e9nierie, qui sont durables <\/span><\/li>\n<li class=\"a-spacing-mini\"><span class=\"a-list-item\">Pompe automatique \u00e0 double \u00e9tage : 1\u00e8re \u00e9tape pour une vitesse maximale \u00e0 350 l\/min et 2\u00e8me \u00e9tape pour une pression maximale \u00e0 70 l\/min, le r\u00e9glage de la pression est augment\u00e9 de 0,5 psi, et le soutien maximum est de 20 psi <\/span><\/li>\n<li class=\"a-spacing-mini\"><span class=\"a-list-item\">Utilisez l&rsquo;\u00e9cran num\u00e9rique int\u00e9gr\u00e9 pour d\u00e9finir la pression souhait\u00e9e et surveiller la pression en temps r\u00e9el ; filtre \u00e0 sable int\u00e9gr\u00e9 pour syst\u00e8me d&rsquo;admission et de refroidissement de pompe <\/span><\/li>\n<li class=\"a-spacing-mini\"><span class=\"a-list-item\">Dimensions : 270 x 180 x 190 mm, ultra l\u00e9ger 1,8 kg, petite taille, facile \u00e0 transporter, id\u00e9al pour l&rsquo;ext\u00e9rieur, les sports nautiques et le camping <\/span><\/li>\n<li class=\"a-spacing-mini\"><span class=\"a-list-item\">Contenu : 1 pompe \u00e0 air, 1 tuyau <\/span><\/li>\n<\/ul>","protected":false},"excerpt":{"rendered":"<p>Pompe \u00e0 air \u00e9lectrique SUP 20 PSI 12 V DC Pompe haute pression avec fonction intelligente d&rsquo;arr\u00eat automatique double \u00e9tape pour gonfler paddle bateau, matelas gonflable, kayak, rafts<\/p>","protected":false},"featured_media":5224,"template":"","meta":[],"product_cat":[100,108],"product_tag":[],"yoast_head":"<!-- This site is optimized with the Yoast SEO plugin v21.1 - https:\/\/yoast.com\/wordpress\/plugins\/seo\/ -->\n<title>TIKI FACTORY LOISIRS ~ POMPE ELECTRIQUE 20 PSI<\/title>\n<meta name=\"robots\" content=\"index, follow, max-snippet:-1, max-image-preview:large, max-video-preview:-1\" \/>\n<link rel=\"canonical\" href=\"https:\/\/www.loisir.tiki-factory.com\/en\/accessoires\/pompes-gonflage\/pompe-electrique-20-psi\" \/>\n<meta property=\"og:locale\" content=\"en_GB\" \/>\n<meta property=\"og:type\" content=\"article\" \/>\n<meta property=\"og:title\" content=\"TIKI FACTORY LOISIRS ~ POMPE ELECTRIQUE 20 PSI\" \/>\n<meta property=\"og:description\" content=\"Pompe \u00e0 air \u00e9lectrique SUP 20 PSI 12 V DC Pompe haute pression avec fonction intelligente d&#039;arr\u00eat automatique double \u00e9tape pour gonfler paddle bateau, matelas gonflable, kayak, rafts\" \/>\n<meta property=\"og:url\" content=\"https:\/\/www.loisir.tiki-factory.com\/en\/accessoires\/pompes-gonflage\/pompe-electrique-20-psi\" \/>\n<meta property=\"og:site_name\" content=\"TIKI FACTORY LOISIRS\" \/>\n<meta property=\"article:publisher\" content=\"https:\/\/www.facebook.com\/TIKI-Factory-472166199484072\" \/>\n<meta property=\"article:modified_time\" content=\"2026-03-03T09:23:31+00:00\" \/>\n<meta property=\"og:image\" content=\"https:\/\/www.loisir.tiki-factory.com\/wp-content\/uploads\/2020\/11\/pompe-electrique-20-psi-1.jpeg\" \/>\n\t<meta property=\"og:image:width\" content=\"960\" \/>\n\t<meta property=\"og:image:height\" content=\"960\" \/>\n\t<meta property=\"og:image:type\" content=\"image\/jpeg\" \/>\n<meta name=\"twitter:card\" content=\"summary_large_image\" \/>\n<meta name=\"twitter:label1\" content=\"Estimated reading time\" \/>\n\t<meta name=\"twitter:data1\" content=\"1 minute\" \/>\n<script type=\"application\/ld+json\" class=\"yoast-schema-graph\">{\"@context\":\"https:\/\/schema.org\",\"@graph\":[{\"@type\":\"WebPage\",\"@id\":\"https:\/\/www.loisir.tiki-factory.com\/en\/accessoires\/pompes-gonflage\/pompe-electrique-20-psi\",\"url\":\"https:\/\/www.loisir.tiki-factory.com\/en\/accessoires\/pompes-gonflage\/pompe-electrique-20-psi\",\"name\":\"TIKI FACTORY LOISIRS ~ POMPE ELECTRIQUE 20 PSI\",\"isPartOf\":{\"@id\":\"https:\/\/www.loisir.tiki-factory.com\/en\/#website\"},\"datePublished\":\"2020-11-17T11:44:37+00:00\",\"dateModified\":\"2026-03-03T09:23:31+00:00\",\"breadcrumb\":{\"@id\":\"https:\/\/www.loisir.tiki-factory.com\/en\/accessoires\/pompes-gonflage\/pompe-electrique-20-psi#breadcrumb\"},\"inLanguage\":\"en-GB\",\"potentialAction\":[{\"@type\":\"ReadAction\",\"target\":[\"https:\/\/www.loisir.tiki-factory.com\/en\/accessoires\/pompes-gonflage\/pompe-electrique-20-psi\"]}]},{\"@type\":\"BreadcrumbList\",\"@id\":\"https:\/\/www.loisir.tiki-factory.com\/en\/accessoires\/pompes-gonflage\/pompe-electrique-20-psi#breadcrumb\",\"itemListElement\":[{\"@type\":\"ListItem\",\"position\":1,\"name\":\"Accueil\",\"item\":\"https:\/\/www.loisir.tiki-factory.com\/\"},{\"@type\":\"ListItem\",\"position\":2,\"name\":\"Boutique\",\"item\":\"https:\/\/www.loisir.tiki-factory.com\/en\/boutique\"},{\"@type\":\"ListItem\",\"position\":3,\"name\":\"POMPE ELECTRIQUE 20 PSI\"}]},{\"@type\":\"WebSite\",\"@id\":\"https:\/\/www.loisir.tiki-factory.com\/en\/#website\",\"url\":\"https:\/\/www.loisir.tiki-factory.com\/en\/\",\"name\":\"TIKI FACTORY LOISIRS\",\"description\":\"Vente de paddles et accessoires en ligne pour les loisirs\",\"publisher\":{\"@id\":\"https:\/\/www.loisir.tiki-factory.com\/en\/#organization\"},\"potentialAction\":[{\"@type\":\"SearchAction\",\"target\":{\"@type\":\"EntryPoint\",\"urlTemplate\":\"https:\/\/www.loisir.tiki-factory.com\/en\/?s={search_term_string}\"},\"query-input\":\"required name=search_term_string\"}],\"inLanguage\":\"en-GB\"},{\"@type\":\"Organization\",\"@id\":\"https:\/\/www.loisir.tiki-factory.com\/en\/#organization\",\"name\":\"TIKI FACTORY\",\"url\":\"https:\/\/www.loisir.tiki-factory.com\/en\/\",\"logo\":{\"@type\":\"ImageObject\",\"inLanguage\":\"en-GB\",\"@id\":\"https:\/\/www.loisir.tiki-factory.com\/en\/#\/schema\/logo\/image\/\",\"url\":\"https:\/\/www.loisir.tiki-factory.com\/wp-content\/uploads\/2020\/12\/image-partage-facebook-tiki-factory.jpg\",\"contentUrl\":\"https:\/\/www.loisir.tiki-factory.com\/wp-content\/uploads\/2020\/12\/image-partage-facebook-tiki-factory.jpg\",\"width\":1200,\"height\":629,\"caption\":\"TIKI FACTORY\"},\"image\":{\"@id\":\"https:\/\/www.loisir.tiki-factory.com\/en\/#\/schema\/logo\/image\/\"},\"sameAs\":[\"https:\/\/www.facebook.com\/TIKI-Factory-472166199484072\",\"https:\/\/www.youtube.com\/channel\/UCDhHkHdueO5AGNLAVD8VZsg\"]}]}<\/script>\n<!-- \/ Yoast SEO plugin. -->","yoast_head_json":{"title":"TIKI FACTORY LOISIRS ~ POMPE ELECTRIQUE 20 PSI","robots":{"index":"index","follow":"follow","max-snippet":"max-snippet:-1","max-image-preview":"max-image-preview:large","max-video-preview":"max-video-preview:-1"},"canonical":"https:\/\/www.loisir.tiki-factory.com\/en\/accessoires\/pompes-gonflage\/pompe-electrique-20-psi","og_locale":"en_GB","og_type":"article","og_title":"TIKI FACTORY LOISIRS ~ POMPE ELECTRIQUE 20 PSI","og_description":"Pompe \u00e0 air \u00e9lectrique SUP 20 PSI 12 V DC Pompe haute pression avec fonction intelligente d'arr\u00eat automatique double \u00e9tape pour gonfler paddle bateau, matelas gonflable, kayak, rafts","og_url":"https:\/\/www.loisir.tiki-factory.com\/en\/accessoires\/pompes-gonflage\/pompe-electrique-20-psi","og_site_name":"TIKI FACTORY LOISIRS","article_publisher":"https:\/\/www.facebook.com\/TIKI-Factory-472166199484072","article_modified_time":"2026-03-03T09:23:31+00:00","og_image":[{"width":960,"height":960,"url":"https:\/\/www.loisir.tiki-factory.com\/wp-content\/uploads\/2020\/11\/pompe-electrique-20-psi-1.jpeg","type":"image\/jpeg"}],"twitter_card":"summary_large_image","twitter_misc":{"Estimated reading time":"1 minute"},"schema":{"@context":"https:\/\/schema.org","@graph":[{"@type":"WebPage","@id":"https:\/\/www.loisir.tiki-factory.com\/en\/accessoires\/pompes-gonflage\/pompe-electrique-20-psi","url":"https:\/\/www.loisir.tiki-factory.com\/en\/accessoires\/pompes-gonflage\/pompe-electrique-20-psi","name":"TIKI FACTORY LOISIRS ~ POMPE ELECTRIQUE 20 PSI","isPartOf":{"@id":"https:\/\/www.loisir.tiki-factory.com\/en\/#website"},"datePublished":"2020-11-17T11:44:37+00:00","dateModified":"2026-03-03T09:23:31+00:00","breadcrumb":{"@id":"https:\/\/www.loisir.tiki-factory.com\/en\/accessoires\/pompes-gonflage\/pompe-electrique-20-psi#breadcrumb"},"inLanguage":"en-GB","potentialAction":[{"@type":"ReadAction","target":["https:\/\/www.loisir.tiki-factory.com\/en\/accessoires\/pompes-gonflage\/pompe-electrique-20-psi"]}]},{"@type":"BreadcrumbList","@id":"https:\/\/www.loisir.tiki-factory.com\/en\/accessoires\/pompes-gonflage\/pompe-electrique-20-psi#breadcrumb","itemListElement":[{"@type":"ListItem","position":1,"name":"Accueil","item":"https:\/\/www.loisir.tiki-factory.com\/"},{"@type":"ListItem","position":2,"name":"Boutique","item":"https:\/\/www.loisir.tiki-factory.com\/en\/boutique"},{"@type":"ListItem","position":3,"name":"POMPE ELECTRIQUE 20 PSI"}]},{"@type":"WebSite","@id":"https:\/\/www.loisir.tiki-factory.com\/en\/#website","url":"https:\/\/www.loisir.tiki-factory.com\/en\/","name":"TIKI FACTORY LOISIRS","description":"Vente de paddles et accessoires en ligne pour les loisirs","publisher":{"@id":"https:\/\/www.loisir.tiki-factory.com\/en\/#organization"},"potentialAction":[{"@type":"SearchAction","target":{"@type":"EntryPoint","urlTemplate":"https:\/\/www.loisir.tiki-factory.com\/en\/?s={search_term_string}"},"query-input":"required name=search_term_string"}],"inLanguage":"en-GB"},{"@type":"Organization","@id":"https:\/\/www.loisir.tiki-factory.com\/en\/#organization","name":"TIKI FACTORY","url":"https:\/\/www.loisir.tiki-factory.com\/en\/","logo":{"@type":"ImageObject","inLanguage":"en-GB","@id":"https:\/\/www.loisir.tiki-factory.com\/en\/#\/schema\/logo\/image\/","url":"https:\/\/www.loisir.tiki-factory.com\/wp-content\/uploads\/2020\/12\/image-partage-facebook-tiki-factory.jpg","contentUrl":"https:\/\/www.loisir.tiki-factory.com\/wp-content\/uploads\/2020\/12\/image-partage-facebook-tiki-factory.jpg","width":1200,"height":629,"caption":"TIKI FACTORY"},"image":{"@id":"https:\/\/www.loisir.tiki-factory.com\/en\/#\/schema\/logo\/image\/"},"sameAs":["https:\/\/www.facebook.com\/TIKI-Factory-472166199484072","https:\/\/www.youtube.com\/channel\/UCDhHkHdueO5AGNLAVD8VZsg"]}]}},"_links":{"self":[{"href":"https:\/\/www.loisir.tiki-factory.com\/en\/wp-json\/wp\/v2\/product\/1340"}],"collection":[{"href":"https:\/\/www.loisir.tiki-factory.com\/en\/wp-json\/wp\/v2\/product"}],"about":[{"href":"https:\/\/www.loisir.tiki-factory.com\/en\/wp-json\/wp\/v2\/types\/product"}],"wp:featuredmedia":[{"embeddable":true,"href":"https:\/\/www.loisir.tiki-factory.com\/en\/wp-json\/wp\/v2\/media\/5224"}],"wp:attachment":[{"href":"https:\/\/www.loisir.tiki-factory.com\/en\/wp-json\/wp\/v2\/media?parent=1340"}],"wp:term":[{"taxonomy":"product_cat","embeddable":true,"href":"https:\/\/www.loisir.tiki-factory.com\/en\/wp-json\/wp\/v2\/product_cat?post=1340"},{"taxonomy":"product_tag","embeddable":true,"href":"https:\/\/www.loisir.tiki-factory.com\/en\/wp-json\/wp\/v2\/product_tag?post=1340"}],"curies":[{"name":"wp","href":"https:\/\/api.w.org\/{rel}","templated":true}]}}