{"id":1352,"date":"2020-11-17T12:44:40","date_gmt":"2020-11-17T11:44:40","guid":{"rendered":"https:\/\/www.loisir.tiki-factory.com\/produit\/import-placeholder-for-305\/"},"modified":"2026-02-10T18:34:02","modified_gmt":"2026-02-10T17:34:02","slug":"planche-e-sup-maxi-11-electrique","status":"publish","type":"product","link":"https:\/\/www.loisir.tiki-factory.com\/en\/surf-sup\/planche-e-sup-maxi-11-electrique","title":{"rendered":"BOARD E-SUP MAXI 11 Electric"},"content":{"rendered":"","protected":false},"excerpt":{"rendered":"<p>Electric propulsion pack including the complete maxi 11\u2019 SUP (pump, aluminum paddle, bag, leash) and the K4 motorization kit for complete SUP (B2 battery, motor unit, charger, remote control) autonomy at full charge 120 min at a maximum speed of 8 knots.<\/p>","protected":false},"featured_media":4732,"template":"","meta":[],"product_cat":[80,85],"product_tag":[],"yoast_head":"<!-- This site is optimized with the Yoast SEO plugin v21.1 - https:\/\/yoast.com\/wordpress\/plugins\/seo\/ -->\n<title>TIKI FACTORY LOISIRS ~ PLANCHE E-SUP MAXI 11 Electrique<\/title>\n<meta name=\"robots\" content=\"index, follow, max-snippet:-1, max-image-preview:large, max-video-preview:-1\" \/>\n<link rel=\"canonical\" href=\"https:\/\/www.loisir.tiki-factory.com\/en\/surf-sup\/planche-e-sup-maxi-11-electrique\" \/>\n<meta property=\"og:locale\" content=\"en_GB\" \/>\n<meta property=\"og:type\" content=\"article\" \/>\n<meta property=\"og:title\" content=\"TIKI FACTORY LOISIRS ~ PLANCHE E-SUP MAXI 11 Electrique\" \/>\n<meta property=\"og:description\" content=\"Pack propulsion \u00e9lectrique comprenant le sup maxi 11\u2019 complet ( pompe, pagaie alu, sac, leash \u00a0)et le Kit de motorisation K4 pour SUP complet (batterie B2, bloc moteur, chargeur, t\u00e9l\u00e9commande) autonomie \u00e0 pleine charge 120 min a une vitesse maximum 8 n\u0153uds.\" \/>\n<meta property=\"og:url\" content=\"https:\/\/www.loisir.tiki-factory.com\/en\/surf-sup\/planche-e-sup-maxi-11-electrique\" \/>\n<meta property=\"og:site_name\" content=\"TIKI FACTORY LOISIRS\" \/>\n<meta property=\"article:publisher\" content=\"https:\/\/www.facebook.com\/TIKI-Factory-472166199484072\" \/>\n<meta property=\"article:modified_time\" content=\"2026-02-10T17:34:02+00:00\" \/>\n<meta property=\"og:image\" content=\"https:\/\/www.loisir.tiki-factory.com\/wp-content\/uploads\/2021\/11\/airwind-maxi-11-gonflable.jpg\" \/>\n\t<meta property=\"og:image:width\" content=\"1024\" \/>\n\t<meta property=\"og:image:height\" content=\"1024\" \/>\n\t<meta property=\"og:image:type\" content=\"image\/jpeg\" \/>\n<meta name=\"twitter:card\" content=\"summary_large_image\" \/>\n<script type=\"application\/ld+json\" class=\"yoast-schema-graph\">{\"@context\":\"https:\/\/schema.org\",\"@graph\":[{\"@type\":\"WebPage\",\"@id\":\"https:\/\/www.loisir.tiki-factory.com\/en\/surf-sup\/planche-e-sup-maxi-11-electrique\",\"url\":\"https:\/\/www.loisir.tiki-factory.com\/en\/surf-sup\/planche-e-sup-maxi-11-electrique\",\"name\":\"TIKI FACTORY LOISIRS ~ PLANCHE E-SUP MAXI 11 Electrique\",\"isPartOf\":{\"@id\":\"https:\/\/www.loisir.tiki-factory.com\/en\/#website\"},\"datePublished\":\"2020-11-17T11:44:40+00:00\",\"dateModified\":\"2026-02-10T17:34:02+00:00\",\"breadcrumb\":{\"@id\":\"https:\/\/www.loisir.tiki-factory.com\/en\/surf-sup\/planche-e-sup-maxi-11-electrique#breadcrumb\"},\"inLanguage\":\"en-GB\",\"potentialAction\":[{\"@type\":\"ReadAction\",\"target\":[\"https:\/\/www.loisir.tiki-factory.com\/en\/surf-sup\/planche-e-sup-maxi-11-electrique\"]}]},{\"@type\":\"BreadcrumbList\",\"@id\":\"https:\/\/www.loisir.tiki-factory.com\/en\/surf-sup\/planche-e-sup-maxi-11-electrique#breadcrumb\",\"itemListElement\":[{\"@type\":\"ListItem\",\"position\":1,\"name\":\"Accueil\",\"item\":\"https:\/\/www.loisir.tiki-factory.com\/\"},{\"@type\":\"ListItem\",\"position\":2,\"name\":\"Boutique\",\"item\":\"https:\/\/www.loisir.tiki-factory.com\/en\/boutique\"},{\"@type\":\"ListItem\",\"position\":3,\"name\":\"PLANCHE E-SUP MAXI 11 Electrique\"}]},{\"@type\":\"WebSite\",\"@id\":\"https:\/\/www.loisir.tiki-factory.com\/en\/#website\",\"url\":\"https:\/\/www.loisir.tiki-factory.com\/en\/\",\"name\":\"TIKI FACTORY LOISIRS\",\"description\":\"Vente de paddles et accessoires en ligne pour les loisirs\",\"publisher\":{\"@id\":\"https:\/\/www.loisir.tiki-factory.com\/en\/#organization\"},\"potentialAction\":[{\"@type\":\"SearchAction\",\"target\":{\"@type\":\"EntryPoint\",\"urlTemplate\":\"https:\/\/www.loisir.tiki-factory.com\/en\/?s={search_term_string}\"},\"query-input\":\"required name=search_term_string\"}],\"inLanguage\":\"en-GB\"},{\"@type\":\"Organization\",\"@id\":\"https:\/\/www.loisir.tiki-factory.com\/en\/#organization\",\"name\":\"TIKI FACTORY\",\"url\":\"https:\/\/www.loisir.tiki-factory.com\/en\/\",\"logo\":{\"@type\":\"ImageObject\",\"inLanguage\":\"en-GB\",\"@id\":\"https:\/\/www.loisir.tiki-factory.com\/en\/#\/schema\/logo\/image\/\",\"url\":\"https:\/\/www.loisir.tiki-factory.com\/wp-content\/uploads\/2020\/12\/image-partage-facebook-tiki-factory.jpg\",\"contentUrl\":\"https:\/\/www.loisir.tiki-factory.com\/wp-content\/uploads\/2020\/12\/image-partage-facebook-tiki-factory.jpg\",\"width\":1200,\"height\":629,\"caption\":\"TIKI FACTORY\"},\"image\":{\"@id\":\"https:\/\/www.loisir.tiki-factory.com\/en\/#\/schema\/logo\/image\/\"},\"sameAs\":[\"https:\/\/www.facebook.com\/TIKI-Factory-472166199484072\",\"https:\/\/www.youtube.com\/channel\/UCDhHkHdueO5AGNLAVD8VZsg\"]}]}<\/script>\n<!-- \/ Yoast SEO plugin. -->","yoast_head_json":{"title":"TIKI FACTORY LOISIRS ~ PLANCHE E-SUP MAXI 11 Electrique","robots":{"index":"index","follow":"follow","max-snippet":"max-snippet:-1","max-image-preview":"max-image-preview:large","max-video-preview":"max-video-preview:-1"},"canonical":"https:\/\/www.loisir.tiki-factory.com\/en\/surf-sup\/planche-e-sup-maxi-11-electrique","og_locale":"en_GB","og_type":"article","og_title":"TIKI FACTORY LOISIRS ~ PLANCHE E-SUP MAXI 11 Electrique","og_description":"Pack propulsion \u00e9lectrique comprenant le sup maxi 11\u2019 complet ( pompe, pagaie alu, sac, leash \u00a0)et le Kit de motorisation K4 pour SUP complet (batterie B2, bloc moteur, chargeur, t\u00e9l\u00e9commande) autonomie \u00e0 pleine charge 120 min a une vitesse maximum 8 n\u0153uds.","og_url":"https:\/\/www.loisir.tiki-factory.com\/en\/surf-sup\/planche-e-sup-maxi-11-electrique","og_site_name":"TIKI FACTORY LOISIRS","article_publisher":"https:\/\/www.facebook.com\/TIKI-Factory-472166199484072","article_modified_time":"2026-02-10T17:34:02+00:00","og_image":[{"width":1024,"height":1024,"url":"https:\/\/www.loisir.tiki-factory.com\/wp-content\/uploads\/2021\/11\/airwind-maxi-11-gonflable.jpg","type":"image\/jpeg"}],"twitter_card":"summary_large_image","schema":{"@context":"https:\/\/schema.org","@graph":[{"@type":"WebPage","@id":"https:\/\/www.loisir.tiki-factory.com\/en\/surf-sup\/planche-e-sup-maxi-11-electrique","url":"https:\/\/www.loisir.tiki-factory.com\/en\/surf-sup\/planche-e-sup-maxi-11-electrique","name":"TIKI FACTORY LOISIRS ~ PLANCHE E-SUP MAXI 11 Electrique","isPartOf":{"@id":"https:\/\/www.loisir.tiki-factory.com\/en\/#website"},"datePublished":"2020-11-17T11:44:40+00:00","dateModified":"2026-02-10T17:34:02+00:00","breadcrumb":{"@id":"https:\/\/www.loisir.tiki-factory.com\/en\/surf-sup\/planche-e-sup-maxi-11-electrique#breadcrumb"},"inLanguage":"en-GB","potentialAction":[{"@type":"ReadAction","target":["https:\/\/www.loisir.tiki-factory.com\/en\/surf-sup\/planche-e-sup-maxi-11-electrique"]}]},{"@type":"BreadcrumbList","@id":"https:\/\/www.loisir.tiki-factory.com\/en\/surf-sup\/planche-e-sup-maxi-11-electrique#breadcrumb","itemListElement":[{"@type":"ListItem","position":1,"name":"Accueil","item":"https:\/\/www.loisir.tiki-factory.com\/"},{"@type":"ListItem","position":2,"name":"Boutique","item":"https:\/\/www.loisir.tiki-factory.com\/en\/boutique"},{"@type":"ListItem","position":3,"name":"PLANCHE E-SUP MAXI 11 Electrique"}]},{"@type":"WebSite","@id":"https:\/\/www.loisir.tiki-factory.com\/en\/#website","url":"https:\/\/www.loisir.tiki-factory.com\/en\/","name":"TIKI FACTORY LOISIRS","description":"Vente de paddles et accessoires en ligne pour les loisirs","publisher":{"@id":"https:\/\/www.loisir.tiki-factory.com\/en\/#organization"},"potentialAction":[{"@type":"SearchAction","target":{"@type":"EntryPoint","urlTemplate":"https:\/\/www.loisir.tiki-factory.com\/en\/?s={search_term_string}"},"query-input":"required name=search_term_string"}],"inLanguage":"en-GB"},{"@type":"Organization","@id":"https:\/\/www.loisir.tiki-factory.com\/en\/#organization","name":"TIKI FACTORY","url":"https:\/\/www.loisir.tiki-factory.com\/en\/","logo":{"@type":"ImageObject","inLanguage":"en-GB","@id":"https:\/\/www.loisir.tiki-factory.com\/en\/#\/schema\/logo\/image\/","url":"https:\/\/www.loisir.tiki-factory.com\/wp-content\/uploads\/2020\/12\/image-partage-facebook-tiki-factory.jpg","contentUrl":"https:\/\/www.loisir.tiki-factory.com\/wp-content\/uploads\/2020\/12\/image-partage-facebook-tiki-factory.jpg","width":1200,"height":629,"caption":"TIKI FACTORY"},"image":{"@id":"https:\/\/www.loisir.tiki-factory.com\/en\/#\/schema\/logo\/image\/"},"sameAs":["https:\/\/www.facebook.com\/TIKI-Factory-472166199484072","https:\/\/www.youtube.com\/channel\/UCDhHkHdueO5AGNLAVD8VZsg"]}]}},"_links":{"self":[{"href":"https:\/\/www.loisir.tiki-factory.com\/en\/wp-json\/wp\/v2\/product\/1352"}],"collection":[{"href":"https:\/\/www.loisir.tiki-factory.com\/en\/wp-json\/wp\/v2\/product"}],"about":[{"href":"https:\/\/www.loisir.tiki-factory.com\/en\/wp-json\/wp\/v2\/types\/product"}],"wp:featuredmedia":[{"embeddable":true,"href":"https:\/\/www.loisir.tiki-factory.com\/en\/wp-json\/wp\/v2\/media\/4732"}],"wp:attachment":[{"href":"https:\/\/www.loisir.tiki-factory.com\/en\/wp-json\/wp\/v2\/media?parent=1352"}],"wp:term":[{"taxonomy":"product_cat","embeddable":true,"href":"https:\/\/www.loisir.tiki-factory.com\/en\/wp-json\/wp\/v2\/product_cat?post=1352"},{"taxonomy":"product_tag","embeddable":true,"href":"https:\/\/www.loisir.tiki-factory.com\/en\/wp-json\/wp\/v2\/product_tag?post=1352"}],"curies":[{"name":"wp","href":"https:\/\/api.w.org\/{rel}","templated":true}]}}