{"id":1356,"date":"2020-11-17T12:44:41","date_gmt":"2020-11-17T11:44:41","guid":{"rendered":"https:\/\/www.loisir.tiki-factory.com\/produit\/pied-de-mat-cardan-windsurf\/"},"modified":"2025-08-18T11:18:00","modified_gmt":"2025-08-18T09:18:00","slug":"pied-de-mat-cardan-windsurf","status":"publish","type":"product","link":"https:\/\/www.loisir.tiki-factory.com\/en\/accessoires\/pied-de-mat-cardan-windsurf","title":{"rendered":"WINDSURF CARDAN MAT FOOT"},"content":{"rendered":"","protected":false},"excerpt":{"rendered":"<p>Mast foot with gimbal allowing to connect a rig with a windsurf board. M8 threaded rod with square nut and universal shaft for mast base connection.<\/p>","protected":false},"featured_media":4653,"template":"","meta":[],"product_cat":[139,100],"product_tag":[],"yoast_head":"<!-- This site is optimized with the Yoast SEO plugin v21.1 - https:\/\/yoast.com\/wordpress\/plugins\/seo\/ -->\n<title>TIKI FACTORY LOISIRS ~ PIED DE MAT CARDAN WINDSURF<\/title>\n<meta name=\"robots\" content=\"index, follow, max-snippet:-1, max-image-preview:large, max-video-preview:-1\" \/>\n<link rel=\"canonical\" href=\"https:\/\/www.loisir.tiki-factory.com\/en\/accessoires\/pied-de-mat-cardan-windsurf\" \/>\n<meta property=\"og:locale\" content=\"en_GB\" \/>\n<meta property=\"og:type\" content=\"article\" \/>\n<meta property=\"og:title\" content=\"TIKI FACTORY LOISIRS ~ PIED DE MAT CARDAN WINDSURF\" \/>\n<meta property=\"og:description\" content=\"Pied de mat avec cardan permettant de connecter un gr\u00e9ement avec un flotteur de windsurf. Tige filet\u00e9 en M8 avec \u00e9crou carr\u00e9 et axe universel pour connection \u00e0 base de mat.\" \/>\n<meta property=\"og:url\" content=\"https:\/\/www.loisir.tiki-factory.com\/en\/accessoires\/pied-de-mat-cardan-windsurf\" \/>\n<meta property=\"og:site_name\" content=\"TIKI FACTORY LOISIRS\" \/>\n<meta property=\"article:publisher\" content=\"https:\/\/www.facebook.com\/TIKI-Factory-472166199484072\" \/>\n<meta property=\"article:modified_time\" content=\"2025-08-18T09:18:00+00:00\" \/>\n<meta property=\"og:image\" content=\"https:\/\/www.loisir.tiki-factory.com\/wp-content\/uploads\/2020\/11\/pied-mat-cardan-windsurf-1.jpg\" \/>\n\t<meta property=\"og:image:width\" content=\"960\" \/>\n\t<meta property=\"og:image:height\" content=\"960\" \/>\n\t<meta property=\"og:image:type\" content=\"image\/jpeg\" \/>\n<meta name=\"twitter:card\" content=\"summary_large_image\" \/>\n<script type=\"application\/ld+json\" class=\"yoast-schema-graph\">{\"@context\":\"https:\/\/schema.org\",\"@graph\":[{\"@type\":\"WebPage\",\"@id\":\"https:\/\/www.loisir.tiki-factory.com\/en\/accessoires\/pied-de-mat-cardan-windsurf\",\"url\":\"https:\/\/www.loisir.tiki-factory.com\/en\/accessoires\/pied-de-mat-cardan-windsurf\",\"name\":\"TIKI FACTORY LOISIRS ~ PIED DE MAT CARDAN WINDSURF\",\"isPartOf\":{\"@id\":\"https:\/\/www.loisir.tiki-factory.com\/en\/#website\"},\"datePublished\":\"2020-11-17T11:44:41+00:00\",\"dateModified\":\"2025-08-18T09:18:00+00:00\",\"breadcrumb\":{\"@id\":\"https:\/\/www.loisir.tiki-factory.com\/en\/accessoires\/pied-de-mat-cardan-windsurf#breadcrumb\"},\"inLanguage\":\"en-GB\",\"potentialAction\":[{\"@type\":\"ReadAction\",\"target\":[\"https:\/\/www.loisir.tiki-factory.com\/en\/accessoires\/pied-de-mat-cardan-windsurf\"]}]},{\"@type\":\"BreadcrumbList\",\"@id\":\"https:\/\/www.loisir.tiki-factory.com\/en\/accessoires\/pied-de-mat-cardan-windsurf#breadcrumb\",\"itemListElement\":[{\"@type\":\"ListItem\",\"position\":1,\"name\":\"Accueil\",\"item\":\"https:\/\/www.loisir.tiki-factory.com\/\"},{\"@type\":\"ListItem\",\"position\":2,\"name\":\"Boutique\",\"item\":\"https:\/\/www.loisir.tiki-factory.com\/en\/boutique\"},{\"@type\":\"ListItem\",\"position\":3,\"name\":\"PIED DE MAT CARDAN WINDSURF\"}]},{\"@type\":\"WebSite\",\"@id\":\"https:\/\/www.loisir.tiki-factory.com\/en\/#website\",\"url\":\"https:\/\/www.loisir.tiki-factory.com\/en\/\",\"name\":\"TIKI FACTORY LOISIRS\",\"description\":\"Vente de paddles et accessoires en ligne pour les loisirs\",\"publisher\":{\"@id\":\"https:\/\/www.loisir.tiki-factory.com\/en\/#organization\"},\"potentialAction\":[{\"@type\":\"SearchAction\",\"target\":{\"@type\":\"EntryPoint\",\"urlTemplate\":\"https:\/\/www.loisir.tiki-factory.com\/en\/?s={search_term_string}\"},\"query-input\":\"required name=search_term_string\"}],\"inLanguage\":\"en-GB\"},{\"@type\":\"Organization\",\"@id\":\"https:\/\/www.loisir.tiki-factory.com\/en\/#organization\",\"name\":\"TIKI FACTORY\",\"url\":\"https:\/\/www.loisir.tiki-factory.com\/en\/\",\"logo\":{\"@type\":\"ImageObject\",\"inLanguage\":\"en-GB\",\"@id\":\"https:\/\/www.loisir.tiki-factory.com\/en\/#\/schema\/logo\/image\/\",\"url\":\"https:\/\/www.loisir.tiki-factory.com\/wp-content\/uploads\/2020\/12\/image-partage-facebook-tiki-factory.jpg\",\"contentUrl\":\"https:\/\/www.loisir.tiki-factory.com\/wp-content\/uploads\/2020\/12\/image-partage-facebook-tiki-factory.jpg\",\"width\":1200,\"height\":629,\"caption\":\"TIKI FACTORY\"},\"image\":{\"@id\":\"https:\/\/www.loisir.tiki-factory.com\/en\/#\/schema\/logo\/image\/\"},\"sameAs\":[\"https:\/\/www.facebook.com\/TIKI-Factory-472166199484072\",\"https:\/\/www.youtube.com\/channel\/UCDhHkHdueO5AGNLAVD8VZsg\"]}]}<\/script>\n<!-- \/ Yoast SEO plugin. -->","yoast_head_json":{"title":"TIKI FACTORY LOISIRS ~ PIED DE MAT CARDAN WINDSURF","robots":{"index":"index","follow":"follow","max-snippet":"max-snippet:-1","max-image-preview":"max-image-preview:large","max-video-preview":"max-video-preview:-1"},"canonical":"https:\/\/www.loisir.tiki-factory.com\/en\/accessoires\/pied-de-mat-cardan-windsurf","og_locale":"en_GB","og_type":"article","og_title":"TIKI FACTORY LOISIRS ~ PIED DE MAT CARDAN WINDSURF","og_description":"Pied de mat avec cardan permettant de connecter un gr\u00e9ement avec un flotteur de windsurf. Tige filet\u00e9 en M8 avec \u00e9crou carr\u00e9 et axe universel pour connection \u00e0 base de mat.","og_url":"https:\/\/www.loisir.tiki-factory.com\/en\/accessoires\/pied-de-mat-cardan-windsurf","og_site_name":"TIKI FACTORY LOISIRS","article_publisher":"https:\/\/www.facebook.com\/TIKI-Factory-472166199484072","article_modified_time":"2025-08-18T09:18:00+00:00","og_image":[{"width":960,"height":960,"url":"https:\/\/www.loisir.tiki-factory.com\/wp-content\/uploads\/2020\/11\/pied-mat-cardan-windsurf-1.jpg","type":"image\/jpeg"}],"twitter_card":"summary_large_image","schema":{"@context":"https:\/\/schema.org","@graph":[{"@type":"WebPage","@id":"https:\/\/www.loisir.tiki-factory.com\/en\/accessoires\/pied-de-mat-cardan-windsurf","url":"https:\/\/www.loisir.tiki-factory.com\/en\/accessoires\/pied-de-mat-cardan-windsurf","name":"TIKI FACTORY LOISIRS ~ PIED DE MAT CARDAN WINDSURF","isPartOf":{"@id":"https:\/\/www.loisir.tiki-factory.com\/en\/#website"},"datePublished":"2020-11-17T11:44:41+00:00","dateModified":"2025-08-18T09:18:00+00:00","breadcrumb":{"@id":"https:\/\/www.loisir.tiki-factory.com\/en\/accessoires\/pied-de-mat-cardan-windsurf#breadcrumb"},"inLanguage":"en-GB","potentialAction":[{"@type":"ReadAction","target":["https:\/\/www.loisir.tiki-factory.com\/en\/accessoires\/pied-de-mat-cardan-windsurf"]}]},{"@type":"BreadcrumbList","@id":"https:\/\/www.loisir.tiki-factory.com\/en\/accessoires\/pied-de-mat-cardan-windsurf#breadcrumb","itemListElement":[{"@type":"ListItem","position":1,"name":"Accueil","item":"https:\/\/www.loisir.tiki-factory.com\/"},{"@type":"ListItem","position":2,"name":"Boutique","item":"https:\/\/www.loisir.tiki-factory.com\/en\/boutique"},{"@type":"ListItem","position":3,"name":"PIED DE MAT CARDAN WINDSURF"}]},{"@type":"WebSite","@id":"https:\/\/www.loisir.tiki-factory.com\/en\/#website","url":"https:\/\/www.loisir.tiki-factory.com\/en\/","name":"TIKI FACTORY LOISIRS","description":"Vente de paddles et accessoires en ligne pour les loisirs","publisher":{"@id":"https:\/\/www.loisir.tiki-factory.com\/en\/#organization"},"potentialAction":[{"@type":"SearchAction","target":{"@type":"EntryPoint","urlTemplate":"https:\/\/www.loisir.tiki-factory.com\/en\/?s={search_term_string}"},"query-input":"required name=search_term_string"}],"inLanguage":"en-GB"},{"@type":"Organization","@id":"https:\/\/www.loisir.tiki-factory.com\/en\/#organization","name":"TIKI FACTORY","url":"https:\/\/www.loisir.tiki-factory.com\/en\/","logo":{"@type":"ImageObject","inLanguage":"en-GB","@id":"https:\/\/www.loisir.tiki-factory.com\/en\/#\/schema\/logo\/image\/","url":"https:\/\/www.loisir.tiki-factory.com\/wp-content\/uploads\/2020\/12\/image-partage-facebook-tiki-factory.jpg","contentUrl":"https:\/\/www.loisir.tiki-factory.com\/wp-content\/uploads\/2020\/12\/image-partage-facebook-tiki-factory.jpg","width":1200,"height":629,"caption":"TIKI FACTORY"},"image":{"@id":"https:\/\/www.loisir.tiki-factory.com\/en\/#\/schema\/logo\/image\/"},"sameAs":["https:\/\/www.facebook.com\/TIKI-Factory-472166199484072","https:\/\/www.youtube.com\/channel\/UCDhHkHdueO5AGNLAVD8VZsg"]}]}},"_links":{"self":[{"href":"https:\/\/www.loisir.tiki-factory.com\/en\/wp-json\/wp\/v2\/product\/1356"}],"collection":[{"href":"https:\/\/www.loisir.tiki-factory.com\/en\/wp-json\/wp\/v2\/product"}],"about":[{"href":"https:\/\/www.loisir.tiki-factory.com\/en\/wp-json\/wp\/v2\/types\/product"}],"wp:featuredmedia":[{"embeddable":true,"href":"https:\/\/www.loisir.tiki-factory.com\/en\/wp-json\/wp\/v2\/media\/4653"}],"wp:attachment":[{"href":"https:\/\/www.loisir.tiki-factory.com\/en\/wp-json\/wp\/v2\/media?parent=1356"}],"wp:term":[{"taxonomy":"product_cat","embeddable":true,"href":"https:\/\/www.loisir.tiki-factory.com\/en\/wp-json\/wp\/v2\/product_cat?post=1356"},{"taxonomy":"product_tag","embeddable":true,"href":"https:\/\/www.loisir.tiki-factory.com\/en\/wp-json\/wp\/v2\/product_tag?post=1356"}],"curies":[{"name":"wp","href":"https:\/\/api.w.org\/{rel}","templated":true}]}}