{"id":3131,"date":"2021-10-10T17:14:46","date_gmt":"2021-10-10T15:14:46","guid":{"rendered":"https:\/\/www.loisir.tiki-factory.com\/?post_type=product&#038;p=3131"},"modified":"2023-10-31T15:39:46","modified_gmt":"2023-10-31T14:39:46","slug":"stabipaddle","status":"publish","type":"product","link":"https:\/\/www.loisir.tiki-factory.com\/en\/surf-sup\/stabipaddle","title":{"rendered":"Stabipaddle"},"content":{"rendered":"<p>People with reduced mobility, seniors, overweight people but also many beginners who for fear of falling in the water do not dare to venture into such an activity can now enjoy it like the others.<\/p>\n<p>The inflation of the stability module takes 4 minutes and the deflation 2 minutes.<\/p>\n<p>The two modules (stability and seat) are attached to the paddle using 4 straps (2 per module) in a few minutes<\/p>\n<p>Valide ou non, pratiquer le paddle en s\u00e9curit\u00e9 et en autonomie \u00e0 partir d&rsquo;un paddle gonflable de s\u00e9rie.<\/p>\n<p>STABIPADDLE Gonflable s&rsquo;adresse \u00e0 tous les pratiquants et pour les plus sportifs, optez pour le STABIPADDLE Race !!!<\/p>\n<p>Notre innovation r\u00e9volutionne l&rsquo;univers du paddle puisqu&rsquo;elle rend accessible cette activit\u00e9 sportive et ludique \u00e0 tous. Elle a \u00e9t\u00e9 con\u00e7ue pour offrir un maximum de stabilit\u00e9 tout en conservant un confort d\u2019utilisation optimal.<\/p>\n<p><strong>Notre invention vient d&rsquo;obtenir aux Salon des Jeunes inventeurs et cr\u00e9ateurs de Monts 2021, la M\u00e9daille d&rsquo;or du Concours L\u00e9pine .<\/strong><\/p>\n<p>patented product<\/p>","protected":false},"excerpt":{"rendered":"<p><span data-removefontsize=\"true\" data-originalcomputedfontsize=\"16\">Valide ou non, pratiquer le paddle en s\u00e9curit\u00e9 et en autonomie \u00e0 partir d&rsquo;un paddle gonflable de s\u00e9rie.<\/span><\/p>\n<p><span data-removefontsize=\"true\" data-originalcomputedfontsize=\"16\">En effet, STABIPADDLE r\u00e9volutionne l&rsquo;univers du paddle puisqu&rsquo;il rend accessible cette activit\u00e9 sportive et ludique \u00e0 tous. Il a \u00e9t\u00e9 con\u00e7u pour offrir un maximum de stabilit\u00e9 tout en conservant un confort d\u2019utilisation optimal. S\u2019adapte \u00e0 tous les stand up .<\/span><\/p>\n<p><span data-removefontsize=\"true\" data-originalcomputedfontsize=\"16\">This innovation is for everyone\u00a0<\/span><\/p>\n<p data-removefontsize=\"true\" data-originalcomputedfontsize=\"16\">The inflation of the stability module takes 4 minutes and the deflation 2 minutes.<\/p>\n<p data-removefontsize=\"true\" data-originalcomputedfontsize=\"16\">Notre invention vient d&rsquo;obtenir aux Salon des Jeunes inventeurs et cr\u00e9ateurs de Monts 2021, la M\u00e9daille d&rsquo;or du Concours L\u00e9pine.<\/p>","protected":false},"featured_media":4730,"template":"","meta":[],"product_cat":[134,80],"product_tag":[],"yoast_head":"<!-- This site is optimized with the Yoast SEO plugin v21.1 - https:\/\/yoast.com\/wordpress\/plugins\/seo\/ -->\n<title>TIKI FACTORY LOISIRS ~ Stabipaddle<\/title>\n<meta name=\"robots\" content=\"index, follow, max-snippet:-1, max-image-preview:large, max-video-preview:-1\" \/>\n<link rel=\"canonical\" href=\"https:\/\/www.loisir.tiki-factory.com\/en\/surf-sup\/stabipaddle\" \/>\n<meta property=\"og:locale\" content=\"en_GB\" \/>\n<meta property=\"og:type\" content=\"article\" \/>\n<meta property=\"og:title\" content=\"TIKI FACTORY LOISIRS ~ Stabipaddle\" \/>\n<meta property=\"og:description\" content=\"Valide ou non, pratiquer le paddle en s\u00e9curit\u00e9 et en autonomie \u00e0 partir d&#039;un paddle gonflable de s\u00e9rie.  En effet, STABIPADDLE r\u00e9volutionne l&#039;univers du paddle puisqu&#039;il rend accessible cette activit\u00e9 sportive et ludique \u00e0 tous. Il a \u00e9t\u00e9 con\u00e7u pour offrir un maximum de stabilit\u00e9 tout en conservant un confort d\u2019utilisation optimal. S\u2019adapte \u00e0 tous les stand up .  Cette innovation s\u2019adresse \u00e0 tous\u00a0 Le gonflage du module de stabilit\u00e9 prend 4 minutes et le d\u00e9gonflage 2 minutes. Notre invention vient d&#039;obtenir aux Salon des Jeunes inventeurs et cr\u00e9ateurs de Monts 2021, la M\u00e9daille d&#039;or du Concours L\u00e9pine.\" \/>\n<meta property=\"og:url\" content=\"https:\/\/www.loisir.tiki-factory.com\/en\/surf-sup\/stabipaddle\" \/>\n<meta property=\"og:site_name\" content=\"TIKI FACTORY LOISIRS\" \/>\n<meta property=\"article:publisher\" content=\"https:\/\/www.facebook.com\/TIKI-Factory-472166199484072\" \/>\n<meta property=\"article:modified_time\" content=\"2023-10-31T14:39:46+00:00\" \/>\n<meta property=\"og:image\" content=\"https:\/\/www.loisir.tiki-factory.com\/wp-content\/uploads\/2021\/10\/stabipaddle-1.png\" \/>\n\t<meta property=\"og:image:width\" content=\"960\" \/>\n\t<meta property=\"og:image:height\" content=\"960\" \/>\n\t<meta property=\"og:image:type\" content=\"image\/png\" \/>\n<meta name=\"twitter:card\" content=\"summary_large_image\" \/>\n<meta name=\"twitter:label1\" content=\"Estimated reading time\" \/>\n\t<meta name=\"twitter:data1\" content=\"1 minute\" \/>\n<script type=\"application\/ld+json\" class=\"yoast-schema-graph\">{\"@context\":\"https:\/\/schema.org\",\"@graph\":[{\"@type\":\"WebPage\",\"@id\":\"https:\/\/www.loisir.tiki-factory.com\/en\/surf-sup\/stabipaddle\",\"url\":\"https:\/\/www.loisir.tiki-factory.com\/en\/surf-sup\/stabipaddle\",\"name\":\"TIKI FACTORY LOISIRS ~ Stabipaddle\",\"isPartOf\":{\"@id\":\"https:\/\/www.loisir.tiki-factory.com\/en\/#website\"},\"datePublished\":\"2021-10-10T15:14:46+00:00\",\"dateModified\":\"2023-10-31T14:39:46+00:00\",\"breadcrumb\":{\"@id\":\"https:\/\/www.loisir.tiki-factory.com\/en\/surf-sup\/stabipaddle#breadcrumb\"},\"inLanguage\":\"en-GB\",\"potentialAction\":[{\"@type\":\"ReadAction\",\"target\":[\"https:\/\/www.loisir.tiki-factory.com\/en\/surf-sup\/stabipaddle\"]}]},{\"@type\":\"BreadcrumbList\",\"@id\":\"https:\/\/www.loisir.tiki-factory.com\/en\/surf-sup\/stabipaddle#breadcrumb\",\"itemListElement\":[{\"@type\":\"ListItem\",\"position\":1,\"name\":\"Accueil\",\"item\":\"https:\/\/www.loisir.tiki-factory.com\/\"},{\"@type\":\"ListItem\",\"position\":2,\"name\":\"Boutique\",\"item\":\"https:\/\/www.loisir.tiki-factory.com\/en\/boutique\"},{\"@type\":\"ListItem\",\"position\":3,\"name\":\"Stabipaddle\"}]},{\"@type\":\"WebSite\",\"@id\":\"https:\/\/www.loisir.tiki-factory.com\/en\/#website\",\"url\":\"https:\/\/www.loisir.tiki-factory.com\/en\/\",\"name\":\"TIKI FACTORY LOISIRS\",\"description\":\"Vente de paddles et accessoires en ligne pour les loisirs\",\"publisher\":{\"@id\":\"https:\/\/www.loisir.tiki-factory.com\/en\/#organization\"},\"potentialAction\":[{\"@type\":\"SearchAction\",\"target\":{\"@type\":\"EntryPoint\",\"urlTemplate\":\"https:\/\/www.loisir.tiki-factory.com\/en\/?s={search_term_string}\"},\"query-input\":\"required name=search_term_string\"}],\"inLanguage\":\"en-GB\"},{\"@type\":\"Organization\",\"@id\":\"https:\/\/www.loisir.tiki-factory.com\/en\/#organization\",\"name\":\"TIKI FACTORY\",\"url\":\"https:\/\/www.loisir.tiki-factory.com\/en\/\",\"logo\":{\"@type\":\"ImageObject\",\"inLanguage\":\"en-GB\",\"@id\":\"https:\/\/www.loisir.tiki-factory.com\/en\/#\/schema\/logo\/image\/\",\"url\":\"https:\/\/www.loisir.tiki-factory.com\/wp-content\/uploads\/2020\/12\/image-partage-facebook-tiki-factory.jpg\",\"contentUrl\":\"https:\/\/www.loisir.tiki-factory.com\/wp-content\/uploads\/2020\/12\/image-partage-facebook-tiki-factory.jpg\",\"width\":1200,\"height\":629,\"caption\":\"TIKI FACTORY\"},\"image\":{\"@id\":\"https:\/\/www.loisir.tiki-factory.com\/en\/#\/schema\/logo\/image\/\"},\"sameAs\":[\"https:\/\/www.facebook.com\/TIKI-Factory-472166199484072\",\"https:\/\/www.youtube.com\/channel\/UCDhHkHdueO5AGNLAVD8VZsg\"]}]}<\/script>\n<!-- \/ Yoast SEO plugin. -->","yoast_head_json":{"title":"TIKI FACTORY LOISIRS ~ Stabipaddle","robots":{"index":"index","follow":"follow","max-snippet":"max-snippet:-1","max-image-preview":"max-image-preview:large","max-video-preview":"max-video-preview:-1"},"canonical":"https:\/\/www.loisir.tiki-factory.com\/en\/surf-sup\/stabipaddle","og_locale":"en_GB","og_type":"article","og_title":"TIKI FACTORY LOISIRS ~ Stabipaddle","og_description":"Valide ou non, pratiquer le paddle en s\u00e9curit\u00e9 et en autonomie \u00e0 partir d'un paddle gonflable de s\u00e9rie.  En effet, STABIPADDLE r\u00e9volutionne l'univers du paddle puisqu'il rend accessible cette activit\u00e9 sportive et ludique \u00e0 tous. Il a \u00e9t\u00e9 con\u00e7u pour offrir un maximum de stabilit\u00e9 tout en conservant un confort d\u2019utilisation optimal. S\u2019adapte \u00e0 tous les stand up .  Cette innovation s\u2019adresse \u00e0 tous\u00a0 Le gonflage du module de stabilit\u00e9 prend 4 minutes et le d\u00e9gonflage 2 minutes. Notre invention vient d'obtenir aux Salon des Jeunes inventeurs et cr\u00e9ateurs de Monts 2021, la M\u00e9daille d'or du Concours L\u00e9pine.","og_url":"https:\/\/www.loisir.tiki-factory.com\/en\/surf-sup\/stabipaddle","og_site_name":"TIKI FACTORY LOISIRS","article_publisher":"https:\/\/www.facebook.com\/TIKI-Factory-472166199484072","article_modified_time":"2023-10-31T14:39:46+00:00","og_image":[{"width":960,"height":960,"url":"https:\/\/www.loisir.tiki-factory.com\/wp-content\/uploads\/2021\/10\/stabipaddle-1.png","type":"image\/png"}],"twitter_card":"summary_large_image","twitter_misc":{"Estimated reading time":"1 minute"},"schema":{"@context":"https:\/\/schema.org","@graph":[{"@type":"WebPage","@id":"https:\/\/www.loisir.tiki-factory.com\/en\/surf-sup\/stabipaddle","url":"https:\/\/www.loisir.tiki-factory.com\/en\/surf-sup\/stabipaddle","name":"TIKI FACTORY LOISIRS ~ Stabipaddle","isPartOf":{"@id":"https:\/\/www.loisir.tiki-factory.com\/en\/#website"},"datePublished":"2021-10-10T15:14:46+00:00","dateModified":"2023-10-31T14:39:46+00:00","breadcrumb":{"@id":"https:\/\/www.loisir.tiki-factory.com\/en\/surf-sup\/stabipaddle#breadcrumb"},"inLanguage":"en-GB","potentialAction":[{"@type":"ReadAction","target":["https:\/\/www.loisir.tiki-factory.com\/en\/surf-sup\/stabipaddle"]}]},{"@type":"BreadcrumbList","@id":"https:\/\/www.loisir.tiki-factory.com\/en\/surf-sup\/stabipaddle#breadcrumb","itemListElement":[{"@type":"ListItem","position":1,"name":"Accueil","item":"https:\/\/www.loisir.tiki-factory.com\/"},{"@type":"ListItem","position":2,"name":"Boutique","item":"https:\/\/www.loisir.tiki-factory.com\/en\/boutique"},{"@type":"ListItem","position":3,"name":"Stabipaddle"}]},{"@type":"WebSite","@id":"https:\/\/www.loisir.tiki-factory.com\/en\/#website","url":"https:\/\/www.loisir.tiki-factory.com\/en\/","name":"TIKI FACTORY LOISIRS","description":"Vente de paddles et accessoires en ligne pour les loisirs","publisher":{"@id":"https:\/\/www.loisir.tiki-factory.com\/en\/#organization"},"potentialAction":[{"@type":"SearchAction","target":{"@type":"EntryPoint","urlTemplate":"https:\/\/www.loisir.tiki-factory.com\/en\/?s={search_term_string}"},"query-input":"required name=search_term_string"}],"inLanguage":"en-GB"},{"@type":"Organization","@id":"https:\/\/www.loisir.tiki-factory.com\/en\/#organization","name":"TIKI FACTORY","url":"https:\/\/www.loisir.tiki-factory.com\/en\/","logo":{"@type":"ImageObject","inLanguage":"en-GB","@id":"https:\/\/www.loisir.tiki-factory.com\/en\/#\/schema\/logo\/image\/","url":"https:\/\/www.loisir.tiki-factory.com\/wp-content\/uploads\/2020\/12\/image-partage-facebook-tiki-factory.jpg","contentUrl":"https:\/\/www.loisir.tiki-factory.com\/wp-content\/uploads\/2020\/12\/image-partage-facebook-tiki-factory.jpg","width":1200,"height":629,"caption":"TIKI FACTORY"},"image":{"@id":"https:\/\/www.loisir.tiki-factory.com\/en\/#\/schema\/logo\/image\/"},"sameAs":["https:\/\/www.facebook.com\/TIKI-Factory-472166199484072","https:\/\/www.youtube.com\/channel\/UCDhHkHdueO5AGNLAVD8VZsg"]}]}},"_links":{"self":[{"href":"https:\/\/www.loisir.tiki-factory.com\/en\/wp-json\/wp\/v2\/product\/3131"}],"collection":[{"href":"https:\/\/www.loisir.tiki-factory.com\/en\/wp-json\/wp\/v2\/product"}],"about":[{"href":"https:\/\/www.loisir.tiki-factory.com\/en\/wp-json\/wp\/v2\/types\/product"}],"wp:featuredmedia":[{"embeddable":true,"href":"https:\/\/www.loisir.tiki-factory.com\/en\/wp-json\/wp\/v2\/media\/4730"}],"wp:attachment":[{"href":"https:\/\/www.loisir.tiki-factory.com\/en\/wp-json\/wp\/v2\/media?parent=3131"}],"wp:term":[{"taxonomy":"product_cat","embeddable":true,"href":"https:\/\/www.loisir.tiki-factory.com\/en\/wp-json\/wp\/v2\/product_cat?post=3131"},{"taxonomy":"product_tag","embeddable":true,"href":"https:\/\/www.loisir.tiki-factory.com\/en\/wp-json\/wp\/v2\/product_tag?post=3131"}],"curies":[{"name":"wp","href":"https:\/\/api.w.org\/{rel}","templated":true}]}}