{"id":3167,"date":"2021-10-11T11:07:08","date_gmt":"2021-10-11T09:07:08","guid":{"rendered":"https:\/\/www.loisir.tiki-factory.com\/?post_type=product&#038;p=3167"},"modified":"2026-03-10T10:25:33","modified_gmt":"2026-03-10T09:25:33","slug":"plateformes-gonflables-recreatives","status":"publish","type":"product","link":"https:\/\/www.loisir.tiki-factory.com\/en\/nautisme\/plateformes-gonflables-recreatives","title":{"rendered":"200X200 INFLATABLE RECREATIONAL PLATFORMS"},"content":{"rendered":"","protected":false},"excerpt":{"rendered":"<p>Fabrication en Technologie DROPSTICH PVC haute r\u00e9sistance, tissage nid d\u2019abeille \u00e0 l\u2019int\u00e9rieur gr\u00e2ce \u00e0 des fils polyester. Les possibilit\u00e9s de cr\u00e9ations sont tr\u00e8s vastes, sur plan d\u2019eau int\u00e9rieur ou sur la mer. Possible de relier ensemble plusieurs modules de la gamme. Possible d\u2019ajouter des coussins gonflables ou des abris de soleil.<\/p>\n<p>\u00c9chelle de bain inox pour plateforme : 229\u20ac nous contacter pour achat seul<\/p>\n<p>Nous sommes \u00e0 votre disposition pour toutes questions.<\/p>","protected":false},"featured_media":4689,"template":"","meta":[],"product_cat":[132,96,98],"product_tag":[],"yoast_head":"<!-- This site is optimized with the Yoast SEO plugin v21.1 - https:\/\/yoast.com\/wordpress\/plugins\/seo\/ -->\n<title>TIKI FACTORY LOISIRS ~ PLATEFORMES 200X200 GONFLABLES R\u00c9CR\u00c9ATIVES<\/title>\n<meta name=\"robots\" content=\"index, follow, max-snippet:-1, max-image-preview:large, max-video-preview:-1\" \/>\n<link rel=\"canonical\" href=\"https:\/\/www.loisir.tiki-factory.com\/en\/nautisme\/plateformes-gonflables-recreatives\" \/>\n<meta property=\"og:locale\" content=\"en_GB\" \/>\n<meta property=\"og:type\" content=\"article\" \/>\n<meta property=\"og:title\" content=\"TIKI FACTORY LOISIRS ~ PLATEFORMES 200X200 GONFLABLES R\u00c9CR\u00c9ATIVES\" \/>\n<meta property=\"og:description\" content=\"Fabrication en Technologie DROPSTICH PVC haute r\u00e9sistance, tissage nid d\u2019abeille \u00e0 l\u2019int\u00e9rieur gr\u00e2ce \u00e0 des fils polyester. Les possibilit\u00e9s de cr\u00e9ations sont tr\u00e8s vastes, sur plan d\u2019eau int\u00e9rieur ou sur la mer. Possible de relier ensemble plusieurs modules de la gamme. Possible d\u2019ajouter des coussins gonflables ou des abris de soleil.  \u00c9chelle de bain inox pour plateforme : 229\u20ac nous contacter pour achat seul  Nous sommes \u00e0 votre disposition pour toutes questions.\" \/>\n<meta property=\"og:url\" content=\"https:\/\/www.loisir.tiki-factory.com\/en\/nautisme\/plateformes-gonflables-recreatives\" \/>\n<meta property=\"og:site_name\" content=\"TIKI FACTORY LOISIRS\" \/>\n<meta property=\"article:publisher\" content=\"https:\/\/www.facebook.com\/TIKI-Factory-472166199484072\" \/>\n<meta property=\"article:modified_time\" content=\"2026-03-10T09:25:33+00:00\" \/>\n<meta property=\"og:image\" content=\"https:\/\/www.loisir.tiki-factory.com\/wp-content\/uploads\/2021\/10\/plateforme-gonflable-recreative.jpg\" \/>\n\t<meta property=\"og:image:width\" content=\"960\" \/>\n\t<meta property=\"og:image:height\" content=\"960\" \/>\n\t<meta property=\"og:image:type\" content=\"image\/jpeg\" \/>\n<meta name=\"twitter:card\" content=\"summary_large_image\" \/>\n<script type=\"application\/ld+json\" class=\"yoast-schema-graph\">{\"@context\":\"https:\/\/schema.org\",\"@graph\":[{\"@type\":\"WebPage\",\"@id\":\"https:\/\/www.loisir.tiki-factory.com\/en\/nautisme\/plateformes-gonflables-recreatives\",\"url\":\"https:\/\/www.loisir.tiki-factory.com\/en\/nautisme\/plateformes-gonflables-recreatives\",\"name\":\"TIKI FACTORY LOISIRS ~ PLATEFORMES 200X200 GONFLABLES R\u00c9CR\u00c9ATIVES\",\"isPartOf\":{\"@id\":\"https:\/\/www.loisir.tiki-factory.com\/en\/#website\"},\"datePublished\":\"2021-10-11T09:07:08+00:00\",\"dateModified\":\"2026-03-10T09:25:33+00:00\",\"breadcrumb\":{\"@id\":\"https:\/\/www.loisir.tiki-factory.com\/en\/nautisme\/plateformes-gonflables-recreatives#breadcrumb\"},\"inLanguage\":\"en-GB\",\"potentialAction\":[{\"@type\":\"ReadAction\",\"target\":[\"https:\/\/www.loisir.tiki-factory.com\/en\/nautisme\/plateformes-gonflables-recreatives\"]}]},{\"@type\":\"BreadcrumbList\",\"@id\":\"https:\/\/www.loisir.tiki-factory.com\/en\/nautisme\/plateformes-gonflables-recreatives#breadcrumb\",\"itemListElement\":[{\"@type\":\"ListItem\",\"position\":1,\"name\":\"Accueil\",\"item\":\"https:\/\/www.loisir.tiki-factory.com\/\"},{\"@type\":\"ListItem\",\"position\":2,\"name\":\"Boutique\",\"item\":\"https:\/\/www.loisir.tiki-factory.com\/en\/boutique\"},{\"@type\":\"ListItem\",\"position\":3,\"name\":\"PLATEFORMES 200X200 GONFLABLES R\u00c9CR\u00c9ATIVES\"}]},{\"@type\":\"WebSite\",\"@id\":\"https:\/\/www.loisir.tiki-factory.com\/en\/#website\",\"url\":\"https:\/\/www.loisir.tiki-factory.com\/en\/\",\"name\":\"TIKI FACTORY LOISIRS\",\"description\":\"Vente de paddles et accessoires en ligne pour les loisirs\",\"publisher\":{\"@id\":\"https:\/\/www.loisir.tiki-factory.com\/en\/#organization\"},\"potentialAction\":[{\"@type\":\"SearchAction\",\"target\":{\"@type\":\"EntryPoint\",\"urlTemplate\":\"https:\/\/www.loisir.tiki-factory.com\/en\/?s={search_term_string}\"},\"query-input\":\"required name=search_term_string\"}],\"inLanguage\":\"en-GB\"},{\"@type\":\"Organization\",\"@id\":\"https:\/\/www.loisir.tiki-factory.com\/en\/#organization\",\"name\":\"TIKI FACTORY\",\"url\":\"https:\/\/www.loisir.tiki-factory.com\/en\/\",\"logo\":{\"@type\":\"ImageObject\",\"inLanguage\":\"en-GB\",\"@id\":\"https:\/\/www.loisir.tiki-factory.com\/en\/#\/schema\/logo\/image\/\",\"url\":\"https:\/\/www.loisir.tiki-factory.com\/wp-content\/uploads\/2020\/12\/image-partage-facebook-tiki-factory.jpg\",\"contentUrl\":\"https:\/\/www.loisir.tiki-factory.com\/wp-content\/uploads\/2020\/12\/image-partage-facebook-tiki-factory.jpg\",\"width\":1200,\"height\":629,\"caption\":\"TIKI FACTORY\"},\"image\":{\"@id\":\"https:\/\/www.loisir.tiki-factory.com\/en\/#\/schema\/logo\/image\/\"},\"sameAs\":[\"https:\/\/www.facebook.com\/TIKI-Factory-472166199484072\",\"https:\/\/www.youtube.com\/channel\/UCDhHkHdueO5AGNLAVD8VZsg\"]}]}<\/script>\n<!-- \/ Yoast SEO plugin. -->","yoast_head_json":{"title":"TIKI FACTORY LOISIRS ~ PLATEFORMES 200X200 GONFLABLES R\u00c9CR\u00c9ATIVES","robots":{"index":"index","follow":"follow","max-snippet":"max-snippet:-1","max-image-preview":"max-image-preview:large","max-video-preview":"max-video-preview:-1"},"canonical":"https:\/\/www.loisir.tiki-factory.com\/en\/nautisme\/plateformes-gonflables-recreatives","og_locale":"en_GB","og_type":"article","og_title":"TIKI FACTORY LOISIRS ~ PLATEFORMES 200X200 GONFLABLES R\u00c9CR\u00c9ATIVES","og_description":"Fabrication en Technologie DROPSTICH PVC haute r\u00e9sistance, tissage nid d\u2019abeille \u00e0 l\u2019int\u00e9rieur gr\u00e2ce \u00e0 des fils polyester. Les possibilit\u00e9s de cr\u00e9ations sont tr\u00e8s vastes, sur plan d\u2019eau int\u00e9rieur ou sur la mer. Possible de relier ensemble plusieurs modules de la gamme. Possible d\u2019ajouter des coussins gonflables ou des abris de soleil.  \u00c9chelle de bain inox pour plateforme : 229\u20ac nous contacter pour achat seul  Nous sommes \u00e0 votre disposition pour toutes questions.","og_url":"https:\/\/www.loisir.tiki-factory.com\/en\/nautisme\/plateformes-gonflables-recreatives","og_site_name":"TIKI FACTORY LOISIRS","article_publisher":"https:\/\/www.facebook.com\/TIKI-Factory-472166199484072","article_modified_time":"2026-03-10T09:25:33+00:00","og_image":[{"width":960,"height":960,"url":"https:\/\/www.loisir.tiki-factory.com\/wp-content\/uploads\/2021\/10\/plateforme-gonflable-recreative.jpg","type":"image\/jpeg"}],"twitter_card":"summary_large_image","schema":{"@context":"https:\/\/schema.org","@graph":[{"@type":"WebPage","@id":"https:\/\/www.loisir.tiki-factory.com\/en\/nautisme\/plateformes-gonflables-recreatives","url":"https:\/\/www.loisir.tiki-factory.com\/en\/nautisme\/plateformes-gonflables-recreatives","name":"TIKI FACTORY LOISIRS ~ PLATEFORMES 200X200 GONFLABLES R\u00c9CR\u00c9ATIVES","isPartOf":{"@id":"https:\/\/www.loisir.tiki-factory.com\/en\/#website"},"datePublished":"2021-10-11T09:07:08+00:00","dateModified":"2026-03-10T09:25:33+00:00","breadcrumb":{"@id":"https:\/\/www.loisir.tiki-factory.com\/en\/nautisme\/plateformes-gonflables-recreatives#breadcrumb"},"inLanguage":"en-GB","potentialAction":[{"@type":"ReadAction","target":["https:\/\/www.loisir.tiki-factory.com\/en\/nautisme\/plateformes-gonflables-recreatives"]}]},{"@type":"BreadcrumbList","@id":"https:\/\/www.loisir.tiki-factory.com\/en\/nautisme\/plateformes-gonflables-recreatives#breadcrumb","itemListElement":[{"@type":"ListItem","position":1,"name":"Accueil","item":"https:\/\/www.loisir.tiki-factory.com\/"},{"@type":"ListItem","position":2,"name":"Boutique","item":"https:\/\/www.loisir.tiki-factory.com\/en\/boutique"},{"@type":"ListItem","position":3,"name":"PLATEFORMES 200X200 GONFLABLES R\u00c9CR\u00c9ATIVES"}]},{"@type":"WebSite","@id":"https:\/\/www.loisir.tiki-factory.com\/en\/#website","url":"https:\/\/www.loisir.tiki-factory.com\/en\/","name":"TIKI FACTORY LOISIRS","description":"Vente de paddles et accessoires en ligne pour les loisirs","publisher":{"@id":"https:\/\/www.loisir.tiki-factory.com\/en\/#organization"},"potentialAction":[{"@type":"SearchAction","target":{"@type":"EntryPoint","urlTemplate":"https:\/\/www.loisir.tiki-factory.com\/en\/?s={search_term_string}"},"query-input":"required name=search_term_string"}],"inLanguage":"en-GB"},{"@type":"Organization","@id":"https:\/\/www.loisir.tiki-factory.com\/en\/#organization","name":"TIKI FACTORY","url":"https:\/\/www.loisir.tiki-factory.com\/en\/","logo":{"@type":"ImageObject","inLanguage":"en-GB","@id":"https:\/\/www.loisir.tiki-factory.com\/en\/#\/schema\/logo\/image\/","url":"https:\/\/www.loisir.tiki-factory.com\/wp-content\/uploads\/2020\/12\/image-partage-facebook-tiki-factory.jpg","contentUrl":"https:\/\/www.loisir.tiki-factory.com\/wp-content\/uploads\/2020\/12\/image-partage-facebook-tiki-factory.jpg","width":1200,"height":629,"caption":"TIKI FACTORY"},"image":{"@id":"https:\/\/www.loisir.tiki-factory.com\/en\/#\/schema\/logo\/image\/"},"sameAs":["https:\/\/www.facebook.com\/TIKI-Factory-472166199484072","https:\/\/www.youtube.com\/channel\/UCDhHkHdueO5AGNLAVD8VZsg"]}]}},"_links":{"self":[{"href":"https:\/\/www.loisir.tiki-factory.com\/en\/wp-json\/wp\/v2\/product\/3167"}],"collection":[{"href":"https:\/\/www.loisir.tiki-factory.com\/en\/wp-json\/wp\/v2\/product"}],"about":[{"href":"https:\/\/www.loisir.tiki-factory.com\/en\/wp-json\/wp\/v2\/types\/product"}],"wp:featuredmedia":[{"embeddable":true,"href":"https:\/\/www.loisir.tiki-factory.com\/en\/wp-json\/wp\/v2\/media\/4689"}],"wp:attachment":[{"href":"https:\/\/www.loisir.tiki-factory.com\/en\/wp-json\/wp\/v2\/media?parent=3167"}],"wp:term":[{"taxonomy":"product_cat","embeddable":true,"href":"https:\/\/www.loisir.tiki-factory.com\/en\/wp-json\/wp\/v2\/product_cat?post=3167"},{"taxonomy":"product_tag","embeddable":true,"href":"https:\/\/www.loisir.tiki-factory.com\/en\/wp-json\/wp\/v2\/product_tag?post=3167"}],"curies":[{"name":"wp","href":"https:\/\/api.w.org\/{rel}","templated":true}]}}