{"id":3238,"date":"2021-10-17T15:24:47","date_gmt":"2021-10-17T13:24:47","guid":{"rendered":"https:\/\/www.loisir.tiki-factory.com\/?post_type=product&#038;p=3238"},"modified":"2025-03-04T19:11:47","modified_gmt":"2025-03-04T18:11:47","slug":"coussin-gonflable-de-filiere","status":"publish","type":"product","link":"https:\/\/www.loisir.tiki-factory.com\/en\/nautisme\/coussin-gonflable-de-filiere","title":{"rendered":"Inflatable pillow for guard line"},"content":{"rendered":"<div class=\"woocommerce-product-details__short-description\">\n<p>Manufactured in high resistance DROPSTICH PVC Technology, honeycomb weave on the inside with equidistant polyester threads.<\/p>\n<p>TIKI YACHTING innovation for 2022 guard line pillow <strong><u>flat and inflatable<\/u><\/strong> in 2 parts<\/p>\n<p>Respond to a simple need: relax on a comfortable deckchair while sailing, at anchor or even directly on the water! without overloading chests or bulky object cabins!<\/p>\n<\/div>","protected":false},"excerpt":{"rendered":"<p>The solution is our pillow in 3 parts which is fixed by Velcro directly in the dies with an ultra small size when the product is deflated.<\/p>\n<p>The process and the materials are validated for marine use: resistance to shocks, UV rays, salt water, etc. Inflation in 1 minutes thanks to a standard valve, that of the Stand up paddle or dinghy and the use of a hand or electric pump broadband.<\/p>","protected":false},"featured_media":3209,"template":"","meta":[],"product_cat":[132],"product_tag":[],"yoast_head":"<!-- This site is optimized with the Yoast SEO plugin v21.1 - https:\/\/yoast.com\/wordpress\/plugins\/seo\/ -->\n<title>TIKI FACTORY LOISIRS ~ Coussin gonflable de fili\u00e8re<\/title>\n<meta name=\"robots\" content=\"index, follow, max-snippet:-1, max-image-preview:large, max-video-preview:-1\" \/>\n<link rel=\"canonical\" href=\"https:\/\/www.loisir.tiki-factory.com\/en\/nautisme\/coussin-gonflable-de-filiere\" \/>\n<meta property=\"og:locale\" content=\"en_GB\" \/>\n<meta property=\"og:type\" content=\"article\" \/>\n<meta property=\"og:title\" content=\"TIKI FACTORY LOISIRS ~ Coussin gonflable de fili\u00e8re\" \/>\n<meta property=\"og:description\" content=\"La solution notre coussin en 3 parties qui se fixe par velcro directement dans les fili\u00e8res avec un encombrement ultra r\u00e9duit quand le produit est d\u00e9gonfl\u00e9.  Le proc\u00e9d\u00e9 et les mat\u00e9riaux sont valid\u00e9s pour une utilisation marine\u00a0: r\u00e9sistance aux chocs, UV, eau sal\u00e9e\u2026 Gonflage en 1 minute gr\u00e2ce \u00e0 une valve standard, celle des Stand up paddle et annexe.\" \/>\n<meta property=\"og:url\" content=\"https:\/\/www.loisir.tiki-factory.com\/en\/nautisme\/coussin-gonflable-de-filiere\" \/>\n<meta property=\"og:site_name\" content=\"TIKI FACTORY LOISIRS\" \/>\n<meta property=\"article:publisher\" content=\"https:\/\/www.facebook.com\/TIKI-Factory-472166199484072\" \/>\n<meta property=\"article:modified_time\" content=\"2025-03-04T18:11:47+00:00\" \/>\n<meta property=\"og:image\" content=\"https:\/\/www.loisir.tiki-factory.com\/wp-content\/uploads\/2021\/10\/coussin-de-filiere.jpg\" \/>\n\t<meta property=\"og:image:width\" content=\"960\" \/>\n\t<meta property=\"og:image:height\" content=\"1547\" \/>\n\t<meta property=\"og:image:type\" content=\"image\/jpeg\" \/>\n<meta name=\"twitter:card\" content=\"summary_large_image\" \/>\n<meta name=\"twitter:label1\" content=\"Estimated reading time\" \/>\n\t<meta name=\"twitter:data1\" content=\"1 minute\" \/>\n<script type=\"application\/ld+json\" class=\"yoast-schema-graph\">{\"@context\":\"https:\/\/schema.org\",\"@graph\":[{\"@type\":\"WebPage\",\"@id\":\"https:\/\/www.loisir.tiki-factory.com\/en\/nautisme\/coussin-gonflable-de-filiere\",\"url\":\"https:\/\/www.loisir.tiki-factory.com\/en\/nautisme\/coussin-gonflable-de-filiere\",\"name\":\"TIKI FACTORY LOISIRS ~ Coussin gonflable de fili\u00e8re\",\"isPartOf\":{\"@id\":\"https:\/\/www.loisir.tiki-factory.com\/en\/#website\"},\"datePublished\":\"2021-10-17T13:24:47+00:00\",\"dateModified\":\"2025-03-04T18:11:47+00:00\",\"breadcrumb\":{\"@id\":\"https:\/\/www.loisir.tiki-factory.com\/en\/nautisme\/coussin-gonflable-de-filiere#breadcrumb\"},\"inLanguage\":\"en-GB\",\"potentialAction\":[{\"@type\":\"ReadAction\",\"target\":[\"https:\/\/www.loisir.tiki-factory.com\/en\/nautisme\/coussin-gonflable-de-filiere\"]}]},{\"@type\":\"BreadcrumbList\",\"@id\":\"https:\/\/www.loisir.tiki-factory.com\/en\/nautisme\/coussin-gonflable-de-filiere#breadcrumb\",\"itemListElement\":[{\"@type\":\"ListItem\",\"position\":1,\"name\":\"Accueil\",\"item\":\"https:\/\/www.loisir.tiki-factory.com\/\"},{\"@type\":\"ListItem\",\"position\":2,\"name\":\"Boutique\",\"item\":\"https:\/\/www.loisir.tiki-factory.com\/en\/boutique\"},{\"@type\":\"ListItem\",\"position\":3,\"name\":\"Coussin gonflable de fili\u00e8re\"}]},{\"@type\":\"WebSite\",\"@id\":\"https:\/\/www.loisir.tiki-factory.com\/en\/#website\",\"url\":\"https:\/\/www.loisir.tiki-factory.com\/en\/\",\"name\":\"TIKI FACTORY LOISIRS\",\"description\":\"Vente de paddles et accessoires en ligne pour les loisirs\",\"publisher\":{\"@id\":\"https:\/\/www.loisir.tiki-factory.com\/en\/#organization\"},\"potentialAction\":[{\"@type\":\"SearchAction\",\"target\":{\"@type\":\"EntryPoint\",\"urlTemplate\":\"https:\/\/www.loisir.tiki-factory.com\/en\/?s={search_term_string}\"},\"query-input\":\"required name=search_term_string\"}],\"inLanguage\":\"en-GB\"},{\"@type\":\"Organization\",\"@id\":\"https:\/\/www.loisir.tiki-factory.com\/en\/#organization\",\"name\":\"TIKI FACTORY\",\"url\":\"https:\/\/www.loisir.tiki-factory.com\/en\/\",\"logo\":{\"@type\":\"ImageObject\",\"inLanguage\":\"en-GB\",\"@id\":\"https:\/\/www.loisir.tiki-factory.com\/en\/#\/schema\/logo\/image\/\",\"url\":\"https:\/\/www.loisir.tiki-factory.com\/wp-content\/uploads\/2020\/12\/image-partage-facebook-tiki-factory.jpg\",\"contentUrl\":\"https:\/\/www.loisir.tiki-factory.com\/wp-content\/uploads\/2020\/12\/image-partage-facebook-tiki-factory.jpg\",\"width\":1200,\"height\":629,\"caption\":\"TIKI FACTORY\"},\"image\":{\"@id\":\"https:\/\/www.loisir.tiki-factory.com\/en\/#\/schema\/logo\/image\/\"},\"sameAs\":[\"https:\/\/www.facebook.com\/TIKI-Factory-472166199484072\",\"https:\/\/www.youtube.com\/channel\/UCDhHkHdueO5AGNLAVD8VZsg\"]}]}<\/script>\n<!-- \/ Yoast SEO plugin. -->","yoast_head_json":{"title":"TIKI FACTORY LOISIRS ~ Coussin gonflable de fili\u00e8re","robots":{"index":"index","follow":"follow","max-snippet":"max-snippet:-1","max-image-preview":"max-image-preview:large","max-video-preview":"max-video-preview:-1"},"canonical":"https:\/\/www.loisir.tiki-factory.com\/en\/nautisme\/coussin-gonflable-de-filiere","og_locale":"en_GB","og_type":"article","og_title":"TIKI FACTORY LOISIRS ~ Coussin gonflable de fili\u00e8re","og_description":"La solution notre coussin en 3 parties qui se fixe par velcro directement dans les fili\u00e8res avec un encombrement ultra r\u00e9duit quand le produit est d\u00e9gonfl\u00e9.  Le proc\u00e9d\u00e9 et les mat\u00e9riaux sont valid\u00e9s pour une utilisation marine\u00a0: r\u00e9sistance aux chocs, UV, eau sal\u00e9e\u2026 Gonflage en 1 minute gr\u00e2ce \u00e0 une valve standard, celle des Stand up paddle et annexe.","og_url":"https:\/\/www.loisir.tiki-factory.com\/en\/nautisme\/coussin-gonflable-de-filiere","og_site_name":"TIKI FACTORY LOISIRS","article_publisher":"https:\/\/www.facebook.com\/TIKI-Factory-472166199484072","article_modified_time":"2025-03-04T18:11:47+00:00","og_image":[{"width":960,"height":1547,"url":"https:\/\/www.loisir.tiki-factory.com\/wp-content\/uploads\/2021\/10\/coussin-de-filiere.jpg","type":"image\/jpeg"}],"twitter_card":"summary_large_image","twitter_misc":{"Estimated reading time":"1 minute"},"schema":{"@context":"https:\/\/schema.org","@graph":[{"@type":"WebPage","@id":"https:\/\/www.loisir.tiki-factory.com\/en\/nautisme\/coussin-gonflable-de-filiere","url":"https:\/\/www.loisir.tiki-factory.com\/en\/nautisme\/coussin-gonflable-de-filiere","name":"TIKI FACTORY LOISIRS ~ Coussin gonflable de fili\u00e8re","isPartOf":{"@id":"https:\/\/www.loisir.tiki-factory.com\/en\/#website"},"datePublished":"2021-10-17T13:24:47+00:00","dateModified":"2025-03-04T18:11:47+00:00","breadcrumb":{"@id":"https:\/\/www.loisir.tiki-factory.com\/en\/nautisme\/coussin-gonflable-de-filiere#breadcrumb"},"inLanguage":"en-GB","potentialAction":[{"@type":"ReadAction","target":["https:\/\/www.loisir.tiki-factory.com\/en\/nautisme\/coussin-gonflable-de-filiere"]}]},{"@type":"BreadcrumbList","@id":"https:\/\/www.loisir.tiki-factory.com\/en\/nautisme\/coussin-gonflable-de-filiere#breadcrumb","itemListElement":[{"@type":"ListItem","position":1,"name":"Accueil","item":"https:\/\/www.loisir.tiki-factory.com\/"},{"@type":"ListItem","position":2,"name":"Boutique","item":"https:\/\/www.loisir.tiki-factory.com\/en\/boutique"},{"@type":"ListItem","position":3,"name":"Coussin gonflable de fili\u00e8re"}]},{"@type":"WebSite","@id":"https:\/\/www.loisir.tiki-factory.com\/en\/#website","url":"https:\/\/www.loisir.tiki-factory.com\/en\/","name":"TIKI FACTORY LOISIRS","description":"Vente de paddles et accessoires en ligne pour les loisirs","publisher":{"@id":"https:\/\/www.loisir.tiki-factory.com\/en\/#organization"},"potentialAction":[{"@type":"SearchAction","target":{"@type":"EntryPoint","urlTemplate":"https:\/\/www.loisir.tiki-factory.com\/en\/?s={search_term_string}"},"query-input":"required name=search_term_string"}],"inLanguage":"en-GB"},{"@type":"Organization","@id":"https:\/\/www.loisir.tiki-factory.com\/en\/#organization","name":"TIKI FACTORY","url":"https:\/\/www.loisir.tiki-factory.com\/en\/","logo":{"@type":"ImageObject","inLanguage":"en-GB","@id":"https:\/\/www.loisir.tiki-factory.com\/en\/#\/schema\/logo\/image\/","url":"https:\/\/www.loisir.tiki-factory.com\/wp-content\/uploads\/2020\/12\/image-partage-facebook-tiki-factory.jpg","contentUrl":"https:\/\/www.loisir.tiki-factory.com\/wp-content\/uploads\/2020\/12\/image-partage-facebook-tiki-factory.jpg","width":1200,"height":629,"caption":"TIKI FACTORY"},"image":{"@id":"https:\/\/www.loisir.tiki-factory.com\/en\/#\/schema\/logo\/image\/"},"sameAs":["https:\/\/www.facebook.com\/TIKI-Factory-472166199484072","https:\/\/www.youtube.com\/channel\/UCDhHkHdueO5AGNLAVD8VZsg"]}]}},"_links":{"self":[{"href":"https:\/\/www.loisir.tiki-factory.com\/en\/wp-json\/wp\/v2\/product\/3238"}],"collection":[{"href":"https:\/\/www.loisir.tiki-factory.com\/en\/wp-json\/wp\/v2\/product"}],"about":[{"href":"https:\/\/www.loisir.tiki-factory.com\/en\/wp-json\/wp\/v2\/types\/product"}],"wp:featuredmedia":[{"embeddable":true,"href":"https:\/\/www.loisir.tiki-factory.com\/en\/wp-json\/wp\/v2\/media\/3209"}],"wp:attachment":[{"href":"https:\/\/www.loisir.tiki-factory.com\/en\/wp-json\/wp\/v2\/media?parent=3238"}],"wp:term":[{"taxonomy":"product_cat","embeddable":true,"href":"https:\/\/www.loisir.tiki-factory.com\/en\/wp-json\/wp\/v2\/product_cat?post=3238"},{"taxonomy":"product_tag","embeddable":true,"href":"https:\/\/www.loisir.tiki-factory.com\/en\/wp-json\/wp\/v2\/product_tag?post=3238"}],"curies":[{"name":"wp","href":"https:\/\/api.w.org\/{rel}","templated":true}]}}