{"id":3241,"date":"2021-10-19T11:59:40","date_gmt":"2021-10-19T09:59:40","guid":{"rendered":"https:\/\/www.loisir.tiki-factory.com\/?post_type=product&#038;p=3241"},"modified":"2025-03-04T19:13:18","modified_gmt":"2025-03-04T18:13:18","slug":"sail-in-boom-bome-canoe-gonflable-small","status":"publish","type":"product","link":"https:\/\/www.loisir.tiki-factory.com\/en\/nautisme\/sail-in-boom-bome-canoe-gonflable-small","title":{"rendered":"SAIL IN BOOM  &#8211; B\u00d4ME CANO\u00cb GONFLABLE"},"content":{"rendered":"<p><!--more-->Dim 3900x57x15 - weight: 15 kg - Inflation: 4 min at the time of implementation.<br \/>\nManufactured in high resistance DROPSTICH PVC Technology, honeycomb weave on the inside with equidistant polyester threads.<\/p>\n<p>SAIL IN BOOM for boom from 2700 cm to 5100 cm with a possible variation of -10 CM OR + 20 cm<\/p>\n<p><iframe loading=\"lazy\" title=\"tiki yachting SIB 2022\" width=\"980\" height=\"551\" src=\"https:\/\/www.youtube.com\/embed\/UAxOdTa0X7k?feature=oembed&#038;enablejsapi=1&#038;origin=https:\/\/www.loisir.tiki-factory.com\" frameborder=\"0\" allow=\"accelerometer; autoplay; clipboard-write; encrypted-media; gyroscope; picture-in-picture; web-share\" referrerpolicy=\"strict-origin-when-cross-origin\" allowfullscreen><\/iframe><\/p>","protected":false},"excerpt":{"rendered":"<p>Contactez nous pour plus d\u2019information ou rendez vous .<\/p>\n<p>The TIKI YACHTING invention <strong><u>patented at the INPI<\/u><\/strong> which will revolutionize the practice of sailing in 2022 a lazy bag <strong><u>flat and inflatable<\/u><\/strong> in 2 parts<\/p>\n<p>Meet 2 simple needs: Facilitate the recovery of the mainsail at the time of lowering with the minimum of human intervention and allow 100% protection of the mainsail from UV and wind.<\/p>\n<p>The principle implemented is to constitute the equivalent of a canoe boom by connecting 2 rigid inflatable cheeks using a high resistance pvc film mounted on a zipper. More simplicity and comfort for browsers.<\/p>\n<p>The process and the materials are validated for marine use: resistance to shocks, UV rays, salt water, etc. Inflation in 1 minutes thanks to a standard valve, that of the Stand up paddle or dinghy and the use of a hand or electric pump broadband.<\/p>","protected":false},"featured_media":3224,"template":"","meta":[],"product_cat":[132],"product_tag":[],"yoast_head":"<!-- This site is optimized with the Yoast SEO plugin v21.1 - https:\/\/yoast.com\/wordpress\/plugins\/seo\/ -->\n<title>TIKI FACTORY LOISIRS ~ SAIL IN BOOM - B\u00d4ME CANO\u00cb GONFLABLE<\/title>\n<meta name=\"robots\" content=\"index, follow, max-snippet:-1, max-image-preview:large, max-video-preview:-1\" \/>\n<link rel=\"canonical\" href=\"https:\/\/www.loisir.tiki-factory.com\/en\/nautisme\/sail-in-boom-bome-canoe-gonflable-small\" \/>\n<meta property=\"og:locale\" content=\"en_GB\" \/>\n<meta property=\"og:type\" content=\"article\" \/>\n<meta property=\"og:title\" content=\"TIKI FACTORY LOISIRS ~ SAIL IN BOOM - B\u00d4ME CANO\u00cb GONFLABLE\" \/>\n<meta property=\"og:description\" content=\"Contactez nous pour plus d\u2019information ou rendez vous .  L\u2019invention TIKI YACHTING brevet\u00e9e \u00e0 l\u2019INPI qui va r\u00e9volutionner la pratique de la voile en 2022 un lazy bag plat et gonflable en 2 parties.  R\u00e9pondre \u00e0 2 besoins simples\u00a0: Faciliter la r\u00e9cup\u00e9ration de la grand-voile au moment de l\u2019affalage avec le minimum d\u2019intervention humaine et permettre de pr\u00e9server \u00e0 100 % la grand-voile des UV et du vent.  Le principe mis en \u0153uvre est de constituer l\u2019\u00e9quivalent d\u2019une b\u00f4me cano\u00e9 en reliant 2 joues gonflables rigides \u00e0 l\u2019aide d\u2019un film pvc haute r\u00e9sistance mont\u00e9 sur fermeture \u00e9clair. Plus de simplicit\u00e9 et de confort pour les navigateurs.  Le proc\u00e9d\u00e9 et les mat\u00e9riaux sont valid\u00e9s pour une utilisation marine\u00a0: r\u00e9sistance aux chocs, UV, eau sal\u00e9e\u2026 Gonflage gr\u00e2ce \u00e0 une valve standard celle des SUP et annexe.\" \/>\n<meta property=\"og:url\" content=\"https:\/\/www.loisir.tiki-factory.com\/en\/nautisme\/sail-in-boom-bome-canoe-gonflable-small\" \/>\n<meta property=\"og:site_name\" content=\"TIKI FACTORY LOISIRS\" \/>\n<meta property=\"article:publisher\" content=\"https:\/\/www.facebook.com\/TIKI-Factory-472166199484072\" \/>\n<meta property=\"article:modified_time\" content=\"2025-03-04T18:13:18+00:00\" \/>\n<meta property=\"og:image\" content=\"https:\/\/www.loisir.tiki-factory.com\/wp-content\/uploads\/2021\/10\/CF02DFD6-08CC-4D02-86D7-36326CE2D8C4.jpeg\" \/>\n\t<meta property=\"og:image:width\" content=\"1600\" \/>\n\t<meta property=\"og:image:height\" content=\"1200\" \/>\n\t<meta property=\"og:image:type\" content=\"image\/jpeg\" \/>\n<meta name=\"twitter:card\" content=\"summary_large_image\" \/>\n<meta name=\"twitter:label1\" content=\"Estimated reading time\" \/>\n\t<meta name=\"twitter:data1\" content=\"1 minute\" \/>\n<script type=\"application\/ld+json\" class=\"yoast-schema-graph\">{\"@context\":\"https:\/\/schema.org\",\"@graph\":[{\"@type\":\"WebPage\",\"@id\":\"https:\/\/www.loisir.tiki-factory.com\/en\/nautisme\/sail-in-boom-bome-canoe-gonflable-small\",\"url\":\"https:\/\/www.loisir.tiki-factory.com\/en\/nautisme\/sail-in-boom-bome-canoe-gonflable-small\",\"name\":\"TIKI FACTORY LOISIRS ~ SAIL IN BOOM - B\u00d4ME CANO\u00cb GONFLABLE\",\"isPartOf\":{\"@id\":\"https:\/\/www.loisir.tiki-factory.com\/en\/#website\"},\"datePublished\":\"2021-10-19T09:59:40+00:00\",\"dateModified\":\"2025-03-04T18:13:18+00:00\",\"breadcrumb\":{\"@id\":\"https:\/\/www.loisir.tiki-factory.com\/en\/nautisme\/sail-in-boom-bome-canoe-gonflable-small#breadcrumb\"},\"inLanguage\":\"en-GB\",\"potentialAction\":[{\"@type\":\"ReadAction\",\"target\":[\"https:\/\/www.loisir.tiki-factory.com\/en\/nautisme\/sail-in-boom-bome-canoe-gonflable-small\"]}]},{\"@type\":\"BreadcrumbList\",\"@id\":\"https:\/\/www.loisir.tiki-factory.com\/en\/nautisme\/sail-in-boom-bome-canoe-gonflable-small#breadcrumb\",\"itemListElement\":[{\"@type\":\"ListItem\",\"position\":1,\"name\":\"Accueil\",\"item\":\"https:\/\/www.loisir.tiki-factory.com\/\"},{\"@type\":\"ListItem\",\"position\":2,\"name\":\"Boutique\",\"item\":\"https:\/\/www.loisir.tiki-factory.com\/en\/boutique\"},{\"@type\":\"ListItem\",\"position\":3,\"name\":\"SAIL IN BOOM &#8211; B\u00d4ME CANO\u00cb GONFLABLE\"}]},{\"@type\":\"WebSite\",\"@id\":\"https:\/\/www.loisir.tiki-factory.com\/en\/#website\",\"url\":\"https:\/\/www.loisir.tiki-factory.com\/en\/\",\"name\":\"TIKI FACTORY LOISIRS\",\"description\":\"Vente de paddles et accessoires en ligne pour les loisirs\",\"publisher\":{\"@id\":\"https:\/\/www.loisir.tiki-factory.com\/en\/#organization\"},\"potentialAction\":[{\"@type\":\"SearchAction\",\"target\":{\"@type\":\"EntryPoint\",\"urlTemplate\":\"https:\/\/www.loisir.tiki-factory.com\/en\/?s={search_term_string}\"},\"query-input\":\"required name=search_term_string\"}],\"inLanguage\":\"en-GB\"},{\"@type\":\"Organization\",\"@id\":\"https:\/\/www.loisir.tiki-factory.com\/en\/#organization\",\"name\":\"TIKI FACTORY\",\"url\":\"https:\/\/www.loisir.tiki-factory.com\/en\/\",\"logo\":{\"@type\":\"ImageObject\",\"inLanguage\":\"en-GB\",\"@id\":\"https:\/\/www.loisir.tiki-factory.com\/en\/#\/schema\/logo\/image\/\",\"url\":\"https:\/\/www.loisir.tiki-factory.com\/wp-content\/uploads\/2020\/12\/image-partage-facebook-tiki-factory.jpg\",\"contentUrl\":\"https:\/\/www.loisir.tiki-factory.com\/wp-content\/uploads\/2020\/12\/image-partage-facebook-tiki-factory.jpg\",\"width\":1200,\"height\":629,\"caption\":\"TIKI FACTORY\"},\"image\":{\"@id\":\"https:\/\/www.loisir.tiki-factory.com\/en\/#\/schema\/logo\/image\/\"},\"sameAs\":[\"https:\/\/www.facebook.com\/TIKI-Factory-472166199484072\",\"https:\/\/www.youtube.com\/channel\/UCDhHkHdueO5AGNLAVD8VZsg\"]}]}<\/script>\n<!-- \/ Yoast SEO plugin. -->","yoast_head_json":{"title":"TIKI FACTORY LOISIRS ~ SAIL IN BOOM - B\u00d4ME CANO\u00cb GONFLABLE","robots":{"index":"index","follow":"follow","max-snippet":"max-snippet:-1","max-image-preview":"max-image-preview:large","max-video-preview":"max-video-preview:-1"},"canonical":"https:\/\/www.loisir.tiki-factory.com\/en\/nautisme\/sail-in-boom-bome-canoe-gonflable-small","og_locale":"en_GB","og_type":"article","og_title":"TIKI FACTORY LOISIRS ~ SAIL IN BOOM - B\u00d4ME CANO\u00cb GONFLABLE","og_description":"Contactez nous pour plus d\u2019information ou rendez vous .  L\u2019invention TIKI YACHTING brevet\u00e9e \u00e0 l\u2019INPI qui va r\u00e9volutionner la pratique de la voile en 2022 un lazy bag plat et gonflable en 2 parties.  R\u00e9pondre \u00e0 2 besoins simples\u00a0: Faciliter la r\u00e9cup\u00e9ration de la grand-voile au moment de l\u2019affalage avec le minimum d\u2019intervention humaine et permettre de pr\u00e9server \u00e0 100 % la grand-voile des UV et du vent.  Le principe mis en \u0153uvre est de constituer l\u2019\u00e9quivalent d\u2019une b\u00f4me cano\u00e9 en reliant 2 joues gonflables rigides \u00e0 l\u2019aide d\u2019un film pvc haute r\u00e9sistance mont\u00e9 sur fermeture \u00e9clair. Plus de simplicit\u00e9 et de confort pour les navigateurs.  Le proc\u00e9d\u00e9 et les mat\u00e9riaux sont valid\u00e9s pour une utilisation marine\u00a0: r\u00e9sistance aux chocs, UV, eau sal\u00e9e\u2026 Gonflage gr\u00e2ce \u00e0 une valve standard celle des SUP et annexe.","og_url":"https:\/\/www.loisir.tiki-factory.com\/en\/nautisme\/sail-in-boom-bome-canoe-gonflable-small","og_site_name":"TIKI FACTORY LOISIRS","article_publisher":"https:\/\/www.facebook.com\/TIKI-Factory-472166199484072","article_modified_time":"2025-03-04T18:13:18+00:00","og_image":[{"width":1600,"height":1200,"url":"https:\/\/www.loisir.tiki-factory.com\/wp-content\/uploads\/2021\/10\/CF02DFD6-08CC-4D02-86D7-36326CE2D8C4.jpeg","type":"image\/jpeg"}],"twitter_card":"summary_large_image","twitter_misc":{"Estimated reading time":"1 minute"},"schema":{"@context":"https:\/\/schema.org","@graph":[{"@type":"WebPage","@id":"https:\/\/www.loisir.tiki-factory.com\/en\/nautisme\/sail-in-boom-bome-canoe-gonflable-small","url":"https:\/\/www.loisir.tiki-factory.com\/en\/nautisme\/sail-in-boom-bome-canoe-gonflable-small","name":"TIKI FACTORY LOISIRS ~ SAIL IN BOOM - B\u00d4ME CANO\u00cb GONFLABLE","isPartOf":{"@id":"https:\/\/www.loisir.tiki-factory.com\/en\/#website"},"datePublished":"2021-10-19T09:59:40+00:00","dateModified":"2025-03-04T18:13:18+00:00","breadcrumb":{"@id":"https:\/\/www.loisir.tiki-factory.com\/en\/nautisme\/sail-in-boom-bome-canoe-gonflable-small#breadcrumb"},"inLanguage":"en-GB","potentialAction":[{"@type":"ReadAction","target":["https:\/\/www.loisir.tiki-factory.com\/en\/nautisme\/sail-in-boom-bome-canoe-gonflable-small"]}]},{"@type":"BreadcrumbList","@id":"https:\/\/www.loisir.tiki-factory.com\/en\/nautisme\/sail-in-boom-bome-canoe-gonflable-small#breadcrumb","itemListElement":[{"@type":"ListItem","position":1,"name":"Accueil","item":"https:\/\/www.loisir.tiki-factory.com\/"},{"@type":"ListItem","position":2,"name":"Boutique","item":"https:\/\/www.loisir.tiki-factory.com\/en\/boutique"},{"@type":"ListItem","position":3,"name":"SAIL IN BOOM &#8211; B\u00d4ME CANO\u00cb GONFLABLE"}]},{"@type":"WebSite","@id":"https:\/\/www.loisir.tiki-factory.com\/en\/#website","url":"https:\/\/www.loisir.tiki-factory.com\/en\/","name":"TIKI FACTORY LOISIRS","description":"Vente de paddles et accessoires en ligne pour les loisirs","publisher":{"@id":"https:\/\/www.loisir.tiki-factory.com\/en\/#organization"},"potentialAction":[{"@type":"SearchAction","target":{"@type":"EntryPoint","urlTemplate":"https:\/\/www.loisir.tiki-factory.com\/en\/?s={search_term_string}"},"query-input":"required name=search_term_string"}],"inLanguage":"en-GB"},{"@type":"Organization","@id":"https:\/\/www.loisir.tiki-factory.com\/en\/#organization","name":"TIKI FACTORY","url":"https:\/\/www.loisir.tiki-factory.com\/en\/","logo":{"@type":"ImageObject","inLanguage":"en-GB","@id":"https:\/\/www.loisir.tiki-factory.com\/en\/#\/schema\/logo\/image\/","url":"https:\/\/www.loisir.tiki-factory.com\/wp-content\/uploads\/2020\/12\/image-partage-facebook-tiki-factory.jpg","contentUrl":"https:\/\/www.loisir.tiki-factory.com\/wp-content\/uploads\/2020\/12\/image-partage-facebook-tiki-factory.jpg","width":1200,"height":629,"caption":"TIKI FACTORY"},"image":{"@id":"https:\/\/www.loisir.tiki-factory.com\/en\/#\/schema\/logo\/image\/"},"sameAs":["https:\/\/www.facebook.com\/TIKI-Factory-472166199484072","https:\/\/www.youtube.com\/channel\/UCDhHkHdueO5AGNLAVD8VZsg"]}]}},"_links":{"self":[{"href":"https:\/\/www.loisir.tiki-factory.com\/en\/wp-json\/wp\/v2\/product\/3241"}],"collection":[{"href":"https:\/\/www.loisir.tiki-factory.com\/en\/wp-json\/wp\/v2\/product"}],"about":[{"href":"https:\/\/www.loisir.tiki-factory.com\/en\/wp-json\/wp\/v2\/types\/product"}],"wp:featuredmedia":[{"embeddable":true,"href":"https:\/\/www.loisir.tiki-factory.com\/en\/wp-json\/wp\/v2\/media\/3224"}],"wp:attachment":[{"href":"https:\/\/www.loisir.tiki-factory.com\/en\/wp-json\/wp\/v2\/media?parent=3241"}],"wp:term":[{"taxonomy":"product_cat","embeddable":true,"href":"https:\/\/www.loisir.tiki-factory.com\/en\/wp-json\/wp\/v2\/product_cat?post=3241"},{"taxonomy":"product_tag","embeddable":true,"href":"https:\/\/www.loisir.tiki-factory.com\/en\/wp-json\/wp\/v2\/product_tag?post=3241"}],"curies":[{"name":"wp","href":"https:\/\/api.w.org\/{rel}","templated":true}]}}