{"id":3242,"date":"2021-10-19T11:59:39","date_gmt":"2021-10-19T09:59:39","guid":{"rendered":"https:\/\/www.loisir.tiki-factory.com\/?post_type=product&#038;p=3242"},"modified":"2025-03-30T14:03:21","modified_gmt":"2025-03-30T12:03:21","slug":"chaise-longue-sofa-lounge-gonflable-petit-modele","status":"publish","type":"product","link":"https:\/\/www.loisir.tiki-factory.com\/en\/nautisme\/chaise-longue-sofa-lounge-gonflable-petit-modele","title":{"rendered":"INFLATABLE SOFA LOUNGE LONG CHAIR small model"},"content":{"rendered":"<p>Respond to a simple need: relax on a comfortable deckchair while sailing, at anchor or even directly on the water! without overloading chests or bulky object cabins!<\/p>\n<p>The process and the materials are validated for marine use: resistance to shocks, UV rays, salt water, etc. Inflation in 1 minutes thanks to a standard valve, that of the Stand up paddle or dinghy and the use of a hand or electric pump broadband.<\/p>","protected":false},"excerpt":{"rendered":"<p>Dim 200x80x90 \u2013 poids\u00a0: 12 kg \u2013 Gonflage\u00a0: 1 min \u2013<\/p>\n<p>High resistance pvc PARTITION technology manufacturing, internal construction with manual welding inside the vertical partition structure allowing great rigidity despite low inflation pressure (3 psi).<\/p>\n<p>Innovation TIKI YACHTING pour 2022 une gamme de transats gonflables avec design fond plat ou forme de vague, d\u00e9clin\u00e9e en largeur de 80 cm ou 140 cm.<\/p>","protected":false},"featured_media":4813,"template":"","meta":[],"product_cat":[132],"product_tag":[],"yoast_head":"<!-- This site is optimized with the Yoast SEO plugin v21.1 - https:\/\/yoast.com\/wordpress\/plugins\/seo\/ -->\n<title>TIKI FACTORY LOISIRS ~ CHAISE LONGUE SOFA LOUNGE GONFLABLE petit mod\u00e8le<\/title>\n<meta name=\"robots\" content=\"index, follow, max-snippet:-1, max-image-preview:large, max-video-preview:-1\" \/>\n<link rel=\"canonical\" href=\"https:\/\/www.loisir.tiki-factory.com\/en\/nautisme\/chaise-longue-sofa-lounge-gonflable-petit-modele\" \/>\n<meta property=\"og:locale\" content=\"en_GB\" \/>\n<meta property=\"og:type\" content=\"article\" \/>\n<meta property=\"og:title\" content=\"TIKI FACTORY LOISIRS ~ CHAISE LONGUE SOFA LOUNGE GONFLABLE petit mod\u00e8le\" \/>\n<meta property=\"og:description\" content=\"Dim 200x80x90 \u2013 poids\u00a0: 12 kg \u2013 Gonflage\u00a0: 1 min \u2013  Fabrication\u00a0en Technologie PARTITION pvc haute r\u00e9sistance, b\u00e2tissage interne avec soudures manuelles \u00e0 l\u2019int\u00e9rieur de la structure de cloisons verticales permettant une grande rigidit\u00e9 malgr\u00e9 une faible pression de gonflage (3 psi).  Innovation TIKI YACHTING pour 2022 une gamme de transats gonflables avec design fond plat ou forme de vague, d\u00e9clin\u00e9e en largeur de 80 cm ou 140 cm.\" \/>\n<meta property=\"og:url\" content=\"https:\/\/www.loisir.tiki-factory.com\/en\/nautisme\/chaise-longue-sofa-lounge-gonflable-petit-modele\" \/>\n<meta property=\"og:site_name\" content=\"TIKI FACTORY LOISIRS\" \/>\n<meta property=\"article:publisher\" content=\"https:\/\/www.facebook.com\/TIKI-Factory-472166199484072\" \/>\n<meta property=\"article:modified_time\" content=\"2025-03-30T12:03:21+00:00\" \/>\n<meta property=\"og:image\" content=\"https:\/\/www.loisir.tiki-factory.com\/wp-content\/uploads\/2021\/10\/chaise-longue-sofa-lounge-gonflable.jpeg\" \/>\n\t<meta property=\"og:image:width\" content=\"960\" \/>\n\t<meta property=\"og:image:height\" content=\"960\" \/>\n\t<meta property=\"og:image:type\" content=\"image\/jpeg\" \/>\n<meta name=\"twitter:card\" content=\"summary_large_image\" \/>\n<meta name=\"twitter:label1\" content=\"Estimated reading time\" \/>\n\t<meta name=\"twitter:data1\" content=\"1 minute\" \/>\n<script type=\"application\/ld+json\" class=\"yoast-schema-graph\">{\"@context\":\"https:\/\/schema.org\",\"@graph\":[{\"@type\":\"WebPage\",\"@id\":\"https:\/\/www.loisir.tiki-factory.com\/en\/nautisme\/chaise-longue-sofa-lounge-gonflable-petit-modele\",\"url\":\"https:\/\/www.loisir.tiki-factory.com\/en\/nautisme\/chaise-longue-sofa-lounge-gonflable-petit-modele\",\"name\":\"TIKI FACTORY LOISIRS ~ CHAISE LONGUE SOFA LOUNGE GONFLABLE petit mod\u00e8le\",\"isPartOf\":{\"@id\":\"https:\/\/www.loisir.tiki-factory.com\/en\/#website\"},\"datePublished\":\"2021-10-19T09:59:39+00:00\",\"dateModified\":\"2025-03-30T12:03:21+00:00\",\"breadcrumb\":{\"@id\":\"https:\/\/www.loisir.tiki-factory.com\/en\/nautisme\/chaise-longue-sofa-lounge-gonflable-petit-modele#breadcrumb\"},\"inLanguage\":\"en-GB\",\"potentialAction\":[{\"@type\":\"ReadAction\",\"target\":[\"https:\/\/www.loisir.tiki-factory.com\/en\/nautisme\/chaise-longue-sofa-lounge-gonflable-petit-modele\"]}]},{\"@type\":\"BreadcrumbList\",\"@id\":\"https:\/\/www.loisir.tiki-factory.com\/en\/nautisme\/chaise-longue-sofa-lounge-gonflable-petit-modele#breadcrumb\",\"itemListElement\":[{\"@type\":\"ListItem\",\"position\":1,\"name\":\"Accueil\",\"item\":\"https:\/\/www.loisir.tiki-factory.com\/\"},{\"@type\":\"ListItem\",\"position\":2,\"name\":\"Boutique\",\"item\":\"https:\/\/www.loisir.tiki-factory.com\/en\/boutique\"},{\"@type\":\"ListItem\",\"position\":3,\"name\":\"CHAISE LONGUE SOFA LOUNGE GONFLABLE petit mod\u00e8le\"}]},{\"@type\":\"WebSite\",\"@id\":\"https:\/\/www.loisir.tiki-factory.com\/en\/#website\",\"url\":\"https:\/\/www.loisir.tiki-factory.com\/en\/\",\"name\":\"TIKI FACTORY LOISIRS\",\"description\":\"Vente de paddles et accessoires en ligne pour les loisirs\",\"publisher\":{\"@id\":\"https:\/\/www.loisir.tiki-factory.com\/en\/#organization\"},\"potentialAction\":[{\"@type\":\"SearchAction\",\"target\":{\"@type\":\"EntryPoint\",\"urlTemplate\":\"https:\/\/www.loisir.tiki-factory.com\/en\/?s={search_term_string}\"},\"query-input\":\"required name=search_term_string\"}],\"inLanguage\":\"en-GB\"},{\"@type\":\"Organization\",\"@id\":\"https:\/\/www.loisir.tiki-factory.com\/en\/#organization\",\"name\":\"TIKI FACTORY\",\"url\":\"https:\/\/www.loisir.tiki-factory.com\/en\/\",\"logo\":{\"@type\":\"ImageObject\",\"inLanguage\":\"en-GB\",\"@id\":\"https:\/\/www.loisir.tiki-factory.com\/en\/#\/schema\/logo\/image\/\",\"url\":\"https:\/\/www.loisir.tiki-factory.com\/wp-content\/uploads\/2020\/12\/image-partage-facebook-tiki-factory.jpg\",\"contentUrl\":\"https:\/\/www.loisir.tiki-factory.com\/wp-content\/uploads\/2020\/12\/image-partage-facebook-tiki-factory.jpg\",\"width\":1200,\"height\":629,\"caption\":\"TIKI FACTORY\"},\"image\":{\"@id\":\"https:\/\/www.loisir.tiki-factory.com\/en\/#\/schema\/logo\/image\/\"},\"sameAs\":[\"https:\/\/www.facebook.com\/TIKI-Factory-472166199484072\",\"https:\/\/www.youtube.com\/channel\/UCDhHkHdueO5AGNLAVD8VZsg\"]}]}<\/script>\n<!-- \/ Yoast SEO plugin. -->","yoast_head_json":{"title":"TIKI FACTORY LOISIRS ~ CHAISE LONGUE SOFA LOUNGE GONFLABLE petit mod\u00e8le","robots":{"index":"index","follow":"follow","max-snippet":"max-snippet:-1","max-image-preview":"max-image-preview:large","max-video-preview":"max-video-preview:-1"},"canonical":"https:\/\/www.loisir.tiki-factory.com\/en\/nautisme\/chaise-longue-sofa-lounge-gonflable-petit-modele","og_locale":"en_GB","og_type":"article","og_title":"TIKI FACTORY LOISIRS ~ CHAISE LONGUE SOFA LOUNGE GONFLABLE petit mod\u00e8le","og_description":"Dim 200x80x90 \u2013 poids\u00a0: 12 kg \u2013 Gonflage\u00a0: 1 min \u2013  Fabrication\u00a0en Technologie PARTITION pvc haute r\u00e9sistance, b\u00e2tissage interne avec soudures manuelles \u00e0 l\u2019int\u00e9rieur de la structure de cloisons verticales permettant une grande rigidit\u00e9 malgr\u00e9 une faible pression de gonflage (3 psi).  Innovation TIKI YACHTING pour 2022 une gamme de transats gonflables avec design fond plat ou forme de vague, d\u00e9clin\u00e9e en largeur de 80 cm ou 140 cm.","og_url":"https:\/\/www.loisir.tiki-factory.com\/en\/nautisme\/chaise-longue-sofa-lounge-gonflable-petit-modele","og_site_name":"TIKI FACTORY LOISIRS","article_publisher":"https:\/\/www.facebook.com\/TIKI-Factory-472166199484072","article_modified_time":"2025-03-30T12:03:21+00:00","og_image":[{"width":960,"height":960,"url":"https:\/\/www.loisir.tiki-factory.com\/wp-content\/uploads\/2021\/10\/chaise-longue-sofa-lounge-gonflable.jpeg","type":"image\/jpeg"}],"twitter_card":"summary_large_image","twitter_misc":{"Estimated reading time":"1 minute"},"schema":{"@context":"https:\/\/schema.org","@graph":[{"@type":"WebPage","@id":"https:\/\/www.loisir.tiki-factory.com\/en\/nautisme\/chaise-longue-sofa-lounge-gonflable-petit-modele","url":"https:\/\/www.loisir.tiki-factory.com\/en\/nautisme\/chaise-longue-sofa-lounge-gonflable-petit-modele","name":"TIKI FACTORY LOISIRS ~ CHAISE LONGUE SOFA LOUNGE GONFLABLE petit mod\u00e8le","isPartOf":{"@id":"https:\/\/www.loisir.tiki-factory.com\/en\/#website"},"datePublished":"2021-10-19T09:59:39+00:00","dateModified":"2025-03-30T12:03:21+00:00","breadcrumb":{"@id":"https:\/\/www.loisir.tiki-factory.com\/en\/nautisme\/chaise-longue-sofa-lounge-gonflable-petit-modele#breadcrumb"},"inLanguage":"en-GB","potentialAction":[{"@type":"ReadAction","target":["https:\/\/www.loisir.tiki-factory.com\/en\/nautisme\/chaise-longue-sofa-lounge-gonflable-petit-modele"]}]},{"@type":"BreadcrumbList","@id":"https:\/\/www.loisir.tiki-factory.com\/en\/nautisme\/chaise-longue-sofa-lounge-gonflable-petit-modele#breadcrumb","itemListElement":[{"@type":"ListItem","position":1,"name":"Accueil","item":"https:\/\/www.loisir.tiki-factory.com\/"},{"@type":"ListItem","position":2,"name":"Boutique","item":"https:\/\/www.loisir.tiki-factory.com\/en\/boutique"},{"@type":"ListItem","position":3,"name":"CHAISE LONGUE SOFA LOUNGE GONFLABLE petit mod\u00e8le"}]},{"@type":"WebSite","@id":"https:\/\/www.loisir.tiki-factory.com\/en\/#website","url":"https:\/\/www.loisir.tiki-factory.com\/en\/","name":"TIKI FACTORY LOISIRS","description":"Vente de paddles et accessoires en ligne pour les loisirs","publisher":{"@id":"https:\/\/www.loisir.tiki-factory.com\/en\/#organization"},"potentialAction":[{"@type":"SearchAction","target":{"@type":"EntryPoint","urlTemplate":"https:\/\/www.loisir.tiki-factory.com\/en\/?s={search_term_string}"},"query-input":"required name=search_term_string"}],"inLanguage":"en-GB"},{"@type":"Organization","@id":"https:\/\/www.loisir.tiki-factory.com\/en\/#organization","name":"TIKI FACTORY","url":"https:\/\/www.loisir.tiki-factory.com\/en\/","logo":{"@type":"ImageObject","inLanguage":"en-GB","@id":"https:\/\/www.loisir.tiki-factory.com\/en\/#\/schema\/logo\/image\/","url":"https:\/\/www.loisir.tiki-factory.com\/wp-content\/uploads\/2020\/12\/image-partage-facebook-tiki-factory.jpg","contentUrl":"https:\/\/www.loisir.tiki-factory.com\/wp-content\/uploads\/2020\/12\/image-partage-facebook-tiki-factory.jpg","width":1200,"height":629,"caption":"TIKI FACTORY"},"image":{"@id":"https:\/\/www.loisir.tiki-factory.com\/en\/#\/schema\/logo\/image\/"},"sameAs":["https:\/\/www.facebook.com\/TIKI-Factory-472166199484072","https:\/\/www.youtube.com\/channel\/UCDhHkHdueO5AGNLAVD8VZsg"]}]}},"_links":{"self":[{"href":"https:\/\/www.loisir.tiki-factory.com\/en\/wp-json\/wp\/v2\/product\/3242"}],"collection":[{"href":"https:\/\/www.loisir.tiki-factory.com\/en\/wp-json\/wp\/v2\/product"}],"about":[{"href":"https:\/\/www.loisir.tiki-factory.com\/en\/wp-json\/wp\/v2\/types\/product"}],"wp:featuredmedia":[{"embeddable":true,"href":"https:\/\/www.loisir.tiki-factory.com\/en\/wp-json\/wp\/v2\/media\/4813"}],"wp:attachment":[{"href":"https:\/\/www.loisir.tiki-factory.com\/en\/wp-json\/wp\/v2\/media?parent=3242"}],"wp:term":[{"taxonomy":"product_cat","embeddable":true,"href":"https:\/\/www.loisir.tiki-factory.com\/en\/wp-json\/wp\/v2\/product_cat?post=3242"},{"taxonomy":"product_tag","embeddable":true,"href":"https:\/\/www.loisir.tiki-factory.com\/en\/wp-json\/wp\/v2\/product_tag?post=3242"}],"curies":[{"name":"wp","href":"https:\/\/api.w.org\/{rel}","templated":true}]}}