{"id":3273,"date":"2021-10-17T15:29:14","date_gmt":"2021-10-17T13:29:14","guid":{"rendered":"https:\/\/www.loisir.tiki-factory.com\/?post_type=product&#038;p=3273"},"modified":"2021-11-12T12:29:50","modified_gmt":"2021-11-12T11:29:50","slug":"mac-duck-seul-sans-stand-up-paddle","status":"publish","type":"product","link":"https:\/\/www.loisir.tiki-factory.com\/en\/surf-sup\/mac-duck-seul-sans-stand-up-paddle","title":{"rendered":"MAC DUCK alone without stand up paddle"},"content":{"rendered":"<p><iframe loading=\"lazy\" title=\"New propulsion system for stand up paddle\" width=\"980\" height=\"551\" src=\"https:\/\/www.youtube.com\/embed\/6ULWpfBOQpI?feature=oembed&#038;enablejsapi=1&#038;origin=https:\/\/www.loisir.tiki-factory.com\" frameborder=\"0\" allow=\"accelerometer; autoplay; clipboard-write; encrypted-media; gyroscope; picture-in-picture\" allowfullscreen><\/iframe><\/p>\n<ul>\n<li>fun !<\/li>\n<li>De la vitesse : Le mouvement alternatif r\u00e9gulier des pagaies, l&rsquo;ergonomie, la facilit\u00e9 d&rsquo;utilisation favorisent une bonne performance en vitesse.<\/li>\n<li>Stability: The practitioner is standing on the floor of the structure, he holds on to the articulated paddles.<\/li>\n<li>De la man\u0153uvrabilit\u00e9 : Un demi-tour des deux pagaies permet la marche arri\u00e8re, un demi-tour d&rsquo;une seule pagaie: la rotation sur place.<\/li>\n<li>De la musculation : En marche avant le bras et l&rsquo;\u00e9paule poussent, en marche arri\u00e8re ils tirent. <b>MAC DUCK<\/b> muscle bras, \u00e9paules, dorsaux, ceinture abdominale, abdos et fessiers, comme un appareil de type \u00a0\u00bb elliptique \u00a0\u00bb bien connus dans les salles de gym.<\/li>\n<li>Its handling is immediate.<\/li>\n<li>Ease of assembly: <b>MAC DUCK<\/b> is delivered folded. The assembly is done in one minute, there are 4 operating buttons to screw.<\/li>\n<li>Easy installation on your paddle: <b>MAC DUCK<\/b> Can be just placed on the board, but preferably strapped, or screwed on a mast foot base for example<\/li>\n<\/ul>","protected":false},"excerpt":{"rendered":"<p>MAC DUCK est un syst\u00e8me de propulsion innovant pour paddle bas\u00e9 sur le principe de la \u00a0\u00bb patte de canard \u00ab\u00a0, adaptable sur tous les paddles, de pr\u00e9f\u00e9rence gonflables.<\/p>\n<p>It is new and unique in the world.<\/p>\n<p>En apportant du plaisir et de l&rsquo;aisance, il renouvelle la pratique du stand up paddle.<\/p>","protected":false},"featured_media":3269,"template":"","meta":[],"product_cat":[134,80],"product_tag":[],"yoast_head":"<!-- This site is optimized with the Yoast SEO plugin v21.1 - https:\/\/yoast.com\/wordpress\/plugins\/seo\/ -->\n<title>TIKI FACTORY LOISIRS ~ MAC DUCK seul sans stand up paddle<\/title>\n<meta name=\"robots\" content=\"index, follow, max-snippet:-1, max-image-preview:large, max-video-preview:-1\" \/>\n<link rel=\"canonical\" href=\"https:\/\/www.loisir.tiki-factory.com\/en\/surf-sup\/mac-duck-seul-sans-stand-up-paddle\" \/>\n<meta property=\"og:locale\" content=\"en_GB\" \/>\n<meta property=\"og:type\" content=\"article\" \/>\n<meta property=\"og:title\" content=\"TIKI FACTORY LOISIRS ~ MAC DUCK seul sans stand up paddle\" \/>\n<meta property=\"og:description\" content=\"MAC DUCK est un syst\u00e8me de propulsion innovant pour paddle bas\u00e9 sur le principe de la &quot; patte de canard &quot;, adaptable sur tous les paddles, de pr\u00e9f\u00e9rence gonflables.  Il est nouveau et unique au monde.  En apportant du plaisir et de l&#039;aisance, il renouvelle la pratique du stand up paddle.\" \/>\n<meta property=\"og:url\" content=\"https:\/\/www.loisir.tiki-factory.com\/en\/surf-sup\/mac-duck-seul-sans-stand-up-paddle\" \/>\n<meta property=\"og:site_name\" content=\"TIKI FACTORY LOISIRS\" \/>\n<meta property=\"article:publisher\" content=\"https:\/\/www.facebook.com\/TIKI-Factory-472166199484072\" \/>\n<meta property=\"article:modified_time\" content=\"2021-11-12T11:29:50+00:00\" \/>\n<meta property=\"og:image\" content=\"https:\/\/www.loisir.tiki-factory.com\/wp-content\/uploads\/2021\/10\/1A3D30AC-6D1C-45B0-8453-B22273FDF0F4-scaled.jpeg\" \/>\n\t<meta property=\"og:image:width\" content=\"2560\" \/>\n\t<meta property=\"og:image:height\" content=\"1706\" \/>\n\t<meta property=\"og:image:type\" content=\"image\/jpeg\" \/>\n<meta name=\"twitter:card\" content=\"summary_large_image\" \/>\n<meta name=\"twitter:label1\" content=\"Estimated reading time\" \/>\n\t<meta name=\"twitter:data1\" content=\"1 minute\" \/>\n<script type=\"application\/ld+json\" class=\"yoast-schema-graph\">{\"@context\":\"https:\/\/schema.org\",\"@graph\":[{\"@type\":\"WebPage\",\"@id\":\"https:\/\/www.loisir.tiki-factory.com\/en\/surf-sup\/mac-duck-seul-sans-stand-up-paddle\",\"url\":\"https:\/\/www.loisir.tiki-factory.com\/en\/surf-sup\/mac-duck-seul-sans-stand-up-paddle\",\"name\":\"TIKI FACTORY LOISIRS ~ MAC DUCK seul sans stand up paddle\",\"isPartOf\":{\"@id\":\"https:\/\/www.loisir.tiki-factory.com\/en\/#website\"},\"datePublished\":\"2021-10-17T13:29:14+00:00\",\"dateModified\":\"2021-11-12T11:29:50+00:00\",\"breadcrumb\":{\"@id\":\"https:\/\/www.loisir.tiki-factory.com\/en\/surf-sup\/mac-duck-seul-sans-stand-up-paddle#breadcrumb\"},\"inLanguage\":\"en-GB\",\"potentialAction\":[{\"@type\":\"ReadAction\",\"target\":[\"https:\/\/www.loisir.tiki-factory.com\/en\/surf-sup\/mac-duck-seul-sans-stand-up-paddle\"]}]},{\"@type\":\"BreadcrumbList\",\"@id\":\"https:\/\/www.loisir.tiki-factory.com\/en\/surf-sup\/mac-duck-seul-sans-stand-up-paddle#breadcrumb\",\"itemListElement\":[{\"@type\":\"ListItem\",\"position\":1,\"name\":\"Accueil\",\"item\":\"https:\/\/www.loisir.tiki-factory.com\/\"},{\"@type\":\"ListItem\",\"position\":2,\"name\":\"Boutique\",\"item\":\"https:\/\/www.loisir.tiki-factory.com\/en\/boutique\"},{\"@type\":\"ListItem\",\"position\":3,\"name\":\"MAC DUCK seul sans stand up paddle\"}]},{\"@type\":\"WebSite\",\"@id\":\"https:\/\/www.loisir.tiki-factory.com\/en\/#website\",\"url\":\"https:\/\/www.loisir.tiki-factory.com\/en\/\",\"name\":\"TIKI FACTORY LOISIRS\",\"description\":\"Vente de paddles et accessoires en ligne pour les loisirs\",\"publisher\":{\"@id\":\"https:\/\/www.loisir.tiki-factory.com\/en\/#organization\"},\"potentialAction\":[{\"@type\":\"SearchAction\",\"target\":{\"@type\":\"EntryPoint\",\"urlTemplate\":\"https:\/\/www.loisir.tiki-factory.com\/en\/?s={search_term_string}\"},\"query-input\":\"required name=search_term_string\"}],\"inLanguage\":\"en-GB\"},{\"@type\":\"Organization\",\"@id\":\"https:\/\/www.loisir.tiki-factory.com\/en\/#organization\",\"name\":\"TIKI FACTORY\",\"url\":\"https:\/\/www.loisir.tiki-factory.com\/en\/\",\"logo\":{\"@type\":\"ImageObject\",\"inLanguage\":\"en-GB\",\"@id\":\"https:\/\/www.loisir.tiki-factory.com\/en\/#\/schema\/logo\/image\/\",\"url\":\"https:\/\/www.loisir.tiki-factory.com\/wp-content\/uploads\/2020\/12\/image-partage-facebook-tiki-factory.jpg\",\"contentUrl\":\"https:\/\/www.loisir.tiki-factory.com\/wp-content\/uploads\/2020\/12\/image-partage-facebook-tiki-factory.jpg\",\"width\":1200,\"height\":629,\"caption\":\"TIKI FACTORY\"},\"image\":{\"@id\":\"https:\/\/www.loisir.tiki-factory.com\/en\/#\/schema\/logo\/image\/\"},\"sameAs\":[\"https:\/\/www.facebook.com\/TIKI-Factory-472166199484072\",\"https:\/\/www.youtube.com\/channel\/UCDhHkHdueO5AGNLAVD8VZsg\"]}]}<\/script>\n<!-- \/ Yoast SEO plugin. -->","yoast_head_json":{"title":"TIKI FACTORY LOISIRS ~ MAC DUCK seul sans stand up paddle","robots":{"index":"index","follow":"follow","max-snippet":"max-snippet:-1","max-image-preview":"max-image-preview:large","max-video-preview":"max-video-preview:-1"},"canonical":"https:\/\/www.loisir.tiki-factory.com\/en\/surf-sup\/mac-duck-seul-sans-stand-up-paddle","og_locale":"en_GB","og_type":"article","og_title":"TIKI FACTORY LOISIRS ~ MAC DUCK seul sans stand up paddle","og_description":"MAC DUCK est un syst\u00e8me de propulsion innovant pour paddle bas\u00e9 sur le principe de la \" patte de canard \", adaptable sur tous les paddles, de pr\u00e9f\u00e9rence gonflables.  Il est nouveau et unique au monde.  En apportant du plaisir et de l'aisance, il renouvelle la pratique du stand up paddle.","og_url":"https:\/\/www.loisir.tiki-factory.com\/en\/surf-sup\/mac-duck-seul-sans-stand-up-paddle","og_site_name":"TIKI FACTORY LOISIRS","article_publisher":"https:\/\/www.facebook.com\/TIKI-Factory-472166199484072","article_modified_time":"2021-11-12T11:29:50+00:00","og_image":[{"width":2560,"height":1706,"url":"https:\/\/www.loisir.tiki-factory.com\/wp-content\/uploads\/2021\/10\/1A3D30AC-6D1C-45B0-8453-B22273FDF0F4-scaled.jpeg","type":"image\/jpeg"}],"twitter_card":"summary_large_image","twitter_misc":{"Estimated reading time":"1 minute"},"schema":{"@context":"https:\/\/schema.org","@graph":[{"@type":"WebPage","@id":"https:\/\/www.loisir.tiki-factory.com\/en\/surf-sup\/mac-duck-seul-sans-stand-up-paddle","url":"https:\/\/www.loisir.tiki-factory.com\/en\/surf-sup\/mac-duck-seul-sans-stand-up-paddle","name":"TIKI FACTORY LOISIRS ~ MAC DUCK seul sans stand up paddle","isPartOf":{"@id":"https:\/\/www.loisir.tiki-factory.com\/en\/#website"},"datePublished":"2021-10-17T13:29:14+00:00","dateModified":"2021-11-12T11:29:50+00:00","breadcrumb":{"@id":"https:\/\/www.loisir.tiki-factory.com\/en\/surf-sup\/mac-duck-seul-sans-stand-up-paddle#breadcrumb"},"inLanguage":"en-GB","potentialAction":[{"@type":"ReadAction","target":["https:\/\/www.loisir.tiki-factory.com\/en\/surf-sup\/mac-duck-seul-sans-stand-up-paddle"]}]},{"@type":"BreadcrumbList","@id":"https:\/\/www.loisir.tiki-factory.com\/en\/surf-sup\/mac-duck-seul-sans-stand-up-paddle#breadcrumb","itemListElement":[{"@type":"ListItem","position":1,"name":"Accueil","item":"https:\/\/www.loisir.tiki-factory.com\/"},{"@type":"ListItem","position":2,"name":"Boutique","item":"https:\/\/www.loisir.tiki-factory.com\/en\/boutique"},{"@type":"ListItem","position":3,"name":"MAC DUCK seul sans stand up paddle"}]},{"@type":"WebSite","@id":"https:\/\/www.loisir.tiki-factory.com\/en\/#website","url":"https:\/\/www.loisir.tiki-factory.com\/en\/","name":"TIKI FACTORY LOISIRS","description":"Vente de paddles et accessoires en ligne pour les loisirs","publisher":{"@id":"https:\/\/www.loisir.tiki-factory.com\/en\/#organization"},"potentialAction":[{"@type":"SearchAction","target":{"@type":"EntryPoint","urlTemplate":"https:\/\/www.loisir.tiki-factory.com\/en\/?s={search_term_string}"},"query-input":"required name=search_term_string"}],"inLanguage":"en-GB"},{"@type":"Organization","@id":"https:\/\/www.loisir.tiki-factory.com\/en\/#organization","name":"TIKI FACTORY","url":"https:\/\/www.loisir.tiki-factory.com\/en\/","logo":{"@type":"ImageObject","inLanguage":"en-GB","@id":"https:\/\/www.loisir.tiki-factory.com\/en\/#\/schema\/logo\/image\/","url":"https:\/\/www.loisir.tiki-factory.com\/wp-content\/uploads\/2020\/12\/image-partage-facebook-tiki-factory.jpg","contentUrl":"https:\/\/www.loisir.tiki-factory.com\/wp-content\/uploads\/2020\/12\/image-partage-facebook-tiki-factory.jpg","width":1200,"height":629,"caption":"TIKI FACTORY"},"image":{"@id":"https:\/\/www.loisir.tiki-factory.com\/en\/#\/schema\/logo\/image\/"},"sameAs":["https:\/\/www.facebook.com\/TIKI-Factory-472166199484072","https:\/\/www.youtube.com\/channel\/UCDhHkHdueO5AGNLAVD8VZsg"]}]}},"_links":{"self":[{"href":"https:\/\/www.loisir.tiki-factory.com\/en\/wp-json\/wp\/v2\/product\/3273"}],"collection":[{"href":"https:\/\/www.loisir.tiki-factory.com\/en\/wp-json\/wp\/v2\/product"}],"about":[{"href":"https:\/\/www.loisir.tiki-factory.com\/en\/wp-json\/wp\/v2\/types\/product"}],"wp:featuredmedia":[{"embeddable":true,"href":"https:\/\/www.loisir.tiki-factory.com\/en\/wp-json\/wp\/v2\/media\/3269"}],"wp:attachment":[{"href":"https:\/\/www.loisir.tiki-factory.com\/en\/wp-json\/wp\/v2\/media?parent=3273"}],"wp:term":[{"taxonomy":"product_cat","embeddable":true,"href":"https:\/\/www.loisir.tiki-factory.com\/en\/wp-json\/wp\/v2\/product_cat?post=3273"},{"taxonomy":"product_tag","embeddable":true,"href":"https:\/\/www.loisir.tiki-factory.com\/en\/wp-json\/wp\/v2\/product_tag?post=3273"}],"curies":[{"name":"wp","href":"https:\/\/api.w.org\/{rel}","templated":true}]}}