{"id":3344,"date":"2021-10-19T12:43:31","date_gmt":"2021-10-19T10:43:31","guid":{"rendered":"https:\/\/www.loisir.tiki-factory.com\/?post_type=product&#038;p=3344"},"modified":"2026-03-10T20:58:37","modified_gmt":"2026-03-10T19:58:37","slug":"passerelle-acces-a-bord-2","status":"publish","type":"product","link":"https:\/\/www.loisir.tiki-factory.com\/en\/nautisme\/passerelle-acces-a-bord-2","title":{"rendered":"inflatable ON BOARD ACCESS GATEWAY"},"content":{"rendered":"<p><u>INFLATABLE GATEWAY ACCESS ON BOARD<\/u> \u00a0<strong>\u2013 les Mod\u00e8les sont d\u00e9pos\u00e9 \u00e0 l\u2019INPI \u2013 <\/strong>Permettre de monter \u00e0 bord d\u2019un bateau sur une passerelle qui serait \u00e0 la fois rigide, s\u00e9curis\u00e9e par des garde corps, l\u00e9g\u00e8re \u00e0 d\u00e9placer, sans entretien et durable dans le temps tel \u00e9tait notre d\u00e9fi technique. La mise en \u0153uvre ne prend que 5 minutes avec une pompe \u00e0 main ou \u00e9lectrique. Le rangement est ais\u00e9 car une fois d\u00e9gonfl\u00e9e l\u2019encombrement est de seulement 70x40x15 cm.<br \/>\nPour un maximum de rigidit\u00e9, les plateformes 300 et 250 \u00a0sont \u00e9quip\u00e9es d\u2019un syst\u00e8me de double chambre et d\u2019une double martingale. Les passerelles sont utilisables avec ou sans les gardes corps ce dernier est d\u00e9tachable. Un <b>patin<\/b> d\u2019usure amovible assure la liaison avec le quai du port sans abimer la structure gonflable.<br \/>\nLa plateforme 200 quand \u00e0 elle est simple sans syst\u00e8me double chambre ni martingale car du fait de sa longueur r\u00e9duite la rigidit\u00e9 est suffisante.<br \/>\nLe grand avantage de la 200 est son faible encombrement id\u00e9al pour les bateaux de 35 pieds et moins.<\/p>","protected":false},"excerpt":{"rendered":"<p>Passerelle d\u2019acc\u00e8s gonflable seul ( avec main courante uniquement pour la 2,5m et la 3 m ) et un <b>patin<\/b> d\u2019usure en T\u00e9flon pour le c\u00f4t\u00e9 ponton . Livr\u00e9 seul sans syst\u00e8me de gonflage .<\/p>\n<p>en option nous vous recommandons un adaptateur compresseur , une pompe \u00e0 main ou un gonfleur \u00e9lectrique . Vous les trouverez dans la rubrique accessoires .<\/p>\n<p>Inflation: 4 min - Folded 70X40X15<br \/>\nDim 300x50x15 cm \u2013 poids\u00a0: 11 kg \u2013 Gonflage\u00a0: 5 min \u2013 Pli\u00e9 70X40X18 cm<\/p>\n<p>Manufactured in high resistance DROPSTICH PVC Technology, honeycomb weave on the inside with equidistant polyester threads.<\/p>","protected":false},"featured_media":5895,"template":"","meta":[],"product_cat":[132],"product_tag":[],"yoast_head":"<!-- This site is optimized with the Yoast SEO plugin v21.1 - https:\/\/yoast.com\/wordpress\/plugins\/seo\/ -->\n<title>TIKI FACTORY LOISIRS ~ PASSERELLE ACC\u00c8S \u00c0 BORD<\/title>\n<meta name=\"robots\" content=\"index, follow, max-snippet:-1, max-image-preview:large, max-video-preview:-1\" \/>\n<link rel=\"canonical\" href=\"https:\/\/www.loisir.tiki-factory.com\/en\/nautisme\/passerelle-acces-a-bord-2\" \/>\n<meta property=\"og:locale\" content=\"en_GB\" \/>\n<meta property=\"og:type\" content=\"article\" \/>\n<meta property=\"og:title\" content=\"TIKI FACTORY LOISIRS ~ PASSERELLE ACC\u00c8S \u00c0 BORD\" \/>\n<meta property=\"og:description\" content=\"Passerelle d\u2019acc\u00e8s gonflable seul ( avec main courante uniquement pour la 2,5m et la 3 m ) et un patin d\u2019usure en T\u00e9flon pour le c\u00f4t\u00e9 ponton . Livr\u00e9 seul sans syst\u00e8me de gonflage .  en option nous vous recommandons un adaptateur compresseur , une pompe \u00e0 main ou un gonfleur \u00e9lectrique . Vous les trouverez dans la rubrique accessoires .  Gonflage\u00a0: 4 min \u2013 Pli\u00e9 70X40X15 Dim 300x50x15 cm \u2013 poids\u00a0: 11 kg \u2013 Gonflage\u00a0: 5 min \u2013 Pli\u00e9 70X40X18 cm  Fabrication\u00a0en Technologie DROPSTICH PVC haute r\u00e9sistance, tissage nid d\u2019abeille \u00e0 l\u2019int\u00e9rieur gr\u00e2ce \u00e0 des fils polyester \u00e9quidistant.\" \/>\n<meta property=\"og:url\" content=\"https:\/\/www.loisir.tiki-factory.com\/en\/nautisme\/passerelle-acces-a-bord-2\" \/>\n<meta property=\"og:site_name\" content=\"TIKI FACTORY LOISIRS\" \/>\n<meta property=\"article:publisher\" content=\"https:\/\/www.facebook.com\/TIKI-Factory-472166199484072\" \/>\n<meta property=\"article:modified_time\" content=\"2026-03-10T19:58:37+00:00\" \/>\n<meta property=\"og:image\" content=\"https:\/\/www.loisir.tiki-factory.com\/wp-content\/uploads\/2021\/10\/IMG_1782.png\" \/>\n\t<meta property=\"og:image:width\" content=\"960\" \/>\n\t<meta property=\"og:image:height\" content=\"960\" \/>\n\t<meta property=\"og:image:type\" content=\"image\/png\" \/>\n<meta name=\"twitter:card\" content=\"summary_large_image\" \/>\n<meta name=\"twitter:label1\" content=\"Estimated reading time\" \/>\n\t<meta name=\"twitter:data1\" content=\"1 minute\" \/>\n<script type=\"application\/ld+json\" class=\"yoast-schema-graph\">{\"@context\":\"https:\/\/schema.org\",\"@graph\":[{\"@type\":\"WebPage\",\"@id\":\"https:\/\/www.loisir.tiki-factory.com\/en\/nautisme\/passerelle-acces-a-bord-2\",\"url\":\"https:\/\/www.loisir.tiki-factory.com\/en\/nautisme\/passerelle-acces-a-bord-2\",\"name\":\"TIKI FACTORY LOISIRS ~ PASSERELLE ACC\u00c8S \u00c0 BORD\",\"isPartOf\":{\"@id\":\"https:\/\/www.loisir.tiki-factory.com\/en\/#website\"},\"datePublished\":\"2021-10-19T10:43:31+00:00\",\"dateModified\":\"2026-03-10T19:58:37+00:00\",\"breadcrumb\":{\"@id\":\"https:\/\/www.loisir.tiki-factory.com\/en\/nautisme\/passerelle-acces-a-bord-2#breadcrumb\"},\"inLanguage\":\"en-GB\",\"potentialAction\":[{\"@type\":\"ReadAction\",\"target\":[\"https:\/\/www.loisir.tiki-factory.com\/en\/nautisme\/passerelle-acces-a-bord-2\"]}]},{\"@type\":\"BreadcrumbList\",\"@id\":\"https:\/\/www.loisir.tiki-factory.com\/en\/nautisme\/passerelle-acces-a-bord-2#breadcrumb\",\"itemListElement\":[{\"@type\":\"ListItem\",\"position\":1,\"name\":\"Accueil\",\"item\":\"https:\/\/www.loisir.tiki-factory.com\/\"},{\"@type\":\"ListItem\",\"position\":2,\"name\":\"Boutique\",\"item\":\"https:\/\/www.loisir.tiki-factory.com\/en\/boutique\"},{\"@type\":\"ListItem\",\"position\":3,\"name\":\"PASSERELLE ACC\u00c8S \u00c0 BORD\"}]},{\"@type\":\"WebSite\",\"@id\":\"https:\/\/www.loisir.tiki-factory.com\/en\/#website\",\"url\":\"https:\/\/www.loisir.tiki-factory.com\/en\/\",\"name\":\"TIKI FACTORY LOISIRS\",\"description\":\"Vente de paddles et accessoires en ligne pour les loisirs\",\"publisher\":{\"@id\":\"https:\/\/www.loisir.tiki-factory.com\/en\/#organization\"},\"potentialAction\":[{\"@type\":\"SearchAction\",\"target\":{\"@type\":\"EntryPoint\",\"urlTemplate\":\"https:\/\/www.loisir.tiki-factory.com\/en\/?s={search_term_string}\"},\"query-input\":\"required name=search_term_string\"}],\"inLanguage\":\"en-GB\"},{\"@type\":\"Organization\",\"@id\":\"https:\/\/www.loisir.tiki-factory.com\/en\/#organization\",\"name\":\"TIKI FACTORY\",\"url\":\"https:\/\/www.loisir.tiki-factory.com\/en\/\",\"logo\":{\"@type\":\"ImageObject\",\"inLanguage\":\"en-GB\",\"@id\":\"https:\/\/www.loisir.tiki-factory.com\/en\/#\/schema\/logo\/image\/\",\"url\":\"https:\/\/www.loisir.tiki-factory.com\/wp-content\/uploads\/2020\/12\/image-partage-facebook-tiki-factory.jpg\",\"contentUrl\":\"https:\/\/www.loisir.tiki-factory.com\/wp-content\/uploads\/2020\/12\/image-partage-facebook-tiki-factory.jpg\",\"width\":1200,\"height\":629,\"caption\":\"TIKI FACTORY\"},\"image\":{\"@id\":\"https:\/\/www.loisir.tiki-factory.com\/en\/#\/schema\/logo\/image\/\"},\"sameAs\":[\"https:\/\/www.facebook.com\/TIKI-Factory-472166199484072\",\"https:\/\/www.youtube.com\/channel\/UCDhHkHdueO5AGNLAVD8VZsg\"]}]}<\/script>\n<!-- \/ Yoast SEO plugin. -->","yoast_head_json":{"title":"TIKI FACTORY LOISIRS ~ PASSERELLE ACC\u00c8S \u00c0 BORD","robots":{"index":"index","follow":"follow","max-snippet":"max-snippet:-1","max-image-preview":"max-image-preview:large","max-video-preview":"max-video-preview:-1"},"canonical":"https:\/\/www.loisir.tiki-factory.com\/en\/nautisme\/passerelle-acces-a-bord-2","og_locale":"en_GB","og_type":"article","og_title":"TIKI FACTORY LOISIRS ~ PASSERELLE ACC\u00c8S \u00c0 BORD","og_description":"Passerelle d\u2019acc\u00e8s gonflable seul ( avec main courante uniquement pour la 2,5m et la 3 m ) et un patin d\u2019usure en T\u00e9flon pour le c\u00f4t\u00e9 ponton . Livr\u00e9 seul sans syst\u00e8me de gonflage .  en option nous vous recommandons un adaptateur compresseur , une pompe \u00e0 main ou un gonfleur \u00e9lectrique . Vous les trouverez dans la rubrique accessoires .  Gonflage\u00a0: 4 min \u2013 Pli\u00e9 70X40X15 Dim 300x50x15 cm \u2013 poids\u00a0: 11 kg \u2013 Gonflage\u00a0: 5 min \u2013 Pli\u00e9 70X40X18 cm  Fabrication\u00a0en Technologie DROPSTICH PVC haute r\u00e9sistance, tissage nid d\u2019abeille \u00e0 l\u2019int\u00e9rieur gr\u00e2ce \u00e0 des fils polyester \u00e9quidistant.","og_url":"https:\/\/www.loisir.tiki-factory.com\/en\/nautisme\/passerelle-acces-a-bord-2","og_site_name":"TIKI FACTORY LOISIRS","article_publisher":"https:\/\/www.facebook.com\/TIKI-Factory-472166199484072","article_modified_time":"2026-03-10T19:58:37+00:00","og_image":[{"width":960,"height":960,"url":"https:\/\/www.loisir.tiki-factory.com\/wp-content\/uploads\/2021\/10\/IMG_1782.png","type":"image\/png"}],"twitter_card":"summary_large_image","twitter_misc":{"Estimated reading time":"1 minute"},"schema":{"@context":"https:\/\/schema.org","@graph":[{"@type":"WebPage","@id":"https:\/\/www.loisir.tiki-factory.com\/en\/nautisme\/passerelle-acces-a-bord-2","url":"https:\/\/www.loisir.tiki-factory.com\/en\/nautisme\/passerelle-acces-a-bord-2","name":"TIKI FACTORY LOISIRS ~ PASSERELLE ACC\u00c8S \u00c0 BORD","isPartOf":{"@id":"https:\/\/www.loisir.tiki-factory.com\/en\/#website"},"datePublished":"2021-10-19T10:43:31+00:00","dateModified":"2026-03-10T19:58:37+00:00","breadcrumb":{"@id":"https:\/\/www.loisir.tiki-factory.com\/en\/nautisme\/passerelle-acces-a-bord-2#breadcrumb"},"inLanguage":"en-GB","potentialAction":[{"@type":"ReadAction","target":["https:\/\/www.loisir.tiki-factory.com\/en\/nautisme\/passerelle-acces-a-bord-2"]}]},{"@type":"BreadcrumbList","@id":"https:\/\/www.loisir.tiki-factory.com\/en\/nautisme\/passerelle-acces-a-bord-2#breadcrumb","itemListElement":[{"@type":"ListItem","position":1,"name":"Accueil","item":"https:\/\/www.loisir.tiki-factory.com\/"},{"@type":"ListItem","position":2,"name":"Boutique","item":"https:\/\/www.loisir.tiki-factory.com\/en\/boutique"},{"@type":"ListItem","position":3,"name":"PASSERELLE ACC\u00c8S \u00c0 BORD"}]},{"@type":"WebSite","@id":"https:\/\/www.loisir.tiki-factory.com\/en\/#website","url":"https:\/\/www.loisir.tiki-factory.com\/en\/","name":"TIKI FACTORY LOISIRS","description":"Vente de paddles et accessoires en ligne pour les loisirs","publisher":{"@id":"https:\/\/www.loisir.tiki-factory.com\/en\/#organization"},"potentialAction":[{"@type":"SearchAction","target":{"@type":"EntryPoint","urlTemplate":"https:\/\/www.loisir.tiki-factory.com\/en\/?s={search_term_string}"},"query-input":"required name=search_term_string"}],"inLanguage":"en-GB"},{"@type":"Organization","@id":"https:\/\/www.loisir.tiki-factory.com\/en\/#organization","name":"TIKI FACTORY","url":"https:\/\/www.loisir.tiki-factory.com\/en\/","logo":{"@type":"ImageObject","inLanguage":"en-GB","@id":"https:\/\/www.loisir.tiki-factory.com\/en\/#\/schema\/logo\/image\/","url":"https:\/\/www.loisir.tiki-factory.com\/wp-content\/uploads\/2020\/12\/image-partage-facebook-tiki-factory.jpg","contentUrl":"https:\/\/www.loisir.tiki-factory.com\/wp-content\/uploads\/2020\/12\/image-partage-facebook-tiki-factory.jpg","width":1200,"height":629,"caption":"TIKI FACTORY"},"image":{"@id":"https:\/\/www.loisir.tiki-factory.com\/en\/#\/schema\/logo\/image\/"},"sameAs":["https:\/\/www.facebook.com\/TIKI-Factory-472166199484072","https:\/\/www.youtube.com\/channel\/UCDhHkHdueO5AGNLAVD8VZsg"]}]}},"_links":{"self":[{"href":"https:\/\/www.loisir.tiki-factory.com\/en\/wp-json\/wp\/v2\/product\/3344"}],"collection":[{"href":"https:\/\/www.loisir.tiki-factory.com\/en\/wp-json\/wp\/v2\/product"}],"about":[{"href":"https:\/\/www.loisir.tiki-factory.com\/en\/wp-json\/wp\/v2\/types\/product"}],"wp:featuredmedia":[{"embeddable":true,"href":"https:\/\/www.loisir.tiki-factory.com\/en\/wp-json\/wp\/v2\/media\/5895"}],"wp:attachment":[{"href":"https:\/\/www.loisir.tiki-factory.com\/en\/wp-json\/wp\/v2\/media?parent=3344"}],"wp:term":[{"taxonomy":"product_cat","embeddable":true,"href":"https:\/\/www.loisir.tiki-factory.com\/en\/wp-json\/wp\/v2\/product_cat?post=3344"},{"taxonomy":"product_tag","embeddable":true,"href":"https:\/\/www.loisir.tiki-factory.com\/en\/wp-json\/wp\/v2\/product_tag?post=3344"}],"curies":[{"name":"wp","href":"https:\/\/api.w.org\/{rel}","templated":true}]}}