{"id":3363,"date":"2021-10-19T14:09:15","date_gmt":"2021-10-19T12:09:15","guid":{"rendered":"https:\/\/www.loisir.tiki-factory.com\/?post_type=product&#038;p=3363"},"modified":"2023-11-02T12:28:01","modified_gmt":"2023-11-02T11:28:01","slug":"kit-adaptateur-planche-a-voile","status":"publish","type":"product","link":"https:\/\/www.loisir.tiki-factory.com\/en\/voiles-gonflables\/voiles\/kit-adaptateur-planche-a-voile","title":{"rendered":"WINDSURF ADAPTER KIT"},"content":{"rendered":"<p>Syst\u00e8me en fibre SANS pied de m\u00e2t syst\u00e8me universel sur la plaque du dessus , et deux bo\u00eetiers d\u2019ailerons sur la plaque du dessous . Le tout reli\u00e9 autour du stand up ( ou autre engin nautique ) par deux sangles .<\/p>\n<p>dans le kit vous avez les deux ailerons compris .<\/p>\n<p>light product about two kilos<\/p>\n<p><iframe loading=\"lazy\" title=\"Turtle Mast - Inflatable symmetrical rig - Finalist in the Paris Nautic innovation competition 2021\" width=\"980\" height=\"551\" src=\"https:\/\/www.youtube.com\/embed\/PHWVdsfN3IU?feature=oembed&#038;enablejsapi=1&#038;origin=https:\/\/www.loisir.tiki-factory.com\" frameborder=\"0\" allow=\"accelerometer; autoplay; clipboard-write; encrypted-media; gyroscope; picture-in-picture; web-share\" allowfullscreen><\/iframe><\/p>\n<p>&nbsp;<\/p>","protected":false},"excerpt":{"rendered":"<p>Syst\u00e8me en fibre SANS \u00a0pied de m\u00e2t syst\u00e8me universel sur la plaque du dessus , et deux bo\u00eetiers d\u2019ailerons sur la plaque du dessous . Le tout reli\u00e9 autour du stand up ( ou autre engin nautique ) par deux sangles .<\/p>\n<p>light product about two kilos<\/p>","protected":false},"featured_media":4662,"template":"","meta":[],"product_cat":[100,103,89,90,107],"product_tag":[],"yoast_head":"<!-- This site is optimized with the Yoast SEO plugin v21.1 - https:\/\/yoast.com\/wordpress\/plugins\/seo\/ -->\n<title>TIKI FACTORY LOISIRS ~ KIT ADAPTATEUR PLANCHE \u00c0 VOILE<\/title>\n<meta name=\"robots\" content=\"index, follow, max-snippet:-1, max-image-preview:large, max-video-preview:-1\" \/>\n<link rel=\"canonical\" href=\"https:\/\/www.loisir.tiki-factory.com\/en\/voiles-gonflables\/voiles\/kit-adaptateur-planche-a-voile\" \/>\n<meta property=\"og:locale\" content=\"en_GB\" \/>\n<meta property=\"og:type\" content=\"article\" \/>\n<meta property=\"og:title\" content=\"TIKI FACTORY LOISIRS ~ KIT ADAPTATEUR PLANCHE \u00c0 VOILE\" \/>\n<meta property=\"og:description\" content=\"Syst\u00e8me en fibre SANS \u00a0pied de m\u00e2t syst\u00e8me universel sur la plaque du dessus , et deux bo\u00eetiers d\u2019ailerons sur la plaque du dessous . Le tout reli\u00e9 autour du stand up ( ou autre engin nautique ) par deux sangles .  produit l\u00e9ger environ deux kilos\" \/>\n<meta property=\"og:url\" content=\"https:\/\/www.loisir.tiki-factory.com\/en\/voiles-gonflables\/voiles\/kit-adaptateur-planche-a-voile\" \/>\n<meta property=\"og:site_name\" content=\"TIKI FACTORY LOISIRS\" \/>\n<meta property=\"article:publisher\" content=\"https:\/\/www.facebook.com\/TIKI-Factory-472166199484072\" \/>\n<meta property=\"article:modified_time\" content=\"2023-11-02T11:28:01+00:00\" \/>\n<meta property=\"og:image\" content=\"https:\/\/www.loisir.tiki-factory.com\/wp-content\/uploads\/2021\/10\/kit-adaptateur-planche-a-voile.jpg\" \/>\n\t<meta property=\"og:image:width\" content=\"960\" \/>\n\t<meta property=\"og:image:height\" content=\"960\" \/>\n\t<meta property=\"og:image:type\" content=\"image\/jpeg\" \/>\n<meta name=\"twitter:card\" content=\"summary_large_image\" \/>\n<meta name=\"twitter:label1\" content=\"Estimated reading time\" \/>\n\t<meta name=\"twitter:data1\" content=\"1 minute\" \/>\n<script type=\"application\/ld+json\" class=\"yoast-schema-graph\">{\"@context\":\"https:\/\/schema.org\",\"@graph\":[{\"@type\":\"WebPage\",\"@id\":\"https:\/\/www.loisir.tiki-factory.com\/en\/voiles-gonflables\/voiles\/kit-adaptateur-planche-a-voile\",\"url\":\"https:\/\/www.loisir.tiki-factory.com\/en\/voiles-gonflables\/voiles\/kit-adaptateur-planche-a-voile\",\"name\":\"TIKI FACTORY LOISIRS ~ KIT ADAPTATEUR PLANCHE \u00c0 VOILE\",\"isPartOf\":{\"@id\":\"https:\/\/www.loisir.tiki-factory.com\/en\/#website\"},\"datePublished\":\"2021-10-19T12:09:15+00:00\",\"dateModified\":\"2023-11-02T11:28:01+00:00\",\"breadcrumb\":{\"@id\":\"https:\/\/www.loisir.tiki-factory.com\/en\/voiles-gonflables\/voiles\/kit-adaptateur-planche-a-voile#breadcrumb\"},\"inLanguage\":\"en-GB\",\"potentialAction\":[{\"@type\":\"ReadAction\",\"target\":[\"https:\/\/www.loisir.tiki-factory.com\/en\/voiles-gonflables\/voiles\/kit-adaptateur-planche-a-voile\"]}]},{\"@type\":\"BreadcrumbList\",\"@id\":\"https:\/\/www.loisir.tiki-factory.com\/en\/voiles-gonflables\/voiles\/kit-adaptateur-planche-a-voile#breadcrumb\",\"itemListElement\":[{\"@type\":\"ListItem\",\"position\":1,\"name\":\"Accueil\",\"item\":\"https:\/\/www.loisir.tiki-factory.com\/\"},{\"@type\":\"ListItem\",\"position\":2,\"name\":\"Boutique\",\"item\":\"https:\/\/www.loisir.tiki-factory.com\/en\/boutique\"},{\"@type\":\"ListItem\",\"position\":3,\"name\":\"KIT ADAPTATEUR PLANCHE \u00c0 VOILE\"}]},{\"@type\":\"WebSite\",\"@id\":\"https:\/\/www.loisir.tiki-factory.com\/en\/#website\",\"url\":\"https:\/\/www.loisir.tiki-factory.com\/en\/\",\"name\":\"TIKI FACTORY LOISIRS\",\"description\":\"Vente de paddles et accessoires en ligne pour les loisirs\",\"publisher\":{\"@id\":\"https:\/\/www.loisir.tiki-factory.com\/en\/#organization\"},\"potentialAction\":[{\"@type\":\"SearchAction\",\"target\":{\"@type\":\"EntryPoint\",\"urlTemplate\":\"https:\/\/www.loisir.tiki-factory.com\/en\/?s={search_term_string}\"},\"query-input\":\"required name=search_term_string\"}],\"inLanguage\":\"en-GB\"},{\"@type\":\"Organization\",\"@id\":\"https:\/\/www.loisir.tiki-factory.com\/en\/#organization\",\"name\":\"TIKI FACTORY\",\"url\":\"https:\/\/www.loisir.tiki-factory.com\/en\/\",\"logo\":{\"@type\":\"ImageObject\",\"inLanguage\":\"en-GB\",\"@id\":\"https:\/\/www.loisir.tiki-factory.com\/en\/#\/schema\/logo\/image\/\",\"url\":\"https:\/\/www.loisir.tiki-factory.com\/wp-content\/uploads\/2020\/12\/image-partage-facebook-tiki-factory.jpg\",\"contentUrl\":\"https:\/\/www.loisir.tiki-factory.com\/wp-content\/uploads\/2020\/12\/image-partage-facebook-tiki-factory.jpg\",\"width\":1200,\"height\":629,\"caption\":\"TIKI FACTORY\"},\"image\":{\"@id\":\"https:\/\/www.loisir.tiki-factory.com\/en\/#\/schema\/logo\/image\/\"},\"sameAs\":[\"https:\/\/www.facebook.com\/TIKI-Factory-472166199484072\",\"https:\/\/www.youtube.com\/channel\/UCDhHkHdueO5AGNLAVD8VZsg\"]}]}<\/script>\n<!-- \/ Yoast SEO plugin. -->","yoast_head_json":{"title":"TIKI FACTORY LOISIRS ~ KIT ADAPTATEUR PLANCHE \u00c0 VOILE","robots":{"index":"index","follow":"follow","max-snippet":"max-snippet:-1","max-image-preview":"max-image-preview:large","max-video-preview":"max-video-preview:-1"},"canonical":"https:\/\/www.loisir.tiki-factory.com\/en\/voiles-gonflables\/voiles\/kit-adaptateur-planche-a-voile","og_locale":"en_GB","og_type":"article","og_title":"TIKI FACTORY LOISIRS ~ KIT ADAPTATEUR PLANCHE \u00c0 VOILE","og_description":"Syst\u00e8me en fibre SANS \u00a0pied de m\u00e2t syst\u00e8me universel sur la plaque du dessus , et deux bo\u00eetiers d\u2019ailerons sur la plaque du dessous . Le tout reli\u00e9 autour du stand up ( ou autre engin nautique ) par deux sangles .  produit l\u00e9ger environ deux kilos","og_url":"https:\/\/www.loisir.tiki-factory.com\/en\/voiles-gonflables\/voiles\/kit-adaptateur-planche-a-voile","og_site_name":"TIKI FACTORY LOISIRS","article_publisher":"https:\/\/www.facebook.com\/TIKI-Factory-472166199484072","article_modified_time":"2023-11-02T11:28:01+00:00","og_image":[{"width":960,"height":960,"url":"https:\/\/www.loisir.tiki-factory.com\/wp-content\/uploads\/2021\/10\/kit-adaptateur-planche-a-voile.jpg","type":"image\/jpeg"}],"twitter_card":"summary_large_image","twitter_misc":{"Estimated reading time":"1 minute"},"schema":{"@context":"https:\/\/schema.org","@graph":[{"@type":"WebPage","@id":"https:\/\/www.loisir.tiki-factory.com\/en\/voiles-gonflables\/voiles\/kit-adaptateur-planche-a-voile","url":"https:\/\/www.loisir.tiki-factory.com\/en\/voiles-gonflables\/voiles\/kit-adaptateur-planche-a-voile","name":"TIKI FACTORY LOISIRS ~ KIT ADAPTATEUR PLANCHE \u00c0 VOILE","isPartOf":{"@id":"https:\/\/www.loisir.tiki-factory.com\/en\/#website"},"datePublished":"2021-10-19T12:09:15+00:00","dateModified":"2023-11-02T11:28:01+00:00","breadcrumb":{"@id":"https:\/\/www.loisir.tiki-factory.com\/en\/voiles-gonflables\/voiles\/kit-adaptateur-planche-a-voile#breadcrumb"},"inLanguage":"en-GB","potentialAction":[{"@type":"ReadAction","target":["https:\/\/www.loisir.tiki-factory.com\/en\/voiles-gonflables\/voiles\/kit-adaptateur-planche-a-voile"]}]},{"@type":"BreadcrumbList","@id":"https:\/\/www.loisir.tiki-factory.com\/en\/voiles-gonflables\/voiles\/kit-adaptateur-planche-a-voile#breadcrumb","itemListElement":[{"@type":"ListItem","position":1,"name":"Accueil","item":"https:\/\/www.loisir.tiki-factory.com\/"},{"@type":"ListItem","position":2,"name":"Boutique","item":"https:\/\/www.loisir.tiki-factory.com\/en\/boutique"},{"@type":"ListItem","position":3,"name":"KIT ADAPTATEUR PLANCHE \u00c0 VOILE"}]},{"@type":"WebSite","@id":"https:\/\/www.loisir.tiki-factory.com\/en\/#website","url":"https:\/\/www.loisir.tiki-factory.com\/en\/","name":"TIKI FACTORY LOISIRS","description":"Vente de paddles et accessoires en ligne pour les loisirs","publisher":{"@id":"https:\/\/www.loisir.tiki-factory.com\/en\/#organization"},"potentialAction":[{"@type":"SearchAction","target":{"@type":"EntryPoint","urlTemplate":"https:\/\/www.loisir.tiki-factory.com\/en\/?s={search_term_string}"},"query-input":"required name=search_term_string"}],"inLanguage":"en-GB"},{"@type":"Organization","@id":"https:\/\/www.loisir.tiki-factory.com\/en\/#organization","name":"TIKI FACTORY","url":"https:\/\/www.loisir.tiki-factory.com\/en\/","logo":{"@type":"ImageObject","inLanguage":"en-GB","@id":"https:\/\/www.loisir.tiki-factory.com\/en\/#\/schema\/logo\/image\/","url":"https:\/\/www.loisir.tiki-factory.com\/wp-content\/uploads\/2020\/12\/image-partage-facebook-tiki-factory.jpg","contentUrl":"https:\/\/www.loisir.tiki-factory.com\/wp-content\/uploads\/2020\/12\/image-partage-facebook-tiki-factory.jpg","width":1200,"height":629,"caption":"TIKI FACTORY"},"image":{"@id":"https:\/\/www.loisir.tiki-factory.com\/en\/#\/schema\/logo\/image\/"},"sameAs":["https:\/\/www.facebook.com\/TIKI-Factory-472166199484072","https:\/\/www.youtube.com\/channel\/UCDhHkHdueO5AGNLAVD8VZsg"]}]}},"_links":{"self":[{"href":"https:\/\/www.loisir.tiki-factory.com\/en\/wp-json\/wp\/v2\/product\/3363"}],"collection":[{"href":"https:\/\/www.loisir.tiki-factory.com\/en\/wp-json\/wp\/v2\/product"}],"about":[{"href":"https:\/\/www.loisir.tiki-factory.com\/en\/wp-json\/wp\/v2\/types\/product"}],"wp:featuredmedia":[{"embeddable":true,"href":"https:\/\/www.loisir.tiki-factory.com\/en\/wp-json\/wp\/v2\/media\/4662"}],"wp:attachment":[{"href":"https:\/\/www.loisir.tiki-factory.com\/en\/wp-json\/wp\/v2\/media?parent=3363"}],"wp:term":[{"taxonomy":"product_cat","embeddable":true,"href":"https:\/\/www.loisir.tiki-factory.com\/en\/wp-json\/wp\/v2\/product_cat?post=3363"},{"taxonomy":"product_tag","embeddable":true,"href":"https:\/\/www.loisir.tiki-factory.com\/en\/wp-json\/wp\/v2\/product_tag?post=3363"}],"curies":[{"name":"wp","href":"https:\/\/api.w.org\/{rel}","templated":true}]}}