{"id":3398,"date":"2021-11-08T18:12:30","date_gmt":"2021-11-08T17:12:30","guid":{"rendered":"https:\/\/www.loisir.tiki-factory.com\/?post_type=product&#038;p=3398"},"modified":"2024-05-23T17:41:32","modified_gmt":"2024-05-23T15:41:32","slug":"siege-stabipaddle-seul","status":"publish","type":"product","link":"https:\/\/www.loisir.tiki-factory.com\/en\/surf-sup\/sup-handicape\/siege-stabipaddle-seul","title":{"rendered":"STABIPADDLE seat"},"content":{"rendered":"<p>People with reduced mobility, seniors, overweight people but also many beginners who for fear of falling in the water do not dare to venture into such an activity can now enjoy it like the others.<\/p>\n<p>The inflation of the stability module takes 4 minutes and the deflation 2 minutes.<\/p>\n<p>The two modules (stability and seat) are attached to the paddle using 4 straps (2 per module) in a few minutes<\/p>\n<p>Valid or not, practice the paddle safely and independently from a standard inflatable paddle.<\/p>\n<p>STABIPADDLE Inflatable is for all practitioners and for the more athletic, opt for the STABIPADDLE Race!!!<\/p>\n<p>Our innovation is revolutionizing the world of paddle boarding since it makes this sporting and fun activity accessible to all. It has been designed to offer maximum stability while maintaining optimal comfort of use.<\/p>\n<p>Our invention has just obtained at the Salon des Jeunes Inventeurs et Cr\u00e9ateurs de Monts 2021, the Gold Medal of the L\u00e9pine Competition.<\/p>\n<p>patented product<\/p>","protected":false},"excerpt":{"rendered":"<p>Adaptable seat on a stand up paddle for a person with reduced mobility.<br \/>\nHyppocampe compatible.<br \/>\nDo not hesitate to contact us for more information or tests<\/p>","protected":false},"featured_media":4733,"template":"","meta":[],"product_cat":[134,80],"product_tag":[],"yoast_head":"<!-- This site is optimized with the Yoast SEO plugin v21.1 - https:\/\/yoast.com\/wordpress\/plugins\/seo\/ -->\n<title>TIKI FACTORY LOISIRS ~ Si\u00e8ge STABIPADDLE<\/title>\n<meta name=\"robots\" content=\"index, follow, max-snippet:-1, max-image-preview:large, max-video-preview:-1\" \/>\n<link rel=\"canonical\" href=\"https:\/\/www.loisir.tiki-factory.com\/en\/surf-sup\/sup-handicape\/siege-stabipaddle-seul\" \/>\n<meta property=\"og:locale\" content=\"en_GB\" \/>\n<meta property=\"og:type\" content=\"article\" \/>\n<meta property=\"og:title\" content=\"TIKI FACTORY LOISIRS ~ Si\u00e8ge STABIPADDLE\" \/>\n<meta property=\"og:description\" content=\"Si\u00e8ge adaptable sur un stand up paddle pour une personne \u00e0 mobilit\u00e9 r\u00e9duite . Compatible hyppocampe. N\u2019h\u00e9sitez pas \u00e0 nous contacter pour plus de renseignements ou des tests\" \/>\n<meta property=\"og:url\" content=\"https:\/\/www.loisir.tiki-factory.com\/en\/surf-sup\/sup-handicape\/siege-stabipaddle-seul\" \/>\n<meta property=\"og:site_name\" content=\"TIKI FACTORY LOISIRS\" \/>\n<meta property=\"article:publisher\" content=\"https:\/\/www.facebook.com\/TIKI-Factory-472166199484072\" \/>\n<meta property=\"article:modified_time\" content=\"2024-05-23T15:41:32+00:00\" \/>\n<meta property=\"og:image\" content=\"https:\/\/www.loisir.tiki-factory.com\/wp-content\/uploads\/2021\/11\/siege-stabipaddle.png\" \/>\n\t<meta property=\"og:image:width\" content=\"960\" \/>\n\t<meta property=\"og:image:height\" content=\"960\" \/>\n\t<meta property=\"og:image:type\" content=\"image\/png\" \/>\n<meta name=\"twitter:card\" content=\"summary_large_image\" \/>\n<meta name=\"twitter:label1\" content=\"Estimated reading time\" \/>\n\t<meta name=\"twitter:data1\" content=\"1 minute\" \/>\n<script type=\"application\/ld+json\" class=\"yoast-schema-graph\">{\"@context\":\"https:\/\/schema.org\",\"@graph\":[{\"@type\":\"WebPage\",\"@id\":\"https:\/\/www.loisir.tiki-factory.com\/en\/surf-sup\/sup-handicape\/siege-stabipaddle-seul\",\"url\":\"https:\/\/www.loisir.tiki-factory.com\/en\/surf-sup\/sup-handicape\/siege-stabipaddle-seul\",\"name\":\"TIKI FACTORY LOISIRS ~ Si\u00e8ge STABIPADDLE\",\"isPartOf\":{\"@id\":\"https:\/\/www.loisir.tiki-factory.com\/en\/#website\"},\"datePublished\":\"2021-11-08T17:12:30+00:00\",\"dateModified\":\"2024-05-23T15:41:32+00:00\",\"breadcrumb\":{\"@id\":\"https:\/\/www.loisir.tiki-factory.com\/en\/surf-sup\/sup-handicape\/siege-stabipaddle-seul#breadcrumb\"},\"inLanguage\":\"en-GB\",\"potentialAction\":[{\"@type\":\"ReadAction\",\"target\":[\"https:\/\/www.loisir.tiki-factory.com\/en\/surf-sup\/sup-handicape\/siege-stabipaddle-seul\"]}]},{\"@type\":\"BreadcrumbList\",\"@id\":\"https:\/\/www.loisir.tiki-factory.com\/en\/surf-sup\/sup-handicape\/siege-stabipaddle-seul#breadcrumb\",\"itemListElement\":[{\"@type\":\"ListItem\",\"position\":1,\"name\":\"Accueil\",\"item\":\"https:\/\/www.loisir.tiki-factory.com\/\"},{\"@type\":\"ListItem\",\"position\":2,\"name\":\"Boutique\",\"item\":\"https:\/\/www.loisir.tiki-factory.com\/en\/boutique\"},{\"@type\":\"ListItem\",\"position\":3,\"name\":\"Si\u00e8ge STABIPADDLE\"}]},{\"@type\":\"WebSite\",\"@id\":\"https:\/\/www.loisir.tiki-factory.com\/en\/#website\",\"url\":\"https:\/\/www.loisir.tiki-factory.com\/en\/\",\"name\":\"TIKI FACTORY LOISIRS\",\"description\":\"Vente de paddles et accessoires en ligne pour les loisirs\",\"publisher\":{\"@id\":\"https:\/\/www.loisir.tiki-factory.com\/en\/#organization\"},\"potentialAction\":[{\"@type\":\"SearchAction\",\"target\":{\"@type\":\"EntryPoint\",\"urlTemplate\":\"https:\/\/www.loisir.tiki-factory.com\/en\/?s={search_term_string}\"},\"query-input\":\"required name=search_term_string\"}],\"inLanguage\":\"en-GB\"},{\"@type\":\"Organization\",\"@id\":\"https:\/\/www.loisir.tiki-factory.com\/en\/#organization\",\"name\":\"TIKI FACTORY\",\"url\":\"https:\/\/www.loisir.tiki-factory.com\/en\/\",\"logo\":{\"@type\":\"ImageObject\",\"inLanguage\":\"en-GB\",\"@id\":\"https:\/\/www.loisir.tiki-factory.com\/en\/#\/schema\/logo\/image\/\",\"url\":\"https:\/\/www.loisir.tiki-factory.com\/wp-content\/uploads\/2020\/12\/image-partage-facebook-tiki-factory.jpg\",\"contentUrl\":\"https:\/\/www.loisir.tiki-factory.com\/wp-content\/uploads\/2020\/12\/image-partage-facebook-tiki-factory.jpg\",\"width\":1200,\"height\":629,\"caption\":\"TIKI FACTORY\"},\"image\":{\"@id\":\"https:\/\/www.loisir.tiki-factory.com\/en\/#\/schema\/logo\/image\/\"},\"sameAs\":[\"https:\/\/www.facebook.com\/TIKI-Factory-472166199484072\",\"https:\/\/www.youtube.com\/channel\/UCDhHkHdueO5AGNLAVD8VZsg\"]}]}<\/script>\n<!-- \/ Yoast SEO plugin. -->","yoast_head_json":{"title":"TIKI FACTORY LOISIRS ~ Si\u00e8ge STABIPADDLE","robots":{"index":"index","follow":"follow","max-snippet":"max-snippet:-1","max-image-preview":"max-image-preview:large","max-video-preview":"max-video-preview:-1"},"canonical":"https:\/\/www.loisir.tiki-factory.com\/en\/surf-sup\/sup-handicape\/siege-stabipaddle-seul","og_locale":"en_GB","og_type":"article","og_title":"TIKI FACTORY LOISIRS ~ Si\u00e8ge STABIPADDLE","og_description":"Si\u00e8ge adaptable sur un stand up paddle pour une personne \u00e0 mobilit\u00e9 r\u00e9duite . Compatible hyppocampe. N\u2019h\u00e9sitez pas \u00e0 nous contacter pour plus de renseignements ou des tests","og_url":"https:\/\/www.loisir.tiki-factory.com\/en\/surf-sup\/sup-handicape\/siege-stabipaddle-seul","og_site_name":"TIKI FACTORY LOISIRS","article_publisher":"https:\/\/www.facebook.com\/TIKI-Factory-472166199484072","article_modified_time":"2024-05-23T15:41:32+00:00","og_image":[{"width":960,"height":960,"url":"https:\/\/www.loisir.tiki-factory.com\/wp-content\/uploads\/2021\/11\/siege-stabipaddle.png","type":"image\/png"}],"twitter_card":"summary_large_image","twitter_misc":{"Estimated reading time":"1 minute"},"schema":{"@context":"https:\/\/schema.org","@graph":[{"@type":"WebPage","@id":"https:\/\/www.loisir.tiki-factory.com\/en\/surf-sup\/sup-handicape\/siege-stabipaddle-seul","url":"https:\/\/www.loisir.tiki-factory.com\/en\/surf-sup\/sup-handicape\/siege-stabipaddle-seul","name":"TIKI FACTORY LOISIRS ~ Si\u00e8ge STABIPADDLE","isPartOf":{"@id":"https:\/\/www.loisir.tiki-factory.com\/en\/#website"},"datePublished":"2021-11-08T17:12:30+00:00","dateModified":"2024-05-23T15:41:32+00:00","breadcrumb":{"@id":"https:\/\/www.loisir.tiki-factory.com\/en\/surf-sup\/sup-handicape\/siege-stabipaddle-seul#breadcrumb"},"inLanguage":"en-GB","potentialAction":[{"@type":"ReadAction","target":["https:\/\/www.loisir.tiki-factory.com\/en\/surf-sup\/sup-handicape\/siege-stabipaddle-seul"]}]},{"@type":"BreadcrumbList","@id":"https:\/\/www.loisir.tiki-factory.com\/en\/surf-sup\/sup-handicape\/siege-stabipaddle-seul#breadcrumb","itemListElement":[{"@type":"ListItem","position":1,"name":"Accueil","item":"https:\/\/www.loisir.tiki-factory.com\/"},{"@type":"ListItem","position":2,"name":"Boutique","item":"https:\/\/www.loisir.tiki-factory.com\/en\/boutique"},{"@type":"ListItem","position":3,"name":"Si\u00e8ge STABIPADDLE"}]},{"@type":"WebSite","@id":"https:\/\/www.loisir.tiki-factory.com\/en\/#website","url":"https:\/\/www.loisir.tiki-factory.com\/en\/","name":"TIKI FACTORY LOISIRS","description":"Vente de paddles et accessoires en ligne pour les loisirs","publisher":{"@id":"https:\/\/www.loisir.tiki-factory.com\/en\/#organization"},"potentialAction":[{"@type":"SearchAction","target":{"@type":"EntryPoint","urlTemplate":"https:\/\/www.loisir.tiki-factory.com\/en\/?s={search_term_string}"},"query-input":"required name=search_term_string"}],"inLanguage":"en-GB"},{"@type":"Organization","@id":"https:\/\/www.loisir.tiki-factory.com\/en\/#organization","name":"TIKI FACTORY","url":"https:\/\/www.loisir.tiki-factory.com\/en\/","logo":{"@type":"ImageObject","inLanguage":"en-GB","@id":"https:\/\/www.loisir.tiki-factory.com\/en\/#\/schema\/logo\/image\/","url":"https:\/\/www.loisir.tiki-factory.com\/wp-content\/uploads\/2020\/12\/image-partage-facebook-tiki-factory.jpg","contentUrl":"https:\/\/www.loisir.tiki-factory.com\/wp-content\/uploads\/2020\/12\/image-partage-facebook-tiki-factory.jpg","width":1200,"height":629,"caption":"TIKI FACTORY"},"image":{"@id":"https:\/\/www.loisir.tiki-factory.com\/en\/#\/schema\/logo\/image\/"},"sameAs":["https:\/\/www.facebook.com\/TIKI-Factory-472166199484072","https:\/\/www.youtube.com\/channel\/UCDhHkHdueO5AGNLAVD8VZsg"]}]}},"_links":{"self":[{"href":"https:\/\/www.loisir.tiki-factory.com\/en\/wp-json\/wp\/v2\/product\/3398"}],"collection":[{"href":"https:\/\/www.loisir.tiki-factory.com\/en\/wp-json\/wp\/v2\/product"}],"about":[{"href":"https:\/\/www.loisir.tiki-factory.com\/en\/wp-json\/wp\/v2\/types\/product"}],"wp:featuredmedia":[{"embeddable":true,"href":"https:\/\/www.loisir.tiki-factory.com\/en\/wp-json\/wp\/v2\/media\/4733"}],"wp:attachment":[{"href":"https:\/\/www.loisir.tiki-factory.com\/en\/wp-json\/wp\/v2\/media?parent=3398"}],"wp:term":[{"taxonomy":"product_cat","embeddable":true,"href":"https:\/\/www.loisir.tiki-factory.com\/en\/wp-json\/wp\/v2\/product_cat?post=3398"},{"taxonomy":"product_tag","embeddable":true,"href":"https:\/\/www.loisir.tiki-factory.com\/en\/wp-json\/wp\/v2\/product_tag?post=3398"}],"curies":[{"name":"wp","href":"https:\/\/api.w.org\/{rel}","templated":true}]}}