{"id":5076,"date":"2023-01-28T23:13:35","date_gmt":"2023-01-28T22:13:35","guid":{"rendered":"https:\/\/www.loisir.tiki-factory.com\/?post_type=product&#038;p=5076"},"modified":"2025-04-02T11:02:21","modified_gmt":"2025-04-02T09:02:21","slug":"passerelle-gonflable-dacces-a-bord-200","status":"publish","type":"product","link":"https:\/\/www.loisir.tiki-factory.com\/en\/plateformes-kayaks\/passerelles-acces-a-bord\/passerelle-gonflable-dacces-a-bord-200","title":{"rendered":"PASSERELLE GONFLABLE D\u2019ACC\u00c8S \u00c0 BORD 200 SEULE"},"content":{"rendered":"<p>PASSERELLE 200 : Dim 200x60x15 : 6 kg Encombrement pli\u00e9 : 70x30x20<br \/>\nManufacture of the gateway using MSL double skin and double chamber dropstitch technology.<br \/>\nWHY CHOOSE AN INFLATABLE PLATFORM: Because the Model is registered with the INPI.<br \/>\nPermettre de monter \u00e0 bord d\u2019un bateau sur une passerelle qui serait \u00e0 la fois rigide, l\u00e9g\u00e8re \u00e0 d\u00e9placer , sans entretien et durable dans le temps tel \u00e9tait notre d\u00e9fi technique. La mise en \u0153uvre ne prend que 5 minutes avec une pompe \u00e0 main de stand up paddle \u00a0ou \u00e9lec-trique. Le rangement est ais\u00e9 car une fois d\u00e9gonfl\u00e9e l\u2019encombrement est de seulement 70x30x15 cm. Pour un maximum de rigidit\u00e9, la plateforme est \u00e9quip\u00e9e d\u2019un syst\u00e8me de double chambre et double martingale. <b>Un patin<\/b> d\u2019usure amovible \u00a0en T\u00e9flon assure la liaison avec le quai du port sans abimer la struc-ture gonflable.<\/p>","protected":false},"excerpt":{"rendered":"<p>Passerelle d\u2019acc\u00e8s gonflable avec main courante \u00a0et \u00a0un patin de protection en T\u00e9flon \u00a0. Elle est livr\u00e9e seule sans syst\u00e8me de gonflage .<\/p>\n<p>en option nous vous recommandons un adaptateur compresseur ou une pompe \u00e0 main ou un gonfleur \u00e9lectrique . Vous les trouverez dans la rubrique \u00ab accessoires \u00bb .<\/p>","protected":false},"featured_media":5628,"template":"","meta":[],"product_cat":[96,99,114],"product_tag":[],"yoast_head":"<!-- This site is optimized with the Yoast SEO plugin v21.1 - https:\/\/yoast.com\/wordpress\/plugins\/seo\/ -->\n<title>TIKI FACTORY LOISIRS ~ PASSERELLE GONFLABLE D\u2019ACC\u00c8S \u00c0 BORD 200 SEULE<\/title>\n<meta name=\"robots\" content=\"index, follow, max-snippet:-1, max-image-preview:large, max-video-preview:-1\" \/>\n<link rel=\"canonical\" href=\"https:\/\/www.loisir.tiki-factory.com\/en\/plateformes-kayaks\/passerelles-acces-a-bord\/passerelle-gonflable-dacces-a-bord-200\" \/>\n<meta property=\"og:locale\" content=\"en_GB\" \/>\n<meta property=\"og:type\" content=\"article\" \/>\n<meta property=\"og:title\" content=\"TIKI FACTORY LOISIRS ~ PASSERELLE GONFLABLE D\u2019ACC\u00c8S \u00c0 BORD 200 SEULE\" \/>\n<meta property=\"og:description\" content=\"Passerelle d\u2019acc\u00e8s gonflable avec main courante \u00a0et \u00a0un patin de protection en T\u00e9flon \u00a0. Elle est livr\u00e9e seule sans syst\u00e8me de gonflage .  en option nous vous recommandons un adaptateur compresseur ou une pompe \u00e0 main ou un gonfleur \u00e9lectrique . Vous les trouverez dans la rubrique \u00ab accessoires \u00bb .\" \/>\n<meta property=\"og:url\" content=\"https:\/\/www.loisir.tiki-factory.com\/en\/plateformes-kayaks\/passerelles-acces-a-bord\/passerelle-gonflable-dacces-a-bord-200\" \/>\n<meta property=\"og:site_name\" content=\"TIKI FACTORY LOISIRS\" \/>\n<meta property=\"article:publisher\" content=\"https:\/\/www.facebook.com\/TIKI-Factory-472166199484072\" \/>\n<meta property=\"article:modified_time\" content=\"2025-04-02T09:02:21+00:00\" \/>\n<meta property=\"og:image\" content=\"https:\/\/www.loisir.tiki-factory.com\/wp-content\/uploads\/2023\/01\/IMG_1164.jpeg\" \/>\n\t<meta property=\"og:image:width\" content=\"960\" \/>\n\t<meta property=\"og:image:height\" content=\"960\" \/>\n\t<meta property=\"og:image:type\" content=\"image\/jpeg\" \/>\n<meta name=\"twitter:card\" content=\"summary_large_image\" \/>\n<meta name=\"twitter:label1\" content=\"Estimated reading time\" \/>\n\t<meta name=\"twitter:data1\" content=\"1 minute\" \/>\n<script type=\"application\/ld+json\" class=\"yoast-schema-graph\">{\"@context\":\"https:\/\/schema.org\",\"@graph\":[{\"@type\":\"WebPage\",\"@id\":\"https:\/\/www.loisir.tiki-factory.com\/en\/plateformes-kayaks\/passerelles-acces-a-bord\/passerelle-gonflable-dacces-a-bord-200\",\"url\":\"https:\/\/www.loisir.tiki-factory.com\/en\/plateformes-kayaks\/passerelles-acces-a-bord\/passerelle-gonflable-dacces-a-bord-200\",\"name\":\"TIKI FACTORY LOISIRS ~ PASSERELLE GONFLABLE D\u2019ACC\u00c8S \u00c0 BORD 200 SEULE\",\"isPartOf\":{\"@id\":\"https:\/\/www.loisir.tiki-factory.com\/en\/#website\"},\"datePublished\":\"2023-01-28T22:13:35+00:00\",\"dateModified\":\"2025-04-02T09:02:21+00:00\",\"breadcrumb\":{\"@id\":\"https:\/\/www.loisir.tiki-factory.com\/en\/plateformes-kayaks\/passerelles-acces-a-bord\/passerelle-gonflable-dacces-a-bord-200#breadcrumb\"},\"inLanguage\":\"en-GB\",\"potentialAction\":[{\"@type\":\"ReadAction\",\"target\":[\"https:\/\/www.loisir.tiki-factory.com\/en\/plateformes-kayaks\/passerelles-acces-a-bord\/passerelle-gonflable-dacces-a-bord-200\"]}]},{\"@type\":\"BreadcrumbList\",\"@id\":\"https:\/\/www.loisir.tiki-factory.com\/en\/plateformes-kayaks\/passerelles-acces-a-bord\/passerelle-gonflable-dacces-a-bord-200#breadcrumb\",\"itemListElement\":[{\"@type\":\"ListItem\",\"position\":1,\"name\":\"Accueil\",\"item\":\"https:\/\/www.loisir.tiki-factory.com\/\"},{\"@type\":\"ListItem\",\"position\":2,\"name\":\"Boutique\",\"item\":\"https:\/\/www.loisir.tiki-factory.com\/en\/boutique\"},{\"@type\":\"ListItem\",\"position\":3,\"name\":\"PASSERELLE GONFLABLE D\u2019ACC\u00c8S \u00c0 BORD 200 SEULE\"}]},{\"@type\":\"WebSite\",\"@id\":\"https:\/\/www.loisir.tiki-factory.com\/en\/#website\",\"url\":\"https:\/\/www.loisir.tiki-factory.com\/en\/\",\"name\":\"TIKI FACTORY LOISIRS\",\"description\":\"Vente de paddles et accessoires en ligne pour les loisirs\",\"publisher\":{\"@id\":\"https:\/\/www.loisir.tiki-factory.com\/en\/#organization\"},\"potentialAction\":[{\"@type\":\"SearchAction\",\"target\":{\"@type\":\"EntryPoint\",\"urlTemplate\":\"https:\/\/www.loisir.tiki-factory.com\/en\/?s={search_term_string}\"},\"query-input\":\"required name=search_term_string\"}],\"inLanguage\":\"en-GB\"},{\"@type\":\"Organization\",\"@id\":\"https:\/\/www.loisir.tiki-factory.com\/en\/#organization\",\"name\":\"TIKI FACTORY\",\"url\":\"https:\/\/www.loisir.tiki-factory.com\/en\/\",\"logo\":{\"@type\":\"ImageObject\",\"inLanguage\":\"en-GB\",\"@id\":\"https:\/\/www.loisir.tiki-factory.com\/en\/#\/schema\/logo\/image\/\",\"url\":\"https:\/\/www.loisir.tiki-factory.com\/wp-content\/uploads\/2020\/12\/image-partage-facebook-tiki-factory.jpg\",\"contentUrl\":\"https:\/\/www.loisir.tiki-factory.com\/wp-content\/uploads\/2020\/12\/image-partage-facebook-tiki-factory.jpg\",\"width\":1200,\"height\":629,\"caption\":\"TIKI FACTORY\"},\"image\":{\"@id\":\"https:\/\/www.loisir.tiki-factory.com\/en\/#\/schema\/logo\/image\/\"},\"sameAs\":[\"https:\/\/www.facebook.com\/TIKI-Factory-472166199484072\",\"https:\/\/www.youtube.com\/channel\/UCDhHkHdueO5AGNLAVD8VZsg\"]}]}<\/script>\n<!-- \/ Yoast SEO plugin. -->","yoast_head_json":{"title":"TIKI FACTORY LOISIRS ~ PASSERELLE GONFLABLE D\u2019ACC\u00c8S \u00c0 BORD 200 SEULE","robots":{"index":"index","follow":"follow","max-snippet":"max-snippet:-1","max-image-preview":"max-image-preview:large","max-video-preview":"max-video-preview:-1"},"canonical":"https:\/\/www.loisir.tiki-factory.com\/en\/plateformes-kayaks\/passerelles-acces-a-bord\/passerelle-gonflable-dacces-a-bord-200","og_locale":"en_GB","og_type":"article","og_title":"TIKI FACTORY LOISIRS ~ PASSERELLE GONFLABLE D\u2019ACC\u00c8S \u00c0 BORD 200 SEULE","og_description":"Passerelle d\u2019acc\u00e8s gonflable avec main courante \u00a0et \u00a0un patin de protection en T\u00e9flon \u00a0. Elle est livr\u00e9e seule sans syst\u00e8me de gonflage .  en option nous vous recommandons un adaptateur compresseur ou une pompe \u00e0 main ou un gonfleur \u00e9lectrique . Vous les trouverez dans la rubrique \u00ab accessoires \u00bb .","og_url":"https:\/\/www.loisir.tiki-factory.com\/en\/plateformes-kayaks\/passerelles-acces-a-bord\/passerelle-gonflable-dacces-a-bord-200","og_site_name":"TIKI FACTORY LOISIRS","article_publisher":"https:\/\/www.facebook.com\/TIKI-Factory-472166199484072","article_modified_time":"2025-04-02T09:02:21+00:00","og_image":[{"width":960,"height":960,"url":"https:\/\/www.loisir.tiki-factory.com\/wp-content\/uploads\/2023\/01\/IMG_1164.jpeg","type":"image\/jpeg"}],"twitter_card":"summary_large_image","twitter_misc":{"Estimated reading time":"1 minute"},"schema":{"@context":"https:\/\/schema.org","@graph":[{"@type":"WebPage","@id":"https:\/\/www.loisir.tiki-factory.com\/en\/plateformes-kayaks\/passerelles-acces-a-bord\/passerelle-gonflable-dacces-a-bord-200","url":"https:\/\/www.loisir.tiki-factory.com\/en\/plateformes-kayaks\/passerelles-acces-a-bord\/passerelle-gonflable-dacces-a-bord-200","name":"TIKI FACTORY LOISIRS ~ PASSERELLE GONFLABLE D\u2019ACC\u00c8S \u00c0 BORD 200 SEULE","isPartOf":{"@id":"https:\/\/www.loisir.tiki-factory.com\/en\/#website"},"datePublished":"2023-01-28T22:13:35+00:00","dateModified":"2025-04-02T09:02:21+00:00","breadcrumb":{"@id":"https:\/\/www.loisir.tiki-factory.com\/en\/plateformes-kayaks\/passerelles-acces-a-bord\/passerelle-gonflable-dacces-a-bord-200#breadcrumb"},"inLanguage":"en-GB","potentialAction":[{"@type":"ReadAction","target":["https:\/\/www.loisir.tiki-factory.com\/en\/plateformes-kayaks\/passerelles-acces-a-bord\/passerelle-gonflable-dacces-a-bord-200"]}]},{"@type":"BreadcrumbList","@id":"https:\/\/www.loisir.tiki-factory.com\/en\/plateformes-kayaks\/passerelles-acces-a-bord\/passerelle-gonflable-dacces-a-bord-200#breadcrumb","itemListElement":[{"@type":"ListItem","position":1,"name":"Accueil","item":"https:\/\/www.loisir.tiki-factory.com\/"},{"@type":"ListItem","position":2,"name":"Boutique","item":"https:\/\/www.loisir.tiki-factory.com\/en\/boutique"},{"@type":"ListItem","position":3,"name":"PASSERELLE GONFLABLE D\u2019ACC\u00c8S \u00c0 BORD 200 SEULE"}]},{"@type":"WebSite","@id":"https:\/\/www.loisir.tiki-factory.com\/en\/#website","url":"https:\/\/www.loisir.tiki-factory.com\/en\/","name":"TIKI FACTORY LOISIRS","description":"Vente de paddles et accessoires en ligne pour les loisirs","publisher":{"@id":"https:\/\/www.loisir.tiki-factory.com\/en\/#organization"},"potentialAction":[{"@type":"SearchAction","target":{"@type":"EntryPoint","urlTemplate":"https:\/\/www.loisir.tiki-factory.com\/en\/?s={search_term_string}"},"query-input":"required name=search_term_string"}],"inLanguage":"en-GB"},{"@type":"Organization","@id":"https:\/\/www.loisir.tiki-factory.com\/en\/#organization","name":"TIKI FACTORY","url":"https:\/\/www.loisir.tiki-factory.com\/en\/","logo":{"@type":"ImageObject","inLanguage":"en-GB","@id":"https:\/\/www.loisir.tiki-factory.com\/en\/#\/schema\/logo\/image\/","url":"https:\/\/www.loisir.tiki-factory.com\/wp-content\/uploads\/2020\/12\/image-partage-facebook-tiki-factory.jpg","contentUrl":"https:\/\/www.loisir.tiki-factory.com\/wp-content\/uploads\/2020\/12\/image-partage-facebook-tiki-factory.jpg","width":1200,"height":629,"caption":"TIKI FACTORY"},"image":{"@id":"https:\/\/www.loisir.tiki-factory.com\/en\/#\/schema\/logo\/image\/"},"sameAs":["https:\/\/www.facebook.com\/TIKI-Factory-472166199484072","https:\/\/www.youtube.com\/channel\/UCDhHkHdueO5AGNLAVD8VZsg"]}]}},"_links":{"self":[{"href":"https:\/\/www.loisir.tiki-factory.com\/en\/wp-json\/wp\/v2\/product\/5076"}],"collection":[{"href":"https:\/\/www.loisir.tiki-factory.com\/en\/wp-json\/wp\/v2\/product"}],"about":[{"href":"https:\/\/www.loisir.tiki-factory.com\/en\/wp-json\/wp\/v2\/types\/product"}],"wp:featuredmedia":[{"embeddable":true,"href":"https:\/\/www.loisir.tiki-factory.com\/en\/wp-json\/wp\/v2\/media\/5628"}],"wp:attachment":[{"href":"https:\/\/www.loisir.tiki-factory.com\/en\/wp-json\/wp\/v2\/media?parent=5076"}],"wp:term":[{"taxonomy":"product_cat","embeddable":true,"href":"https:\/\/www.loisir.tiki-factory.com\/en\/wp-json\/wp\/v2\/product_cat?post=5076"},{"taxonomy":"product_tag","embeddable":true,"href":"https:\/\/www.loisir.tiki-factory.com\/en\/wp-json\/wp\/v2\/product_tag?post=5076"}],"curies":[{"name":"wp","href":"https:\/\/api.w.org\/{rel}","templated":true}]}}