{"id":5115,"date":"2023-02-15T10:16:25","date_gmt":"2023-02-15T09:16:25","guid":{"rendered":"https:\/\/www.loisir.tiki-factory.com\/?post_type=product&#038;p=5115"},"modified":"2026-01-15T00:04:47","modified_gmt":"2026-01-14T23:04:47","slug":"turtle-mast-adulte-pack-complet","status":"publish","type":"product","link":"https:\/\/www.loisir.tiki-factory.com\/en\/voiles-gonflables\/turtle-mast-adulte-pack-complet","title":{"rendered":"Turtle mast adulte pack complet"},"content":{"rendered":"<p>GONFLEZ, SCRATCHEZ LA VOILE, CONNECTEZ AU SUP&#8230; VOUS \u00caTES PR\u00caT \u00c0 NAVIGUER !<br \/>\nPour toute la famille : adultes et enfants, d\u00e9butants ou confirm\u00e9s, adeptes du paddle ou de la planche \u00e0 voile, avec l\u2019envie de s\u2019amuser sur l\u2019eau et de faire de belles balades.<br \/>\nS\u00c9CURIT\u00c9 :<br \/>\nNavigation \u00e0 l\u2019aide du vent (entre 2 et 15 noeuds) : Propulsion TURTLE MAST !<br \/>\nPas de vent : je rentre \u00e0 la pagaie&#8230;<br \/>\nLES AVANTAGES :<br \/>\nFacile \u00e0 transporter (sac de 110 cm \/ 40 cm) L\u00e9ger (- de 5kg). \u00a0Facile \u00e0 monter et \u00e0 d\u00e9monter.<br \/>\nFacile \u00e0 utiliser : man\u0153uvres simplifi\u00e9es.<br \/>\nSP\u00c9CIFICATIONS :<br \/>\nFRAME gonflable en drop stitch gonfl\u00e9e \u00e0 15 psI. (avec la m\u00eame pompe que pour le SUP).<br \/>\nVOILE en monofilm tram\u00e9 et latt\u00e9.<\/p>","protected":false},"excerpt":{"rendered":"<p>VOILE OU PADDLE, LA PROPULSION HYBRIDE ID\u00c9ALE.<br \/>\nLe pack complet comprend le sup airwind 11\u2019 + la pagaie aluminium + le sac + la pompe + le kit r\u00e9paration du sup + le gr\u00e9ement adulte turtle mast ( cf article gr\u00e9ement turtle mast adulte ).<\/p>","protected":false},"featured_media":5098,"template":"","meta":[],"product_cat":[111,89,107],"product_tag":[],"yoast_head":"<!-- This site is optimized with the Yoast SEO plugin v21.1 - https:\/\/yoast.com\/wordpress\/plugins\/seo\/ -->\n<title>TIKI FACTORY LOISIRS ~ Turtle mast adulte pack complet<\/title>\n<meta name=\"robots\" content=\"index, follow, max-snippet:-1, max-image-preview:large, max-video-preview:-1\" \/>\n<link rel=\"canonical\" href=\"https:\/\/www.loisir.tiki-factory.com\/en\/voiles-gonflables\/turtle-mast-adulte-pack-complet\" \/>\n<meta property=\"og:locale\" content=\"en_GB\" \/>\n<meta property=\"og:type\" content=\"article\" \/>\n<meta property=\"og:title\" content=\"TIKI FACTORY LOISIRS ~ Turtle mast adulte pack complet\" \/>\n<meta property=\"og:description\" content=\"VOILE OU PADDLE, LA PROPULSION HYBRIDE ID\u00c9ALE. Le pack complet comprend le sup airwind 11\u2019 + la pagaie aluminium + le sac + la pompe + le kit r\u00e9paration du sup + le gr\u00e9ement adulte turtle mast ( cf article gr\u00e9ement turtle mast adulte ).\" \/>\n<meta property=\"og:url\" content=\"https:\/\/www.loisir.tiki-factory.com\/en\/voiles-gonflables\/turtle-mast-adulte-pack-complet\" \/>\n<meta property=\"og:site_name\" content=\"TIKI FACTORY LOISIRS\" \/>\n<meta property=\"article:publisher\" content=\"https:\/\/www.facebook.com\/TIKI-Factory-472166199484072\" \/>\n<meta property=\"article:modified_time\" content=\"2026-01-14T23:04:47+00:00\" \/>\n<meta property=\"og:image\" content=\"https:\/\/www.loisir.tiki-factory.com\/wp-content\/uploads\/2023\/02\/turtle-mast-air-adulte-pack-complet.jpeg\" \/>\n\t<meta property=\"og:image:width\" content=\"960\" \/>\n\t<meta property=\"og:image:height\" content=\"960\" \/>\n\t<meta property=\"og:image:type\" content=\"image\/jpeg\" \/>\n<meta name=\"twitter:card\" content=\"summary_large_image\" \/>\n<meta name=\"twitter:label1\" content=\"Estimated reading time\" \/>\n\t<meta name=\"twitter:data1\" content=\"1 minute\" \/>\n<script type=\"application\/ld+json\" class=\"yoast-schema-graph\">{\"@context\":\"https:\/\/schema.org\",\"@graph\":[{\"@type\":\"WebPage\",\"@id\":\"https:\/\/www.loisir.tiki-factory.com\/en\/voiles-gonflables\/turtle-mast-adulte-pack-complet\",\"url\":\"https:\/\/www.loisir.tiki-factory.com\/en\/voiles-gonflables\/turtle-mast-adulte-pack-complet\",\"name\":\"TIKI FACTORY LOISIRS ~ Turtle mast adulte pack complet\",\"isPartOf\":{\"@id\":\"https:\/\/www.loisir.tiki-factory.com\/en\/#website\"},\"datePublished\":\"2023-02-15T09:16:25+00:00\",\"dateModified\":\"2026-01-14T23:04:47+00:00\",\"breadcrumb\":{\"@id\":\"https:\/\/www.loisir.tiki-factory.com\/en\/voiles-gonflables\/turtle-mast-adulte-pack-complet#breadcrumb\"},\"inLanguage\":\"en-GB\",\"potentialAction\":[{\"@type\":\"ReadAction\",\"target\":[\"https:\/\/www.loisir.tiki-factory.com\/en\/voiles-gonflables\/turtle-mast-adulte-pack-complet\"]}]},{\"@type\":\"BreadcrumbList\",\"@id\":\"https:\/\/www.loisir.tiki-factory.com\/en\/voiles-gonflables\/turtle-mast-adulte-pack-complet#breadcrumb\",\"itemListElement\":[{\"@type\":\"ListItem\",\"position\":1,\"name\":\"Accueil\",\"item\":\"https:\/\/www.loisir.tiki-factory.com\/\"},{\"@type\":\"ListItem\",\"position\":2,\"name\":\"Boutique\",\"item\":\"https:\/\/www.loisir.tiki-factory.com\/en\/boutique\"},{\"@type\":\"ListItem\",\"position\":3,\"name\":\"Turtle mast adulte pack complet\"}]},{\"@type\":\"WebSite\",\"@id\":\"https:\/\/www.loisir.tiki-factory.com\/en\/#website\",\"url\":\"https:\/\/www.loisir.tiki-factory.com\/en\/\",\"name\":\"TIKI FACTORY LOISIRS\",\"description\":\"Vente de paddles et accessoires en ligne pour les loisirs\",\"publisher\":{\"@id\":\"https:\/\/www.loisir.tiki-factory.com\/en\/#organization\"},\"potentialAction\":[{\"@type\":\"SearchAction\",\"target\":{\"@type\":\"EntryPoint\",\"urlTemplate\":\"https:\/\/www.loisir.tiki-factory.com\/en\/?s={search_term_string}\"},\"query-input\":\"required name=search_term_string\"}],\"inLanguage\":\"en-GB\"},{\"@type\":\"Organization\",\"@id\":\"https:\/\/www.loisir.tiki-factory.com\/en\/#organization\",\"name\":\"TIKI FACTORY\",\"url\":\"https:\/\/www.loisir.tiki-factory.com\/en\/\",\"logo\":{\"@type\":\"ImageObject\",\"inLanguage\":\"en-GB\",\"@id\":\"https:\/\/www.loisir.tiki-factory.com\/en\/#\/schema\/logo\/image\/\",\"url\":\"https:\/\/www.loisir.tiki-factory.com\/wp-content\/uploads\/2020\/12\/image-partage-facebook-tiki-factory.jpg\",\"contentUrl\":\"https:\/\/www.loisir.tiki-factory.com\/wp-content\/uploads\/2020\/12\/image-partage-facebook-tiki-factory.jpg\",\"width\":1200,\"height\":629,\"caption\":\"TIKI FACTORY\"},\"image\":{\"@id\":\"https:\/\/www.loisir.tiki-factory.com\/en\/#\/schema\/logo\/image\/\"},\"sameAs\":[\"https:\/\/www.facebook.com\/TIKI-Factory-472166199484072\",\"https:\/\/www.youtube.com\/channel\/UCDhHkHdueO5AGNLAVD8VZsg\"]}]}<\/script>\n<!-- \/ Yoast SEO plugin. -->","yoast_head_json":{"title":"TIKI FACTORY LOISIRS ~ Turtle mast adulte pack complet","robots":{"index":"index","follow":"follow","max-snippet":"max-snippet:-1","max-image-preview":"max-image-preview:large","max-video-preview":"max-video-preview:-1"},"canonical":"https:\/\/www.loisir.tiki-factory.com\/en\/voiles-gonflables\/turtle-mast-adulte-pack-complet","og_locale":"en_GB","og_type":"article","og_title":"TIKI FACTORY LOISIRS ~ Turtle mast adulte pack complet","og_description":"VOILE OU PADDLE, LA PROPULSION HYBRIDE ID\u00c9ALE. Le pack complet comprend le sup airwind 11\u2019 + la pagaie aluminium + le sac + la pompe + le kit r\u00e9paration du sup + le gr\u00e9ement adulte turtle mast ( cf article gr\u00e9ement turtle mast adulte ).","og_url":"https:\/\/www.loisir.tiki-factory.com\/en\/voiles-gonflables\/turtle-mast-adulte-pack-complet","og_site_name":"TIKI FACTORY LOISIRS","article_publisher":"https:\/\/www.facebook.com\/TIKI-Factory-472166199484072","article_modified_time":"2026-01-14T23:04:47+00:00","og_image":[{"width":960,"height":960,"url":"https:\/\/www.loisir.tiki-factory.com\/wp-content\/uploads\/2023\/02\/turtle-mast-air-adulte-pack-complet.jpeg","type":"image\/jpeg"}],"twitter_card":"summary_large_image","twitter_misc":{"Estimated reading time":"1 minute"},"schema":{"@context":"https:\/\/schema.org","@graph":[{"@type":"WebPage","@id":"https:\/\/www.loisir.tiki-factory.com\/en\/voiles-gonflables\/turtle-mast-adulte-pack-complet","url":"https:\/\/www.loisir.tiki-factory.com\/en\/voiles-gonflables\/turtle-mast-adulte-pack-complet","name":"TIKI FACTORY LOISIRS ~ Turtle mast adulte pack complet","isPartOf":{"@id":"https:\/\/www.loisir.tiki-factory.com\/en\/#website"},"datePublished":"2023-02-15T09:16:25+00:00","dateModified":"2026-01-14T23:04:47+00:00","breadcrumb":{"@id":"https:\/\/www.loisir.tiki-factory.com\/en\/voiles-gonflables\/turtle-mast-adulte-pack-complet#breadcrumb"},"inLanguage":"en-GB","potentialAction":[{"@type":"ReadAction","target":["https:\/\/www.loisir.tiki-factory.com\/en\/voiles-gonflables\/turtle-mast-adulte-pack-complet"]}]},{"@type":"BreadcrumbList","@id":"https:\/\/www.loisir.tiki-factory.com\/en\/voiles-gonflables\/turtle-mast-adulte-pack-complet#breadcrumb","itemListElement":[{"@type":"ListItem","position":1,"name":"Accueil","item":"https:\/\/www.loisir.tiki-factory.com\/"},{"@type":"ListItem","position":2,"name":"Boutique","item":"https:\/\/www.loisir.tiki-factory.com\/en\/boutique"},{"@type":"ListItem","position":3,"name":"Turtle mast adulte pack complet"}]},{"@type":"WebSite","@id":"https:\/\/www.loisir.tiki-factory.com\/en\/#website","url":"https:\/\/www.loisir.tiki-factory.com\/en\/","name":"TIKI FACTORY LOISIRS","description":"Vente de paddles et accessoires en ligne pour les loisirs","publisher":{"@id":"https:\/\/www.loisir.tiki-factory.com\/en\/#organization"},"potentialAction":[{"@type":"SearchAction","target":{"@type":"EntryPoint","urlTemplate":"https:\/\/www.loisir.tiki-factory.com\/en\/?s={search_term_string}"},"query-input":"required name=search_term_string"}],"inLanguage":"en-GB"},{"@type":"Organization","@id":"https:\/\/www.loisir.tiki-factory.com\/en\/#organization","name":"TIKI FACTORY","url":"https:\/\/www.loisir.tiki-factory.com\/en\/","logo":{"@type":"ImageObject","inLanguage":"en-GB","@id":"https:\/\/www.loisir.tiki-factory.com\/en\/#\/schema\/logo\/image\/","url":"https:\/\/www.loisir.tiki-factory.com\/wp-content\/uploads\/2020\/12\/image-partage-facebook-tiki-factory.jpg","contentUrl":"https:\/\/www.loisir.tiki-factory.com\/wp-content\/uploads\/2020\/12\/image-partage-facebook-tiki-factory.jpg","width":1200,"height":629,"caption":"TIKI FACTORY"},"image":{"@id":"https:\/\/www.loisir.tiki-factory.com\/en\/#\/schema\/logo\/image\/"},"sameAs":["https:\/\/www.facebook.com\/TIKI-Factory-472166199484072","https:\/\/www.youtube.com\/channel\/UCDhHkHdueO5AGNLAVD8VZsg"]}]}},"_links":{"self":[{"href":"https:\/\/www.loisir.tiki-factory.com\/en\/wp-json\/wp\/v2\/product\/5115"}],"collection":[{"href":"https:\/\/www.loisir.tiki-factory.com\/en\/wp-json\/wp\/v2\/product"}],"about":[{"href":"https:\/\/www.loisir.tiki-factory.com\/en\/wp-json\/wp\/v2\/types\/product"}],"wp:featuredmedia":[{"embeddable":true,"href":"https:\/\/www.loisir.tiki-factory.com\/en\/wp-json\/wp\/v2\/media\/5098"}],"wp:attachment":[{"href":"https:\/\/www.loisir.tiki-factory.com\/en\/wp-json\/wp\/v2\/media?parent=5115"}],"wp:term":[{"taxonomy":"product_cat","embeddable":true,"href":"https:\/\/www.loisir.tiki-factory.com\/en\/wp-json\/wp\/v2\/product_cat?post=5115"},{"taxonomy":"product_tag","embeddable":true,"href":"https:\/\/www.loisir.tiki-factory.com\/en\/wp-json\/wp\/v2\/product_tag?post=5115"}],"curies":[{"name":"wp","href":"https:\/\/api.w.org\/{rel}","templated":true}]}}