{"id":5383,"date":"2024-01-10T06:32:41","date_gmt":"2024-01-10T05:32:41","guid":{"rendered":"https:\/\/www.loisir.tiki-factory.com\/?post_type=product&#038;p=5383"},"modified":"2026-02-06T16:56:29","modified_gmt":"2026-02-06T15:56:29","slug":"megascape","status":"publish","type":"product","link":"https:\/\/www.loisir.tiki-factory.com\/en\/sup-airwind-2\/megascape","title":{"rendered":"MEGASCAPE"},"content":{"rendered":"<p><span class=\"s13\">\u00a0Un <\/span><span class=\"s16\">concept unique<\/span><span class=\"s13\">\u00a0: permettre \u00e0 la fois \u00e0 des primo acc\u00e9dants aux loisirs nautiques de prendre plaisir \u00e0 naviguer sans crainte de tomber \u00e0 l\u2019eau <\/span><span class=\"s13\">. <\/span><span class=\"s13\">Proposer un support compact<\/span><span class=\"s13\">, <\/span><span class=\"s16\">facile \u00e0 mettre en \u0153uvre <\/span><span class=\"s13\">et<\/span><span class=\"s13\"> utilisable par 6 personnes . <\/span><span class=\"s13\">Mais surtout pour sa polyvalence <\/span><span class=\"s13\">c<\/span><span class=\"s13\">ar <\/span><span class=\"s13\">le programme d\u2019utilisation sera large\u00a0: <\/span><span class=\"s13\">programm<\/span><span class=\"s13\">e<\/span> <span class=\"s16\">ballade <\/span><span class=\"s16\">initiation<\/span><span class=\"s13\"> avec 4 rameurs assis renfort possible avec 2 \u00ab\u00a0gondoliers\u00a0\u00bb \u00e0 l\u2019arri\u00e8re, <\/span><span class=\"s16\">ballade sportive<\/span><span class=\"s13\"> quand les 6 rameurs se mettront en action pour partir en exploration, ou <\/span><span class=\"s16\">plateforme <\/span><span class=\"s13\">pour activit\u00e9 plong\u00e9e \/ snorkeling.<br \/>\n<span class=\"s16\">Utilisation L<\/span><span class=\"s16\">ounge<\/span> en fin de journ\u00e9e car les si\u00e8ges peuvent se mettre en \u00ab face \u00e0 face \u00bb pour un ap\u00e9ritif nautique ou une s\u00e9ance de d\u00e9tente pr\u00e8s de la plage.<\/span><\/p>\n<p><iframe loading=\"lazy\" title=\"TIKI FACTORY - MEGASCAPE 14 - fr\" width=\"980\" height=\"551\" src=\"https:\/\/www.youtube.com\/embed\/Wh3Q0Z7vPtY?feature=oembed&#038;enablejsapi=1&#038;origin=https:\/\/www.loisir.tiki-factory.com\" frameborder=\"0\" allow=\"accelerometer; autoplay; clipboard-write; encrypted-media; gyroscope; picture-in-picture; web-share\" referrerpolicy=\"strict-origin-when-cross-origin\" allowfullscreen><\/iframe><\/p>\n<p>&nbsp;<\/p>","protected":false},"excerpt":{"rendered":"<p>Planche MSL double peau avec <span class=\"s13\">zones de <\/span><span class=\"s13\">renfort <\/span><span class=\"s15\">triple peau<\/span><span class=\"s13\"> sur la car\u00e8ne et les rails.<\/span><\/p>\n<p class=\"s9\"><span class=\"s13\">Elle <\/span><span class=\"s13\">e<\/span><span class=\"s13\">s<\/span><span class=\"s13\">t <\/span><span class=\"s13\">\u00e9quip\u00e9e<\/span> <span class=\"s13\">de<\/span><span class=\"s13\"> 4 si\u00e8ges inclinables<\/span><span class=\"s13\"> permettant<\/span><span class=\"s13\"> d<\/span><span class=\"s13\">\u2019embarquer 4 personnes dans le plus grand confort, <\/span><span class=\"s13\">le pont est enti\u00e8rement recouvert de mousse EVA.<\/span><span class=\"s13\"> Possible de fixer 2 ailerons a l\u2019arri\u00e8re de la planche, ailerons fournis.<\/span><\/p>","protected":false},"featured_media":5384,"template":"","meta":[],"product_cat":[109,83],"product_tag":[],"yoast_head":"<!-- This site is optimized with the Yoast SEO plugin v21.1 - https:\/\/yoast.com\/wordpress\/plugins\/seo\/ -->\n<title>TIKI FACTORY LOISIRS ~ MEGASCAPE<\/title>\n<meta name=\"robots\" content=\"index, follow, max-snippet:-1, max-image-preview:large, max-video-preview:-1\" \/>\n<link rel=\"canonical\" href=\"https:\/\/www.loisir.tiki-factory.com\/en\/sup-airwind-2\/megascape\" \/>\n<meta property=\"og:locale\" content=\"en_GB\" \/>\n<meta property=\"og:type\" content=\"article\" \/>\n<meta property=\"og:title\" content=\"TIKI FACTORY LOISIRS ~ MEGASCAPE\" \/>\n<meta property=\"og:description\" content=\"Planche MSL double peau avec zones de renfort triple peau sur la car\u00e8ne et les rails. Elle est \u00e9quip\u00e9e de 4 si\u00e8ges inclinables permettant d\u2019embarquer 4 personnes dans le plus grand confort, le pont est enti\u00e8rement recouvert de mousse EVA. Possible de fixer 2 ailerons a l\u2019arri\u00e8re de la planche, ailerons fournis.\" \/>\n<meta property=\"og:url\" content=\"https:\/\/www.loisir.tiki-factory.com\/en\/sup-airwind-2\/megascape\" \/>\n<meta property=\"og:site_name\" content=\"TIKI FACTORY LOISIRS\" \/>\n<meta property=\"article:publisher\" content=\"https:\/\/www.facebook.com\/TIKI-Factory-472166199484072\" \/>\n<meta property=\"article:modified_time\" content=\"2026-02-06T15:56:29+00:00\" \/>\n<meta property=\"og:image\" content=\"https:\/\/www.loisir.tiki-factory.com\/wp-content\/uploads\/2024\/01\/IMG_0667.jpeg\" \/>\n\t<meta property=\"og:image:width\" content=\"960\" \/>\n\t<meta property=\"og:image:height\" content=\"960\" \/>\n\t<meta property=\"og:image:type\" content=\"image\/jpeg\" \/>\n<meta name=\"twitter:card\" content=\"summary_large_image\" \/>\n<meta name=\"twitter:label1\" content=\"Estimated reading time\" \/>\n\t<meta name=\"twitter:data1\" content=\"1 minute\" \/>\n<script type=\"application\/ld+json\" class=\"yoast-schema-graph\">{\"@context\":\"https:\/\/schema.org\",\"@graph\":[{\"@type\":\"WebPage\",\"@id\":\"https:\/\/www.loisir.tiki-factory.com\/en\/sup-airwind-2\/megascape\",\"url\":\"https:\/\/www.loisir.tiki-factory.com\/en\/sup-airwind-2\/megascape\",\"name\":\"TIKI FACTORY LOISIRS ~ MEGASCAPE\",\"isPartOf\":{\"@id\":\"https:\/\/www.loisir.tiki-factory.com\/en\/#website\"},\"datePublished\":\"2024-01-10T05:32:41+00:00\",\"dateModified\":\"2026-02-06T15:56:29+00:00\",\"breadcrumb\":{\"@id\":\"https:\/\/www.loisir.tiki-factory.com\/en\/sup-airwind-2\/megascape#breadcrumb\"},\"inLanguage\":\"en-GB\",\"potentialAction\":[{\"@type\":\"ReadAction\",\"target\":[\"https:\/\/www.loisir.tiki-factory.com\/en\/sup-airwind-2\/megascape\"]}]},{\"@type\":\"BreadcrumbList\",\"@id\":\"https:\/\/www.loisir.tiki-factory.com\/en\/sup-airwind-2\/megascape#breadcrumb\",\"itemListElement\":[{\"@type\":\"ListItem\",\"position\":1,\"name\":\"Accueil\",\"item\":\"https:\/\/www.loisir.tiki-factory.com\/\"},{\"@type\":\"ListItem\",\"position\":2,\"name\":\"Boutique\",\"item\":\"https:\/\/www.loisir.tiki-factory.com\/en\/boutique\"},{\"@type\":\"ListItem\",\"position\":3,\"name\":\"MEGASCAPE\"}]},{\"@type\":\"WebSite\",\"@id\":\"https:\/\/www.loisir.tiki-factory.com\/en\/#website\",\"url\":\"https:\/\/www.loisir.tiki-factory.com\/en\/\",\"name\":\"TIKI FACTORY LOISIRS\",\"description\":\"Vente de paddles et accessoires en ligne pour les loisirs\",\"publisher\":{\"@id\":\"https:\/\/www.loisir.tiki-factory.com\/en\/#organization\"},\"potentialAction\":[{\"@type\":\"SearchAction\",\"target\":{\"@type\":\"EntryPoint\",\"urlTemplate\":\"https:\/\/www.loisir.tiki-factory.com\/en\/?s={search_term_string}\"},\"query-input\":\"required name=search_term_string\"}],\"inLanguage\":\"en-GB\"},{\"@type\":\"Organization\",\"@id\":\"https:\/\/www.loisir.tiki-factory.com\/en\/#organization\",\"name\":\"TIKI FACTORY\",\"url\":\"https:\/\/www.loisir.tiki-factory.com\/en\/\",\"logo\":{\"@type\":\"ImageObject\",\"inLanguage\":\"en-GB\",\"@id\":\"https:\/\/www.loisir.tiki-factory.com\/en\/#\/schema\/logo\/image\/\",\"url\":\"https:\/\/www.loisir.tiki-factory.com\/wp-content\/uploads\/2020\/12\/image-partage-facebook-tiki-factory.jpg\",\"contentUrl\":\"https:\/\/www.loisir.tiki-factory.com\/wp-content\/uploads\/2020\/12\/image-partage-facebook-tiki-factory.jpg\",\"width\":1200,\"height\":629,\"caption\":\"TIKI FACTORY\"},\"image\":{\"@id\":\"https:\/\/www.loisir.tiki-factory.com\/en\/#\/schema\/logo\/image\/\"},\"sameAs\":[\"https:\/\/www.facebook.com\/TIKI-Factory-472166199484072\",\"https:\/\/www.youtube.com\/channel\/UCDhHkHdueO5AGNLAVD8VZsg\"]}]}<\/script>\n<!-- \/ Yoast SEO plugin. -->","yoast_head_json":{"title":"TIKI FACTORY LOISIRS ~ MEGASCAPE","robots":{"index":"index","follow":"follow","max-snippet":"max-snippet:-1","max-image-preview":"max-image-preview:large","max-video-preview":"max-video-preview:-1"},"canonical":"https:\/\/www.loisir.tiki-factory.com\/en\/sup-airwind-2\/megascape","og_locale":"en_GB","og_type":"article","og_title":"TIKI FACTORY LOISIRS ~ MEGASCAPE","og_description":"Planche MSL double peau avec zones de renfort triple peau sur la car\u00e8ne et les rails. Elle est \u00e9quip\u00e9e de 4 si\u00e8ges inclinables permettant d\u2019embarquer 4 personnes dans le plus grand confort, le pont est enti\u00e8rement recouvert de mousse EVA. Possible de fixer 2 ailerons a l\u2019arri\u00e8re de la planche, ailerons fournis.","og_url":"https:\/\/www.loisir.tiki-factory.com\/en\/sup-airwind-2\/megascape","og_site_name":"TIKI FACTORY LOISIRS","article_publisher":"https:\/\/www.facebook.com\/TIKI-Factory-472166199484072","article_modified_time":"2026-02-06T15:56:29+00:00","og_image":[{"width":960,"height":960,"url":"https:\/\/www.loisir.tiki-factory.com\/wp-content\/uploads\/2024\/01\/IMG_0667.jpeg","type":"image\/jpeg"}],"twitter_card":"summary_large_image","twitter_misc":{"Estimated reading time":"1 minute"},"schema":{"@context":"https:\/\/schema.org","@graph":[{"@type":"WebPage","@id":"https:\/\/www.loisir.tiki-factory.com\/en\/sup-airwind-2\/megascape","url":"https:\/\/www.loisir.tiki-factory.com\/en\/sup-airwind-2\/megascape","name":"TIKI FACTORY LOISIRS ~ MEGASCAPE","isPartOf":{"@id":"https:\/\/www.loisir.tiki-factory.com\/en\/#website"},"datePublished":"2024-01-10T05:32:41+00:00","dateModified":"2026-02-06T15:56:29+00:00","breadcrumb":{"@id":"https:\/\/www.loisir.tiki-factory.com\/en\/sup-airwind-2\/megascape#breadcrumb"},"inLanguage":"en-GB","potentialAction":[{"@type":"ReadAction","target":["https:\/\/www.loisir.tiki-factory.com\/en\/sup-airwind-2\/megascape"]}]},{"@type":"BreadcrumbList","@id":"https:\/\/www.loisir.tiki-factory.com\/en\/sup-airwind-2\/megascape#breadcrumb","itemListElement":[{"@type":"ListItem","position":1,"name":"Accueil","item":"https:\/\/www.loisir.tiki-factory.com\/"},{"@type":"ListItem","position":2,"name":"Boutique","item":"https:\/\/www.loisir.tiki-factory.com\/en\/boutique"},{"@type":"ListItem","position":3,"name":"MEGASCAPE"}]},{"@type":"WebSite","@id":"https:\/\/www.loisir.tiki-factory.com\/en\/#website","url":"https:\/\/www.loisir.tiki-factory.com\/en\/","name":"TIKI FACTORY LOISIRS","description":"Vente de paddles et accessoires en ligne pour les loisirs","publisher":{"@id":"https:\/\/www.loisir.tiki-factory.com\/en\/#organization"},"potentialAction":[{"@type":"SearchAction","target":{"@type":"EntryPoint","urlTemplate":"https:\/\/www.loisir.tiki-factory.com\/en\/?s={search_term_string}"},"query-input":"required name=search_term_string"}],"inLanguage":"en-GB"},{"@type":"Organization","@id":"https:\/\/www.loisir.tiki-factory.com\/en\/#organization","name":"TIKI FACTORY","url":"https:\/\/www.loisir.tiki-factory.com\/en\/","logo":{"@type":"ImageObject","inLanguage":"en-GB","@id":"https:\/\/www.loisir.tiki-factory.com\/en\/#\/schema\/logo\/image\/","url":"https:\/\/www.loisir.tiki-factory.com\/wp-content\/uploads\/2020\/12\/image-partage-facebook-tiki-factory.jpg","contentUrl":"https:\/\/www.loisir.tiki-factory.com\/wp-content\/uploads\/2020\/12\/image-partage-facebook-tiki-factory.jpg","width":1200,"height":629,"caption":"TIKI FACTORY"},"image":{"@id":"https:\/\/www.loisir.tiki-factory.com\/en\/#\/schema\/logo\/image\/"},"sameAs":["https:\/\/www.facebook.com\/TIKI-Factory-472166199484072","https:\/\/www.youtube.com\/channel\/UCDhHkHdueO5AGNLAVD8VZsg"]}]}},"_links":{"self":[{"href":"https:\/\/www.loisir.tiki-factory.com\/en\/wp-json\/wp\/v2\/product\/5383"}],"collection":[{"href":"https:\/\/www.loisir.tiki-factory.com\/en\/wp-json\/wp\/v2\/product"}],"about":[{"href":"https:\/\/www.loisir.tiki-factory.com\/en\/wp-json\/wp\/v2\/types\/product"}],"wp:featuredmedia":[{"embeddable":true,"href":"https:\/\/www.loisir.tiki-factory.com\/en\/wp-json\/wp\/v2\/media\/5384"}],"wp:attachment":[{"href":"https:\/\/www.loisir.tiki-factory.com\/en\/wp-json\/wp\/v2\/media?parent=5383"}],"wp:term":[{"taxonomy":"product_cat","embeddable":true,"href":"https:\/\/www.loisir.tiki-factory.com\/en\/wp-json\/wp\/v2\/product_cat?post=5383"},{"taxonomy":"product_tag","embeddable":true,"href":"https:\/\/www.loisir.tiki-factory.com\/en\/wp-json\/wp\/v2\/product_tag?post=5383"}],"curies":[{"name":"wp","href":"https:\/\/api.w.org\/{rel}","templated":true}]}}