{"id":5768,"date":"2025-03-16T14:12:36","date_gmt":"2025-03-16T13:12:36","guid":{"rendered":"https:\/\/www.loisir.tiki-factory.com\/?post_type=product&#038;p=5768"},"modified":"2025-06-14T16:39:02","modified_gmt":"2025-06-14T14:39:02","slug":"coussin-de-balcon-de-poste-de-barre","status":"publish","type":"product","link":"https:\/\/www.loisir.tiki-factory.com\/en\/nautisme\/coussin-de-balcon-de-poste-de-barre","title":{"rendered":"COUSSIN DE BALCON DE POSTE DE BARRE"},"content":{"rendered":"<div data-removefontsize=\"true\" data-originalcomputedfontsize=\"16\">Coussin balcon de poste de barre \u00a0le set droit + gauche.<\/div>\n<div data-removefontsize=\"true\" data-originalcomputedfontsize=\"16\">Grace \u00e0 cette protection barrez en toute tranquillit\u00e9 et confort.<\/div>\n<div data-removefontsize=\"true\" data-originalcomputedfontsize=\"16\">\n<p>Fabrication en Technologie DROPSTICH PVC haute r\u00e9sistance, tissage nid d\u2019abeille \u00e0 l\u2019int\u00e9rieur gr\u00e2ce \u00e0 des fils polyester, anneaux en inox.<\/p>\n<p>Innovation TIKI YACHTING pour 2025, le COUSSIN DE POSTE DE BARRE permet de s\u2019asseoir durant la navigation en toute tranquillit\u00e9 et confort. \u00a0Lors du mouillage le coussin apporte un maximum de confort sans surcharger les coffres d\u2019objets volumineux.<\/p>\n<p>Le proc\u00e9d\u00e9 et les mat\u00e9riaux sont valid\u00e9s pour une utilisation marine : r\u00e9sistance aux chocs, UV, l\u2019eau sal\u00e9e&#8230; Gonflage en 1 minute gr\u00e2ce \u00e0 une valve standard.<\/p>\n<\/div>","protected":false},"excerpt":{"rendered":"<p>Le COUSSIN DE POSTE DE BARRE permet de s\u2019asseoir durant la navigation en toute tranquillit\u00e9 et confort. \u00a0Lors du mouillage le coussin apporte un maximum de confort. Pack de 2 droit et gauche.<\/p>","protected":false},"featured_media":5769,"template":"","meta":[],"product_cat":[132],"product_tag":[],"yoast_head":"<!-- This site is optimized with the Yoast SEO plugin v21.1 - https:\/\/yoast.com\/wordpress\/plugins\/seo\/ -->\n<title>TIKI FACTORY LOISIRS ~ COUSSIN DE BALCON DE POSTE DE BARRE<\/title>\n<meta name=\"robots\" content=\"index, follow, max-snippet:-1, max-image-preview:large, max-video-preview:-1\" \/>\n<link rel=\"canonical\" href=\"https:\/\/www.loisir.tiki-factory.com\/en\/nautisme\/coussin-de-balcon-de-poste-de-barre\" \/>\n<meta property=\"og:locale\" content=\"en_GB\" \/>\n<meta property=\"og:type\" content=\"article\" \/>\n<meta property=\"og:title\" content=\"TIKI FACTORY LOISIRS ~ COUSSIN DE BALCON DE POSTE DE BARRE\" \/>\n<meta property=\"og:description\" content=\"Le COUSSIN DE POSTE DE BARRE permet de s\u2019asseoir durant la navigation en toute tranquillit\u00e9 et confort. \u00a0Lors du mouillage le coussin apporte un maximum de confort. Pack de 2 droit et gauche.\" \/>\n<meta property=\"og:url\" content=\"https:\/\/www.loisir.tiki-factory.com\/en\/nautisme\/coussin-de-balcon-de-poste-de-barre\" \/>\n<meta property=\"og:site_name\" content=\"TIKI FACTORY LOISIRS\" \/>\n<meta property=\"article:publisher\" content=\"https:\/\/www.facebook.com\/TIKI-Factory-472166199484072\" \/>\n<meta property=\"article:modified_time\" content=\"2025-06-14T14:39:02+00:00\" \/>\n<meta property=\"og:image\" content=\"https:\/\/www.loisir.tiki-factory.com\/wp-content\/uploads\/2025\/03\/IMG_1683.jpeg\" \/>\n\t<meta property=\"og:image:width\" content=\"960\" \/>\n\t<meta property=\"og:image:height\" content=\"960\" \/>\n\t<meta property=\"og:image:type\" content=\"image\/jpeg\" \/>\n<meta name=\"twitter:card\" content=\"summary_large_image\" \/>\n<meta name=\"twitter:label1\" content=\"Estimated reading time\" \/>\n\t<meta name=\"twitter:data1\" content=\"1 minute\" \/>\n<script type=\"application\/ld+json\" class=\"yoast-schema-graph\">{\"@context\":\"https:\/\/schema.org\",\"@graph\":[{\"@type\":\"WebPage\",\"@id\":\"https:\/\/www.loisir.tiki-factory.com\/en\/nautisme\/coussin-de-balcon-de-poste-de-barre\",\"url\":\"https:\/\/www.loisir.tiki-factory.com\/en\/nautisme\/coussin-de-balcon-de-poste-de-barre\",\"name\":\"TIKI FACTORY LOISIRS ~ COUSSIN DE BALCON DE POSTE DE BARRE\",\"isPartOf\":{\"@id\":\"https:\/\/www.loisir.tiki-factory.com\/en\/#website\"},\"datePublished\":\"2025-03-16T13:12:36+00:00\",\"dateModified\":\"2025-06-14T14:39:02+00:00\",\"breadcrumb\":{\"@id\":\"https:\/\/www.loisir.tiki-factory.com\/en\/nautisme\/coussin-de-balcon-de-poste-de-barre#breadcrumb\"},\"inLanguage\":\"en-GB\",\"potentialAction\":[{\"@type\":\"ReadAction\",\"target\":[\"https:\/\/www.loisir.tiki-factory.com\/en\/nautisme\/coussin-de-balcon-de-poste-de-barre\"]}]},{\"@type\":\"BreadcrumbList\",\"@id\":\"https:\/\/www.loisir.tiki-factory.com\/en\/nautisme\/coussin-de-balcon-de-poste-de-barre#breadcrumb\",\"itemListElement\":[{\"@type\":\"ListItem\",\"position\":1,\"name\":\"Accueil\",\"item\":\"https:\/\/www.loisir.tiki-factory.com\/\"},{\"@type\":\"ListItem\",\"position\":2,\"name\":\"Boutique\",\"item\":\"https:\/\/www.loisir.tiki-factory.com\/en\/boutique\"},{\"@type\":\"ListItem\",\"position\":3,\"name\":\"COUSSIN DE BALCON DE POSTE DE BARRE\"}]},{\"@type\":\"WebSite\",\"@id\":\"https:\/\/www.loisir.tiki-factory.com\/en\/#website\",\"url\":\"https:\/\/www.loisir.tiki-factory.com\/en\/\",\"name\":\"TIKI FACTORY LOISIRS\",\"description\":\"Vente de paddles et accessoires en ligne pour les loisirs\",\"publisher\":{\"@id\":\"https:\/\/www.loisir.tiki-factory.com\/en\/#organization\"},\"potentialAction\":[{\"@type\":\"SearchAction\",\"target\":{\"@type\":\"EntryPoint\",\"urlTemplate\":\"https:\/\/www.loisir.tiki-factory.com\/en\/?s={search_term_string}\"},\"query-input\":\"required name=search_term_string\"}],\"inLanguage\":\"en-GB\"},{\"@type\":\"Organization\",\"@id\":\"https:\/\/www.loisir.tiki-factory.com\/en\/#organization\",\"name\":\"TIKI FACTORY\",\"url\":\"https:\/\/www.loisir.tiki-factory.com\/en\/\",\"logo\":{\"@type\":\"ImageObject\",\"inLanguage\":\"en-GB\",\"@id\":\"https:\/\/www.loisir.tiki-factory.com\/en\/#\/schema\/logo\/image\/\",\"url\":\"https:\/\/www.loisir.tiki-factory.com\/wp-content\/uploads\/2020\/12\/image-partage-facebook-tiki-factory.jpg\",\"contentUrl\":\"https:\/\/www.loisir.tiki-factory.com\/wp-content\/uploads\/2020\/12\/image-partage-facebook-tiki-factory.jpg\",\"width\":1200,\"height\":629,\"caption\":\"TIKI FACTORY\"},\"image\":{\"@id\":\"https:\/\/www.loisir.tiki-factory.com\/en\/#\/schema\/logo\/image\/\"},\"sameAs\":[\"https:\/\/www.facebook.com\/TIKI-Factory-472166199484072\",\"https:\/\/www.youtube.com\/channel\/UCDhHkHdueO5AGNLAVD8VZsg\"]}]}<\/script>\n<!-- \/ Yoast SEO plugin. -->","yoast_head_json":{"title":"TIKI FACTORY LOISIRS ~ COUSSIN DE BALCON DE POSTE DE BARRE","robots":{"index":"index","follow":"follow","max-snippet":"max-snippet:-1","max-image-preview":"max-image-preview:large","max-video-preview":"max-video-preview:-1"},"canonical":"https:\/\/www.loisir.tiki-factory.com\/en\/nautisme\/coussin-de-balcon-de-poste-de-barre","og_locale":"en_GB","og_type":"article","og_title":"TIKI FACTORY LOISIRS ~ COUSSIN DE BALCON DE POSTE DE BARRE","og_description":"Le COUSSIN DE POSTE DE BARRE permet de s\u2019asseoir durant la navigation en toute tranquillit\u00e9 et confort. \u00a0Lors du mouillage le coussin apporte un maximum de confort. Pack de 2 droit et gauche.","og_url":"https:\/\/www.loisir.tiki-factory.com\/en\/nautisme\/coussin-de-balcon-de-poste-de-barre","og_site_name":"TIKI FACTORY LOISIRS","article_publisher":"https:\/\/www.facebook.com\/TIKI-Factory-472166199484072","article_modified_time":"2025-06-14T14:39:02+00:00","og_image":[{"width":960,"height":960,"url":"https:\/\/www.loisir.tiki-factory.com\/wp-content\/uploads\/2025\/03\/IMG_1683.jpeg","type":"image\/jpeg"}],"twitter_card":"summary_large_image","twitter_misc":{"Estimated reading time":"1 minute"},"schema":{"@context":"https:\/\/schema.org","@graph":[{"@type":"WebPage","@id":"https:\/\/www.loisir.tiki-factory.com\/en\/nautisme\/coussin-de-balcon-de-poste-de-barre","url":"https:\/\/www.loisir.tiki-factory.com\/en\/nautisme\/coussin-de-balcon-de-poste-de-barre","name":"TIKI FACTORY LOISIRS ~ COUSSIN DE BALCON DE POSTE DE BARRE","isPartOf":{"@id":"https:\/\/www.loisir.tiki-factory.com\/en\/#website"},"datePublished":"2025-03-16T13:12:36+00:00","dateModified":"2025-06-14T14:39:02+00:00","breadcrumb":{"@id":"https:\/\/www.loisir.tiki-factory.com\/en\/nautisme\/coussin-de-balcon-de-poste-de-barre#breadcrumb"},"inLanguage":"en-GB","potentialAction":[{"@type":"ReadAction","target":["https:\/\/www.loisir.tiki-factory.com\/en\/nautisme\/coussin-de-balcon-de-poste-de-barre"]}]},{"@type":"BreadcrumbList","@id":"https:\/\/www.loisir.tiki-factory.com\/en\/nautisme\/coussin-de-balcon-de-poste-de-barre#breadcrumb","itemListElement":[{"@type":"ListItem","position":1,"name":"Accueil","item":"https:\/\/www.loisir.tiki-factory.com\/"},{"@type":"ListItem","position":2,"name":"Boutique","item":"https:\/\/www.loisir.tiki-factory.com\/en\/boutique"},{"@type":"ListItem","position":3,"name":"COUSSIN DE BALCON DE POSTE DE BARRE"}]},{"@type":"WebSite","@id":"https:\/\/www.loisir.tiki-factory.com\/en\/#website","url":"https:\/\/www.loisir.tiki-factory.com\/en\/","name":"TIKI FACTORY LOISIRS","description":"Vente de paddles et accessoires en ligne pour les loisirs","publisher":{"@id":"https:\/\/www.loisir.tiki-factory.com\/en\/#organization"},"potentialAction":[{"@type":"SearchAction","target":{"@type":"EntryPoint","urlTemplate":"https:\/\/www.loisir.tiki-factory.com\/en\/?s={search_term_string}"},"query-input":"required name=search_term_string"}],"inLanguage":"en-GB"},{"@type":"Organization","@id":"https:\/\/www.loisir.tiki-factory.com\/en\/#organization","name":"TIKI FACTORY","url":"https:\/\/www.loisir.tiki-factory.com\/en\/","logo":{"@type":"ImageObject","inLanguage":"en-GB","@id":"https:\/\/www.loisir.tiki-factory.com\/en\/#\/schema\/logo\/image\/","url":"https:\/\/www.loisir.tiki-factory.com\/wp-content\/uploads\/2020\/12\/image-partage-facebook-tiki-factory.jpg","contentUrl":"https:\/\/www.loisir.tiki-factory.com\/wp-content\/uploads\/2020\/12\/image-partage-facebook-tiki-factory.jpg","width":1200,"height":629,"caption":"TIKI FACTORY"},"image":{"@id":"https:\/\/www.loisir.tiki-factory.com\/en\/#\/schema\/logo\/image\/"},"sameAs":["https:\/\/www.facebook.com\/TIKI-Factory-472166199484072","https:\/\/www.youtube.com\/channel\/UCDhHkHdueO5AGNLAVD8VZsg"]}]}},"_links":{"self":[{"href":"https:\/\/www.loisir.tiki-factory.com\/en\/wp-json\/wp\/v2\/product\/5768"}],"collection":[{"href":"https:\/\/www.loisir.tiki-factory.com\/en\/wp-json\/wp\/v2\/product"}],"about":[{"href":"https:\/\/www.loisir.tiki-factory.com\/en\/wp-json\/wp\/v2\/types\/product"}],"wp:featuredmedia":[{"embeddable":true,"href":"https:\/\/www.loisir.tiki-factory.com\/en\/wp-json\/wp\/v2\/media\/5769"}],"wp:attachment":[{"href":"https:\/\/www.loisir.tiki-factory.com\/en\/wp-json\/wp\/v2\/media?parent=5768"}],"wp:term":[{"taxonomy":"product_cat","embeddable":true,"href":"https:\/\/www.loisir.tiki-factory.com\/en\/wp-json\/wp\/v2\/product_cat?post=5768"},{"taxonomy":"product_tag","embeddable":true,"href":"https:\/\/www.loisir.tiki-factory.com\/en\/wp-json\/wp\/v2\/product_tag?post=5768"}],"curies":[{"name":"wp","href":"https:\/\/api.w.org\/{rel}","templated":true}]}}