{"id":5783,"date":"2025-03-17T19:35:18","date_gmt":"2025-03-17T18:35:18","guid":{"rendered":"https:\/\/www.loisir.tiki-factory.com\/?post_type=product&#038;p=5783"},"modified":"2026-03-03T09:16:38","modified_gmt":"2026-03-03T08:16:38","slug":"passerelle-teak","status":"publish","type":"product","link":"https:\/\/www.loisir.tiki-factory.com\/en\/nautisme\/passerelle-teak","title":{"rendered":"PASSERELLE TEAK EXCLUSIVE"},"content":{"rendered":"<div data-removefontsize=\"true\" data-originalcomputedfontsize=\"16\">\n<p>Passerelle avec rev\u00eatement teak synth\u00e9tique fabrication europ\u00e9enne.<\/p>\n<p>possibilit\u00e9 de rajouter son logo.<\/p>\n<p>On garde le gain de place, encombrement l\u00e9g\u00e8rement sup\u00e9rieur au rev\u00eatement EVA.<\/p>\n<\/div>\n<div data-removefontsize=\"true\" data-originalcomputedfontsize=\"16\">PASSERELLE 200 TEAK<\/div>\n<div data-removefontsize=\"true\" data-originalcomputedfontsize=\"16\">PASSERELLE 200 TEAK\u00a0+ LOGO<\/div>\n<div>\n<div data-removefontsize=\"true\" data-originalcomputedfontsize=\"16\">PASSERELLE 250 TEAK<\/div>\n<div data-removefontsize=\"true\" data-originalcomputedfontsize=\"16\">PASSERELLE 250 TEAK\u00a0+ LOGO<\/div>\n<div data-removefontsize=\"true\" data-originalcomputedfontsize=\"16\">PASSERELLE 300 TEAK<\/div>\n<div data-removefontsize=\"true\" data-originalcomputedfontsize=\"16\">PASSERELLE 300 TEAK\u00a0+ LOGO<\/div>\n<\/div>","protected":false},"excerpt":{"rendered":"<p>Passerelle gonflable avec rev\u00eatement teak choix de couleur possible.<br \/>\n3 tailles disponibles.<br \/>\nChoix de couleurs pour le teak synthetique.<\/p>\n<p>Attention d\u00e9lais de fabrication d\u2019environ 15 jours.<br \/>\nContactez nous pour plus de renseignements.<\/p>\n<p>&nbsp;<\/p>","protected":false},"featured_media":5790,"template":"","meta":[],"product_cat":[132],"product_tag":[],"yoast_head":"<!-- This site is optimized with the Yoast SEO plugin v21.1 - https:\/\/yoast.com\/wordpress\/plugins\/seo\/ -->\n<title>TIKI FACTORY LOISIRS ~ PASSERELLE TEAK EXCLUSIVE<\/title>\n<meta name=\"robots\" content=\"index, follow, max-snippet:-1, max-image-preview:large, max-video-preview:-1\" \/>\n<link rel=\"canonical\" href=\"https:\/\/www.loisir.tiki-factory.com\/en\/nautisme\/passerelle-teak\" \/>\n<meta property=\"og:locale\" content=\"en_GB\" \/>\n<meta property=\"og:type\" content=\"article\" \/>\n<meta property=\"og:title\" content=\"TIKI FACTORY LOISIRS ~ PASSERELLE TEAK EXCLUSIVE\" \/>\n<meta property=\"og:description\" content=\"Passerelle gonflable avec rev\u00eatement teak choix de couleur possible. 3 tailles disponibles. Choix de couleurs pour le teak synthetique.  Attention d\u00e9lais de fabrication d\u2019environ 15 jours. Contactez nous pour plus de renseignements.  &nbsp;\" \/>\n<meta property=\"og:url\" content=\"https:\/\/www.loisir.tiki-factory.com\/en\/nautisme\/passerelle-teak\" \/>\n<meta property=\"og:site_name\" content=\"TIKI FACTORY LOISIRS\" \/>\n<meta property=\"article:publisher\" content=\"https:\/\/www.facebook.com\/TIKI-Factory-472166199484072\" \/>\n<meta property=\"article:modified_time\" content=\"2026-03-03T08:16:38+00:00\" \/>\n<meta property=\"og:image\" content=\"https:\/\/www.loisir.tiki-factory.com\/wp-content\/uploads\/2025\/03\/IMG_1703.png\" \/>\n\t<meta property=\"og:image:width\" content=\"960\" \/>\n\t<meta property=\"og:image:height\" content=\"960\" \/>\n\t<meta property=\"og:image:type\" content=\"image\/png\" \/>\n<meta name=\"twitter:card\" content=\"summary_large_image\" \/>\n<meta name=\"twitter:label1\" content=\"Estimated reading time\" \/>\n\t<meta name=\"twitter:data1\" content=\"1 minute\" \/>\n<script type=\"application\/ld+json\" class=\"yoast-schema-graph\">{\"@context\":\"https:\/\/schema.org\",\"@graph\":[{\"@type\":\"WebPage\",\"@id\":\"https:\/\/www.loisir.tiki-factory.com\/en\/nautisme\/passerelle-teak\",\"url\":\"https:\/\/www.loisir.tiki-factory.com\/en\/nautisme\/passerelle-teak\",\"name\":\"TIKI FACTORY LOISIRS ~ PASSERELLE TEAK EXCLUSIVE\",\"isPartOf\":{\"@id\":\"https:\/\/www.loisir.tiki-factory.com\/en\/#website\"},\"datePublished\":\"2025-03-17T18:35:18+00:00\",\"dateModified\":\"2026-03-03T08:16:38+00:00\",\"breadcrumb\":{\"@id\":\"https:\/\/www.loisir.tiki-factory.com\/en\/nautisme\/passerelle-teak#breadcrumb\"},\"inLanguage\":\"en-GB\",\"potentialAction\":[{\"@type\":\"ReadAction\",\"target\":[\"https:\/\/www.loisir.tiki-factory.com\/en\/nautisme\/passerelle-teak\"]}]},{\"@type\":\"BreadcrumbList\",\"@id\":\"https:\/\/www.loisir.tiki-factory.com\/en\/nautisme\/passerelle-teak#breadcrumb\",\"itemListElement\":[{\"@type\":\"ListItem\",\"position\":1,\"name\":\"Accueil\",\"item\":\"https:\/\/www.loisir.tiki-factory.com\/\"},{\"@type\":\"ListItem\",\"position\":2,\"name\":\"Boutique\",\"item\":\"https:\/\/www.loisir.tiki-factory.com\/en\/boutique\"},{\"@type\":\"ListItem\",\"position\":3,\"name\":\"PASSERELLE TEAK EXCLUSIVE\"}]},{\"@type\":\"WebSite\",\"@id\":\"https:\/\/www.loisir.tiki-factory.com\/en\/#website\",\"url\":\"https:\/\/www.loisir.tiki-factory.com\/en\/\",\"name\":\"TIKI FACTORY LOISIRS\",\"description\":\"Vente de paddles et accessoires en ligne pour les loisirs\",\"publisher\":{\"@id\":\"https:\/\/www.loisir.tiki-factory.com\/en\/#organization\"},\"potentialAction\":[{\"@type\":\"SearchAction\",\"target\":{\"@type\":\"EntryPoint\",\"urlTemplate\":\"https:\/\/www.loisir.tiki-factory.com\/en\/?s={search_term_string}\"},\"query-input\":\"required name=search_term_string\"}],\"inLanguage\":\"en-GB\"},{\"@type\":\"Organization\",\"@id\":\"https:\/\/www.loisir.tiki-factory.com\/en\/#organization\",\"name\":\"TIKI FACTORY\",\"url\":\"https:\/\/www.loisir.tiki-factory.com\/en\/\",\"logo\":{\"@type\":\"ImageObject\",\"inLanguage\":\"en-GB\",\"@id\":\"https:\/\/www.loisir.tiki-factory.com\/en\/#\/schema\/logo\/image\/\",\"url\":\"https:\/\/www.loisir.tiki-factory.com\/wp-content\/uploads\/2020\/12\/image-partage-facebook-tiki-factory.jpg\",\"contentUrl\":\"https:\/\/www.loisir.tiki-factory.com\/wp-content\/uploads\/2020\/12\/image-partage-facebook-tiki-factory.jpg\",\"width\":1200,\"height\":629,\"caption\":\"TIKI FACTORY\"},\"image\":{\"@id\":\"https:\/\/www.loisir.tiki-factory.com\/en\/#\/schema\/logo\/image\/\"},\"sameAs\":[\"https:\/\/www.facebook.com\/TIKI-Factory-472166199484072\",\"https:\/\/www.youtube.com\/channel\/UCDhHkHdueO5AGNLAVD8VZsg\"]}]}<\/script>\n<!-- \/ Yoast SEO plugin. -->","yoast_head_json":{"title":"TIKI FACTORY LOISIRS ~ PASSERELLE TEAK EXCLUSIVE","robots":{"index":"index","follow":"follow","max-snippet":"max-snippet:-1","max-image-preview":"max-image-preview:large","max-video-preview":"max-video-preview:-1"},"canonical":"https:\/\/www.loisir.tiki-factory.com\/en\/nautisme\/passerelle-teak","og_locale":"en_GB","og_type":"article","og_title":"TIKI FACTORY LOISIRS ~ PASSERELLE TEAK EXCLUSIVE","og_description":"Passerelle gonflable avec rev\u00eatement teak choix de couleur possible. 3 tailles disponibles. Choix de couleurs pour le teak synthetique.  Attention d\u00e9lais de fabrication d\u2019environ 15 jours. Contactez nous pour plus de renseignements.  &nbsp;","og_url":"https:\/\/www.loisir.tiki-factory.com\/en\/nautisme\/passerelle-teak","og_site_name":"TIKI FACTORY LOISIRS","article_publisher":"https:\/\/www.facebook.com\/TIKI-Factory-472166199484072","article_modified_time":"2026-03-03T08:16:38+00:00","og_image":[{"width":960,"height":960,"url":"https:\/\/www.loisir.tiki-factory.com\/wp-content\/uploads\/2025\/03\/IMG_1703.png","type":"image\/png"}],"twitter_card":"summary_large_image","twitter_misc":{"Estimated reading time":"1 minute"},"schema":{"@context":"https:\/\/schema.org","@graph":[{"@type":"WebPage","@id":"https:\/\/www.loisir.tiki-factory.com\/en\/nautisme\/passerelle-teak","url":"https:\/\/www.loisir.tiki-factory.com\/en\/nautisme\/passerelle-teak","name":"TIKI FACTORY LOISIRS ~ PASSERELLE TEAK EXCLUSIVE","isPartOf":{"@id":"https:\/\/www.loisir.tiki-factory.com\/en\/#website"},"datePublished":"2025-03-17T18:35:18+00:00","dateModified":"2026-03-03T08:16:38+00:00","breadcrumb":{"@id":"https:\/\/www.loisir.tiki-factory.com\/en\/nautisme\/passerelle-teak#breadcrumb"},"inLanguage":"en-GB","potentialAction":[{"@type":"ReadAction","target":["https:\/\/www.loisir.tiki-factory.com\/en\/nautisme\/passerelle-teak"]}]},{"@type":"BreadcrumbList","@id":"https:\/\/www.loisir.tiki-factory.com\/en\/nautisme\/passerelle-teak#breadcrumb","itemListElement":[{"@type":"ListItem","position":1,"name":"Accueil","item":"https:\/\/www.loisir.tiki-factory.com\/"},{"@type":"ListItem","position":2,"name":"Boutique","item":"https:\/\/www.loisir.tiki-factory.com\/en\/boutique"},{"@type":"ListItem","position":3,"name":"PASSERELLE TEAK EXCLUSIVE"}]},{"@type":"WebSite","@id":"https:\/\/www.loisir.tiki-factory.com\/en\/#website","url":"https:\/\/www.loisir.tiki-factory.com\/en\/","name":"TIKI FACTORY LOISIRS","description":"Vente de paddles et accessoires en ligne pour les loisirs","publisher":{"@id":"https:\/\/www.loisir.tiki-factory.com\/en\/#organization"},"potentialAction":[{"@type":"SearchAction","target":{"@type":"EntryPoint","urlTemplate":"https:\/\/www.loisir.tiki-factory.com\/en\/?s={search_term_string}"},"query-input":"required name=search_term_string"}],"inLanguage":"en-GB"},{"@type":"Organization","@id":"https:\/\/www.loisir.tiki-factory.com\/en\/#organization","name":"TIKI FACTORY","url":"https:\/\/www.loisir.tiki-factory.com\/en\/","logo":{"@type":"ImageObject","inLanguage":"en-GB","@id":"https:\/\/www.loisir.tiki-factory.com\/en\/#\/schema\/logo\/image\/","url":"https:\/\/www.loisir.tiki-factory.com\/wp-content\/uploads\/2020\/12\/image-partage-facebook-tiki-factory.jpg","contentUrl":"https:\/\/www.loisir.tiki-factory.com\/wp-content\/uploads\/2020\/12\/image-partage-facebook-tiki-factory.jpg","width":1200,"height":629,"caption":"TIKI FACTORY"},"image":{"@id":"https:\/\/www.loisir.tiki-factory.com\/en\/#\/schema\/logo\/image\/"},"sameAs":["https:\/\/www.facebook.com\/TIKI-Factory-472166199484072","https:\/\/www.youtube.com\/channel\/UCDhHkHdueO5AGNLAVD8VZsg"]}]}},"_links":{"self":[{"href":"https:\/\/www.loisir.tiki-factory.com\/en\/wp-json\/wp\/v2\/product\/5783"}],"collection":[{"href":"https:\/\/www.loisir.tiki-factory.com\/en\/wp-json\/wp\/v2\/product"}],"about":[{"href":"https:\/\/www.loisir.tiki-factory.com\/en\/wp-json\/wp\/v2\/types\/product"}],"wp:featuredmedia":[{"embeddable":true,"href":"https:\/\/www.loisir.tiki-factory.com\/en\/wp-json\/wp\/v2\/media\/5790"}],"wp:attachment":[{"href":"https:\/\/www.loisir.tiki-factory.com\/en\/wp-json\/wp\/v2\/media?parent=5783"}],"wp:term":[{"taxonomy":"product_cat","embeddable":true,"href":"https:\/\/www.loisir.tiki-factory.com\/en\/wp-json\/wp\/v2\/product_cat?post=5783"},{"taxonomy":"product_tag","embeddable":true,"href":"https:\/\/www.loisir.tiki-factory.com\/en\/wp-json\/wp\/v2\/product_tag?post=5783"}],"curies":[{"name":"wp","href":"https:\/\/api.w.org\/{rel}","templated":true}]}}